{"id":776809,"date":"2025-10-06T00:20:37","date_gmt":"2025-10-05T21:20:37","guid":{"rendered":"https:\/\/roveyayinevi.com.tr\/index.php\/urun\/hareketli-minikler-muhtesem-tatil-ciltli\/"},"modified":"2026-04-15T03:42:31","modified_gmt":"2026-04-15T00:42:31","slug":"hareketli-minikler-muhtesem-tatil-ciltli","status":"publish","type":"product","link":"https:\/\/roveyayinevi.com.tr\/index.php\/urun\/hareketli-minikler-muhtesem-tatil-ciltli\/","title":{"rendered":"Hareketli Minikler: Muhte\u015fem Tatil (Ciltli)"},"content":{"rendered":"<p>Hareketli MiniklerMuhte\u015fem TatilMuhte\u015fem yaz tatili maceras\u0131na sizde kat\u0131l\u0131n!Reng\u00e2renk sahneler, hareketli mekanizmalar ve dokunma hissi veren \u00f6zel b\u00f6l\u00fcmlerle \u00e7ocuklar\u0131n\u0131z\u0131 ke\u015fif dolu bir yolculu\u011fa \u00e7\u0131kar\u0131n. Her sayfas\u0131nda yeni bir s\u00fcrpriz, her hareketinde geli\u015fen beceriler var.Kazan\u0131mlar: Problem \u00e7\u00f6zme, \u0130nce motor geli\u015fimi, Duyusal fark\u0131ndal\u0131k, Dokun &amp; ke\u015ffet deneyimi, Hayal g\u00fcc\u00fc, G\u00f6rsel alg\u0131.Kayd\u0131r, \u00c7evir, D\u00f6nd\u00fcr, \u00c7ek 10 Farkl\u0131 HareketOkul \u00f6ncesi \u00e7a\u011fdaki \u00e7ocuklar i\u00e7in m\u00fckemmel bir ilk bilgi kitab\u0131<\/p>\n","protected":false},"excerpt":{"rendered":"<p>Hareketli MiniklerMuhte\u015fem TatilMuhte\u015fem yaz tatili maceras\u0131na sizde kat\u0131l\u0131n!Reng\u00e2renk sahneler, hareketli mekanizmalar ve dokunma hissi veren \u00f6zel b\u00f6l\u00fcmlerle \u00e7ocuklar\u0131n\u0131z\u0131 ke\u015fif dolu bir yolculu\u011fa \u00e7\u0131kar\u0131n. Her sayfas\u0131nda yeni<span class=\"excerpt-hellip\"> [\u2026]<\/span><\/p>\n","protected":false},"featured_media":0,"template":"","meta":{"_monsterinsights_skip_tracking":false,"_monsterinsights_sitenote_active":false,"_monsterinsights_sitenote_note":"","_monsterinsights_sitenote_category":0},"product_brand":[],"product_cat":[12274,12518],"product_tag":[],"class_list":{"0":"post-776809","1":"product","2":"type-product","3":"status-publish","5":"product_cat-cocuk-ve-genclik-kitaplari","6":"product_cat-okul-oncesi-kitaplar","7":"pa_cilt-ciltli","8":"pa_tur-kitap","9":"pa_yayinevi-ucan-fil-yayinlari","10":"pa_yazar-kolektif","12":"first","13":"instock","14":"sale","15":"shipping-taxable","16":"purchasable","17":"product-type-simple"},"_links":{"self":[{"href":"https:\/\/roveyayinevi.com.tr\/index.php\/wp-json\/wp\/v2\/product\/776809","targetHints":{"allow":["GET"]}}],"collection":[{"href":"https:\/\/roveyayinevi.com.tr\/index.php\/wp-json\/wp\/v2\/product"}],"about":[{"href":"https:\/\/roveyayinevi.com.tr\/index.php\/wp-json\/wp\/v2\/types\/product"}],"wp:attachment":[{"href":"https:\/\/roveyayinevi.com.tr\/index.php\/wp-json\/wp\/v2\/media?parent=776809"}],"wp:term":[{"taxonomy":"product_brand","embeddable":true,"href":"https:\/\/roveyayinevi.com.tr\/index.php\/wp-json\/wp\/v2\/product_brand?post=776809"},{"taxonomy":"product_cat","embeddable":true,"href":"https:\/\/roveyayinevi.com.tr\/index.php\/wp-json\/wp\/v2\/product_cat?post=776809"},{"taxonomy":"product_tag","embeddable":true,"href":"https:\/\/roveyayinevi.com.tr\/index.php\/wp-json\/wp\/v2\/product_tag?post=776809"}],"curies":[{"name":"wp","href":"https:\/\/api.w.org\/{rel}","templated":true}]}}