{"id":776808,"date":"2025-10-06T00:20:35","date_gmt":"2025-10-05T21:20:35","guid":{"rendered":"https:\/\/roveyayinevi.com.tr\/index.php\/urun\/hareketli-minikler-muhtesem-uzay-ciltli\/"},"modified":"2026-04-15T03:42:31","modified_gmt":"2026-04-15T00:42:31","slug":"hareketli-minikler-muhtesem-uzay-ciltli","status":"publish","type":"product","link":"https:\/\/roveyayinevi.com.tr\/index.php\/urun\/hareketli-minikler-muhtesem-uzay-ciltli\/","title":{"rendered":"Hareketli Minikler: Muhte\u015fem Uzay (Ciltli)"},"content":{"rendered":"<p>Hareketli MiniklerMuhte\u015fem UzayMuhte\u015fem uzay maceras\u0131na sizde kat\u0131l\u0131n!Roketler, gezegenler ve y\u0131ld\u0131zlarla dolu bir ke\u015fif ser\u00fcvenine \u00e7\u0131k\u0131n! \u00c7ocuklar hareketli mekanizmalarla uzay\u0131 ke\u015ffederken \u00f6\u011frenmenin ne kadar e\u011flenceli oldu\u011funu g\u00f6recek.Kazan\u0131mlar: Problem \u00e7\u00f6zme \u0130nce motor geli\u015fimiBilim sevgisiDokun &amp; ke\u015ffet deneyimiHayal g\u00fcc\u00fc G\u00f6rsel alg\u0131Kayd\u0131r, \u00c7evir, D\u00f6nd\u00fcr, \u00c7ek 10 Farkl\u0131 HareketOkul \u00f6ncesi \u00e7a\u011fdaki \u00e7ocuklar i\u00e7in m\u00fckemmel bir ilk bilgi kitab\u0131<\/p>\n","protected":false},"excerpt":{"rendered":"<p>Hareketli MiniklerMuhte\u015fem UzayMuhte\u015fem uzay maceras\u0131na sizde kat\u0131l\u0131n!Roketler, gezegenler ve y\u0131ld\u0131zlarla dolu bir ke\u015fif ser\u00fcvenine \u00e7\u0131k\u0131n! \u00c7ocuklar hareketli mekanizmalarla uzay\u0131 ke\u015ffederken \u00f6\u011frenmenin ne kadar e\u011flenceli oldu\u011funu g\u00f6recek.Kazan\u0131mlar:<span class=\"excerpt-hellip\"> [\u2026]<\/span><\/p>\n","protected":false},"featured_media":0,"template":"","meta":{"_monsterinsights_skip_tracking":false,"_monsterinsights_sitenote_active":false,"_monsterinsights_sitenote_note":"","_monsterinsights_sitenote_category":0},"product_brand":[],"product_cat":[12274,12518],"product_tag":[],"class_list":{"0":"post-776808","1":"product","2":"type-product","3":"status-publish","5":"product_cat-cocuk-ve-genclik-kitaplari","6":"product_cat-okul-oncesi-kitaplar","7":"pa_cilt-ciltli","8":"pa_tur-kitap","9":"pa_yayinevi-ucan-fil-yayinlari","10":"pa_yazar-kolektif","12":"first","13":"instock","14":"sale","15":"shipping-taxable","16":"purchasable","17":"product-type-simple"},"_links":{"self":[{"href":"https:\/\/roveyayinevi.com.tr\/index.php\/wp-json\/wp\/v2\/product\/776808","targetHints":{"allow":["GET"]}}],"collection":[{"href":"https:\/\/roveyayinevi.com.tr\/index.php\/wp-json\/wp\/v2\/product"}],"about":[{"href":"https:\/\/roveyayinevi.com.tr\/index.php\/wp-json\/wp\/v2\/types\/product"}],"wp:attachment":[{"href":"https:\/\/roveyayinevi.com.tr\/index.php\/wp-json\/wp\/v2\/media?parent=776808"}],"wp:term":[{"taxonomy":"product_brand","embeddable":true,"href":"https:\/\/roveyayinevi.com.tr\/index.php\/wp-json\/wp\/v2\/product_brand?post=776808"},{"taxonomy":"product_cat","embeddable":true,"href":"https:\/\/roveyayinevi.com.tr\/index.php\/wp-json\/wp\/v2\/product_cat?post=776808"},{"taxonomy":"product_tag","embeddable":true,"href":"https:\/\/roveyayinevi.com.tr\/index.php\/wp-json\/wp\/v2\/product_tag?post=776808"}],"curies":[{"name":"wp","href":"https:\/\/api.w.org\/{rel}","templated":true}]}}