{"id":776807,"date":"2025-10-06T00:20:32","date_gmt":"2025-10-05T21:20:32","guid":{"rendered":"https:\/\/roveyayinevi.com.tr\/index.php\/urun\/bul-ve-goster-ciftlik-kasifleri\/"},"modified":"2026-04-15T03:42:31","modified_gmt":"2026-04-15T00:42:31","slug":"bul-ve-goster-ciftlik-kasifleri","status":"publish","type":"product","link":"https:\/\/roveyayinevi.com.tr\/index.php\/urun\/bul-ve-goster-ciftlik-kasifleri\/","title":{"rendered":"Bul ve G\u00f6ster: \u00c7iftlik Ka\u015fifleri"},"content":{"rendered":"<p>Bul ve G\u00f6ster \u00c7iftlik K\u00e2\u015fifleriSabah\u0131n erken saatlerinde horozun \u00f6t\u00fc\u015f\u00fcyle ba\u015flayan \u00e7iftlik hayat\u0131 bu kitapta canlan\u0131yor! Tarlalarda \u00e7al\u0131\u015fan \u00e7ift\u00e7iler, ah\u0131rdaki sevimli hayvanlar, bah\u00e7edeki meyve ve sebzeler\u2026 Minikler sayfalarda saklanan detaylar\u0131 bulup pencereleri kald\u0131rarak \u00e7iftlik ya\u015fam\u0131n\u0131n s\u00fcrprizlerini ortaya \u00e7\u0131karacak. Hem do\u011fay\u0131 hem de hayvanlar\u0131 tan\u0131tan bu keyifli kitap, \u00e7ocuklar\u0131n ke\u015fif duygusunu g\u00fc\u00e7lendirirken \u00f6\u011frenmeyi de e\u011flenceli hale getiriyor.\u00d6\u011frenme Becerileri:Kelime \u00d6\u011fren\u0130nce Motor BecerileriDinle ve \u00d6\u011frenD\u00fcnyay\u0131 Ke\u015ffet <\/p>\n","protected":false},"excerpt":{"rendered":"<p>Bul ve G\u00f6ster \u00c7iftlik K\u00e2\u015fifleriSabah\u0131n erken saatlerinde horozun \u00f6t\u00fc\u015f\u00fcyle ba\u015flayan \u00e7iftlik hayat\u0131 bu kitapta canlan\u0131yor! Tarlalarda \u00e7al\u0131\u015fan \u00e7ift\u00e7iler, ah\u0131rdaki sevimli hayvanlar, bah\u00e7edeki meyve ve sebzeler\u2026 Minikler<span class=\"excerpt-hellip\"> [\u2026]<\/span><\/p>\n","protected":false},"featured_media":0,"template":"","meta":{"_monsterinsights_skip_tracking":false,"_monsterinsights_sitenote_active":false,"_monsterinsights_sitenote_note":"","_monsterinsights_sitenote_category":0},"product_brand":[],"product_cat":[12274,12518],"product_tag":[],"class_list":{"0":"post-776807","1":"product","2":"type-product","3":"status-publish","5":"product_cat-cocuk-ve-genclik-kitaplari","6":"product_cat-okul-oncesi-kitaplar","7":"pa_cilt-ciltli","8":"pa_tur-kitap","9":"pa_yayinevi-ucan-fil-yayinlari","10":"pa_yazar-kolektif","12":"first","13":"instock","14":"sale","15":"shipping-taxable","16":"purchasable","17":"product-type-simple"},"_links":{"self":[{"href":"https:\/\/roveyayinevi.com.tr\/index.php\/wp-json\/wp\/v2\/product\/776807","targetHints":{"allow":["GET"]}}],"collection":[{"href":"https:\/\/roveyayinevi.com.tr\/index.php\/wp-json\/wp\/v2\/product"}],"about":[{"href":"https:\/\/roveyayinevi.com.tr\/index.php\/wp-json\/wp\/v2\/types\/product"}],"wp:attachment":[{"href":"https:\/\/roveyayinevi.com.tr\/index.php\/wp-json\/wp\/v2\/media?parent=776807"}],"wp:term":[{"taxonomy":"product_brand","embeddable":true,"href":"https:\/\/roveyayinevi.com.tr\/index.php\/wp-json\/wp\/v2\/product_brand?post=776807"},{"taxonomy":"product_cat","embeddable":true,"href":"https:\/\/roveyayinevi.com.tr\/index.php\/wp-json\/wp\/v2\/product_cat?post=776807"},{"taxonomy":"product_tag","embeddable":true,"href":"https:\/\/roveyayinevi.com.tr\/index.php\/wp-json\/wp\/v2\/product_tag?post=776807"}],"curies":[{"name":"wp","href":"https:\/\/api.w.org\/{rel}","templated":true}]}}