{"id":776806,"date":"2025-10-06T00:20:19","date_gmt":"2025-10-05T21:20:19","guid":{"rendered":"https:\/\/roveyayinevi.com.tr\/index.php\/urun\/cocuk-bilmeceleri-2\/"},"modified":"2026-04-14T03:39:46","modified_gmt":"2026-04-14T00:39:46","slug":"cocuk-bilmeceleri-2","status":"publish","type":"product","link":"https:\/\/roveyayinevi.com.tr\/index.php\/urun\/cocuk-bilmeceleri-2\/","title":{"rendered":"\u00c7ocuk Bilmeceleri"},"content":{"rendered":"<p>\u0130\u00e7i dolu bir d\u00fcnya Rehber olur sana o anda Seversen en sad\u0131k dost olur. T\u00fcm s\u0131rlar\u0131n\u0131 anlat\u0131r bir anda. (Kitap)   Bilmeceleri her ya\u015ftan insan \u00e7ok sever. \u00c7\u00fcnk\u00fc bilmeceler; \u00f6\u011fretirken e\u011flendirir, e\u011flendirirken de \u00f6\u011fretir. \u00d6zellikle de \u00e7ocuklar i\u00e7in \u00e7ok faydal\u0131d\u0131r. Ele\u015ftirisel d\u00fc\u015f\u00fcnme yetene\u011finin g\u00fc\u00e7lenmesini, odaklanma ve koordinasyon g\u00fcc\u00fcn\u00fcn artmas\u0131n\u0131, dil ve kelime da\u011farc\u0131\u011f\u0131n\u0131n geli\u015fmesini sa\u011flayarak kaliteli zaman ge\u00e7irilmesine de yard\u0131mc\u0131 olacakt\u0131r. \u0130\u00e7erisinde 250 adet bilmece olan \u00c7ocuk Bilmeceleri kitab\u0131n\u0131 okuyarak e\u011flenmeye haz\u0131rsan\u0131z, ba\u015flayal\u0131m m\u0131? <\/p>\n","protected":false},"excerpt":{"rendered":"<p>\u0130\u00e7i dolu bir d\u00fcnya Rehber olur sana o anda Seversen en sad\u0131k dost olur. T\u00fcm s\u0131rlar\u0131n\u0131 anlat\u0131r bir anda. (Kitap) Bilmeceleri her ya\u015ftan insan \u00e7ok sever.<span class=\"excerpt-hellip\"> [\u2026]<\/span><\/p>\n","protected":false},"featured_media":0,"template":"","meta":{"_monsterinsights_skip_tracking":false,"_monsterinsights_sitenote_active":false,"_monsterinsights_sitenote_note":"","_monsterinsights_sitenote_category":0},"product_brand":[],"product_cat":[12492,12274],"product_tag":[],"class_list":{"0":"post-776806","1":"product","2":"type-product","3":"status-publish","5":"product_cat-bilmece-bulmaca","6":"product_cat-cocuk-ve-genclik-kitaplari","7":"pa_cilt-ciltsiz","8":"pa_tur-kitap","9":"pa_yayinevi-gulnar-yayinlari","10":"pa_yazar-ilknur-artug","12":"first","13":"instock","14":"sale","15":"shipping-taxable","16":"purchasable","17":"product-type-simple"},"_links":{"self":[{"href":"https:\/\/roveyayinevi.com.tr\/index.php\/wp-json\/wp\/v2\/product\/776806","targetHints":{"allow":["GET"]}}],"collection":[{"href":"https:\/\/roveyayinevi.com.tr\/index.php\/wp-json\/wp\/v2\/product"}],"about":[{"href":"https:\/\/roveyayinevi.com.tr\/index.php\/wp-json\/wp\/v2\/types\/product"}],"wp:attachment":[{"href":"https:\/\/roveyayinevi.com.tr\/index.php\/wp-json\/wp\/v2\/media?parent=776806"}],"wp:term":[{"taxonomy":"product_brand","embeddable":true,"href":"https:\/\/roveyayinevi.com.tr\/index.php\/wp-json\/wp\/v2\/product_brand?post=776806"},{"taxonomy":"product_cat","embeddable":true,"href":"https:\/\/roveyayinevi.com.tr\/index.php\/wp-json\/wp\/v2\/product_cat?post=776806"},{"taxonomy":"product_tag","embeddable":true,"href":"https:\/\/roveyayinevi.com.tr\/index.php\/wp-json\/wp\/v2\/product_tag?post=776806"}],"curies":[{"name":"wp","href":"https:\/\/api.w.org\/{rel}","templated":true}]}}