{"id":776805,"date":"2025-10-06T00:20:13","date_gmt":"2025-10-05T21:20:13","guid":{"rendered":"https:\/\/roveyayinevi.com.tr\/index.php\/urun\/musluman-barut-imparatorluklari\/"},"modified":"2026-04-15T03:42:29","modified_gmt":"2026-04-15T00:42:29","slug":"musluman-barut-imparatorluklari","status":"publish","type":"product","link":"https:\/\/roveyayinevi.com.tr\/index.php\/urun\/musluman-barut-imparatorluklari\/","title":{"rendered":"M\u00fcsl\u00fcman Barut \u0130mparatorluklar\u0131"},"content":{"rendered":"<p>\u201cStreusand; Osmanl\u0131, Safev\u00ee ve B\u00e2b\u00fcr imparatorluklar\u0131n\u0131n asker\u00ee ve siyasi tarihlerini ve kurumlar\u0131n\u0131 ustal\u0131kla yeniden ele al\u0131yor. D\u00f6n\u00fc\u015f\u00fcm s\u00fcre\u00e7lerini ayr\u0131nt\u0131lar\u0131yla \u00e7\u00f6z\u00fcmleyerek bu farkl\u0131 sonu\u00e7lar\u0131 yaln\u0131zca uzmanlar i\u00e7in de\u011fil genel okuyucular i\u00e7in de anla\u015f\u0131l\u0131r k\u0131l\u0131yor. Bu kitap d\u00fcnya tarihi, erken modern d\u00f6nem veya Ortado\u011fu tarihi dersleri ile imparatorluklar\u0131n siyasi sosyolojisini anlamak i\u00e7in birebir.\u201d (Prof. Linda T. Darling, Arizona \u00dcniversitesi)   \u201cDouglas Streusand, erken modern d\u00f6nemin M\u00fcsl\u00fcman barut imparatorluklar\u0131na dair Marshall Hodgson\u2019un \u00f6nc\u00fc \u00e7al\u0131\u015fmas\u0131n\u0131 parlak bir \u015fekilde tamamlam\u0131\u015f, geli\u015ftirmi\u015f ve g\u00fcncellemi\u015f. Bu kitap, \u00f6zellikle siyasi ve asker\u00ee yap\u0131lara odaklanan erken modern d\u00fcnya tarihi \u00f6\u011frencileri i\u00e7in kesinlikle okunmas\u0131 gereken bir kaynak.\u201d (Em. Prof. Alfred J. Andrea, World History Association Eski Ba\u015fkan\u0131)   \u201cBu kitap, M\u00fcsl\u00fcman barut imparatorluklar\u0131na dair \u015fimdiye kadar yaz\u0131lm\u0131\u015f en iyi anlat\u0131 ve muhtemelen uzun s\u00fcre de \u00f6yle kalacak. Siyasi ve asker\u00ee tarihin ana hatlar\u0131n\u0131 anla\u015f\u0131l\u0131r ve okunabilir bir \u015fekilde sunmas\u0131 itibariyle, Mo\u011fol sonras\u0131 d\u00f6nemin M\u00fcsl\u00fcman imparatorluklar\u0131n\u0131 ele alan denemeler aras\u0131nda a\u00e7\u0131k ara en ba\u015far\u0131l\u0131s\u0131. Streusand\u2019\u0131n bu kitap i\u00e7in harcad\u0131\u011f\u0131 yirmi y\u0131la de\u011fdi\u011fine hi\u00e7 \u015f\u00fcphe yok.\u201d (Journal of Central Eurasian Studies)   Erken modern d\u00fcnyan\u0131n \u00fc\u00e7 b\u00fcy\u00fck M\u00fcsl\u00fcman imparatorlu\u011fu Osmanl\u0131lar, Safev\u00eeler ve B\u00e2b\u00fcrl\u00fcler asker\u00ee g\u00fc\u00e7leri, siyasi ideolojileri, kurumsal yap\u0131lar\u0131 ve ekonomik dinamikleriyle \u00e7a\u011flar\u0131n\u0131 \u015fekillendirdiler. Douglas Streusand, bu \u00e7al\u0131\u015fmas\u0131nda s\u00f6z konusu \u00fc\u00e7 imparatorlu\u011fu kar\u015f\u0131la\u015ft\u0131rmal\u0131 bir bak\u0131\u015fla ele al\u0131yor; k\u00f6kenlerini, y\u00fckseli\u015flerini ve \u00e7\u00f6k\u00fc\u015f sebeplerini titizlikle analiz ediyor.   Streusand, Atlas k\u0131y\u0131lar\u0131ndan Malakka Bo\u011faz\u0131\u2019na uzanan b\u00fct\u00fcnle\u015fik bir uluslararas\u0131 sistemin par\u00e7as\u0131 olarak bu imparatorluklar\u0131n nas\u0131l etkile\u015fim i\u00e7inde olduklar\u0131n\u0131, hangi \u00e7at\u0131\u015fmalara s\u00fcr\u00fcklendiklerini ve hangi ba\u011flant\u0131larla g\u00fc\u00e7lendiklerini g\u00f6zler \u00f6n\u00fcne seriyor. \u0130sl\u00e2m\u2019\u0131 bu devletlerin \u00e7ok y\u00f6nl\u00fc siyasi ve k\u00fclt\u00fcrel dokusunun yaln\u0131zca bir unsuru olarak ele alarak, onlar\u0131 tek boyutlu alg\u0131lardan kurtar\u0131yor.<\/p>\n","protected":false},"excerpt":{"rendered":"<p>\u201cStreusand; Osmanl\u0131, Safev\u00ee ve B\u00e2b\u00fcr imparatorluklar\u0131n\u0131n asker\u00ee ve siyasi tarihlerini ve kurumlar\u0131n\u0131 ustal\u0131kla yeniden ele al\u0131yor. D\u00f6n\u00fc\u015f\u00fcm s\u00fcre\u00e7lerini ayr\u0131nt\u0131lar\u0131yla \u00e7\u00f6z\u00fcmleyerek bu farkl\u0131 sonu\u00e7lar\u0131 yaln\u0131zca uzmanlar i\u00e7in<span class=\"excerpt-hellip\"> [\u2026]<\/span><\/p>\n","protected":false},"featured_media":0,"template":"","meta":{"_monsterinsights_skip_tracking":false,"_monsterinsights_sitenote_active":false,"_monsterinsights_sitenote_note":"","_monsterinsights_sitenote_category":0},"product_brand":[],"product_cat":[12370,12304],"product_tag":[],"class_list":{"0":"post-776805","1":"product","2":"type-product","3":"status-publish","5":"product_cat-arastirma-inceleme","6":"product_cat-tarih","7":"pa_cilt-ciltsiz","8":"pa_tur-kitap","9":"pa_yayinevi-ketebe-yayinlari","10":"pa_yazar-douglas-e-streusand","12":"first","13":"instock","14":"sale","15":"shipping-taxable","16":"purchasable","17":"product-type-simple"},"_links":{"self":[{"href":"https:\/\/roveyayinevi.com.tr\/index.php\/wp-json\/wp\/v2\/product\/776805","targetHints":{"allow":["GET"]}}],"collection":[{"href":"https:\/\/roveyayinevi.com.tr\/index.php\/wp-json\/wp\/v2\/product"}],"about":[{"href":"https:\/\/roveyayinevi.com.tr\/index.php\/wp-json\/wp\/v2\/types\/product"}],"wp:attachment":[{"href":"https:\/\/roveyayinevi.com.tr\/index.php\/wp-json\/wp\/v2\/media?parent=776805"}],"wp:term":[{"taxonomy":"product_brand","embeddable":true,"href":"https:\/\/roveyayinevi.com.tr\/index.php\/wp-json\/wp\/v2\/product_brand?post=776805"},{"taxonomy":"product_cat","embeddable":true,"href":"https:\/\/roveyayinevi.com.tr\/index.php\/wp-json\/wp\/v2\/product_cat?post=776805"},{"taxonomy":"product_tag","embeddable":true,"href":"https:\/\/roveyayinevi.com.tr\/index.php\/wp-json\/wp\/v2\/product_tag?post=776805"}],"curies":[{"name":"wp","href":"https:\/\/api.w.org\/{rel}","templated":true}]}}