{"id":776804,"date":"2025-10-06T00:19:56","date_gmt":"2025-10-05T21:19:56","guid":{"rendered":"https:\/\/roveyayinevi.com.tr\/index.php\/urun\/haberden-kacinmak\/"},"modified":"2026-04-15T03:42:27","modified_gmt":"2026-04-15T00:42:27","slug":"haberden-kacinmak","status":"publish","type":"product","link":"https:\/\/roveyayinevi.com.tr\/index.php\/urun\/haberden-kacinmak\/","title":{"rendered":"Haberden Ka\u00e7\u0131nmak"},"content":{"rendered":"<p>Bu c\u0327arp\u0131c\u0131 kitap, haber bollug\u0306una rag\u0306men milyonlarca insan\u0131n neden bilinc\u0327li olarak haberlerden uzak durdug\u0306unu sorguluyor. I\u0307spanya, Birles\u0327ik Krall\u0131k ve ABD\u2019de yap\u0131lan saha aras\u0327t\u0131rmalar\u0131na dayanan c\u0327al\u0131s\u0327ma, haberden kac\u0327\u0131nanlar\u0131n yaln\u0131zca ic\u0327erig\u0306e deg\u0306il; kimlig\u0306e, ideolojiye ve medya altyap\u0131s\u0131na dayal\u0131 sebeplerle bu tercihi yapt\u0131g\u0306\u0131n\u0131 ortaya koyuyor.  Haberleri takip etmeyenler gerc\u0327ekten bilgisiz mi, yoksa bilinc\u0327li bir durus\u0327 mu sergiliyorlar? Geleneksel gazetecilik, neden baz\u0131 kesimlerde yabanc\u0131las\u0327ma yarat\u0131yor? Bu sorular etraf\u0131nda s\u0327ekillenen Haberden Kac\u0327\u0131nmak, kamuoyundan uzaklas\u0327an gruplar\u0131n bilgiye nas\u0131l eris\u0327tig\u0306ini ve medyaya dair kendi &#8220;halk teorileri&#8221;ni nas\u0131l olus\u0327turdug\u0306unu irdeliyor.  Profesyonel gazetecilik ile al\u0131c\u0131 kitle aras\u0131ndaki kopus\u0327u anlamak isteyen herkes ic\u0327in k\u0131lavuz nitelig\u0306inde olan bu c\u0327al\u0131s\u0327ma, habersizlikle derinles\u0327en es\u0327itsizlikleri go\u0308zler o\u0308nu\u0308ne seriyor ve yeni bir medya anlay\u0131s\u0327\u0131na kap\u0131 aral\u0131yor.<\/p>\n","protected":false},"excerpt":{"rendered":"<p>Bu c\u0327arp\u0131c\u0131 kitap, haber bollug\u0306una rag\u0306men milyonlarca insan\u0131n neden bilinc\u0327li olarak haberlerden uzak durdug\u0306unu sorguluyor. I\u0307spanya, Birles\u0327ik Krall\u0131k ve ABD\u2019de yap\u0131lan saha aras\u0327t\u0131rmalar\u0131na dayanan c\u0327al\u0131s\u0327ma, haberden<span class=\"excerpt-hellip\"> [\u2026]<\/span><\/p>\n","protected":false},"featured_media":0,"template":"","meta":{"_monsterinsights_skip_tracking":false,"_monsterinsights_sitenote_active":false,"_monsterinsights_sitenote_note":"","_monsterinsights_sitenote_category":0},"product_brand":[],"product_cat":[15983,13488],"product_tag":[],"class_list":{"0":"post-776804","1":"product","2":"type-product","3":"status-publish","5":"product_cat-iletisim-ve-medya","6":"product_cat-toplum-ve-insan","7":"pa_cilt-ciltsiz","8":"pa_tur-kitap","9":"pa_yayinevi-anadolu-ajansi-yayinevi","10":"pa_yazar-benjamin-toff-ruth-palmer-rasmus-kleis-nielsen","12":"first","13":"instock","14":"sale","15":"shipping-taxable","16":"purchasable","17":"product-type-simple"},"_links":{"self":[{"href":"https:\/\/roveyayinevi.com.tr\/index.php\/wp-json\/wp\/v2\/product\/776804","targetHints":{"allow":["GET"]}}],"collection":[{"href":"https:\/\/roveyayinevi.com.tr\/index.php\/wp-json\/wp\/v2\/product"}],"about":[{"href":"https:\/\/roveyayinevi.com.tr\/index.php\/wp-json\/wp\/v2\/types\/product"}],"wp:attachment":[{"href":"https:\/\/roveyayinevi.com.tr\/index.php\/wp-json\/wp\/v2\/media?parent=776804"}],"wp:term":[{"taxonomy":"product_brand","embeddable":true,"href":"https:\/\/roveyayinevi.com.tr\/index.php\/wp-json\/wp\/v2\/product_brand?post=776804"},{"taxonomy":"product_cat","embeddable":true,"href":"https:\/\/roveyayinevi.com.tr\/index.php\/wp-json\/wp\/v2\/product_cat?post=776804"},{"taxonomy":"product_tag","embeddable":true,"href":"https:\/\/roveyayinevi.com.tr\/index.php\/wp-json\/wp\/v2\/product_tag?post=776804"}],"curies":[{"name":"wp","href":"https:\/\/api.w.org\/{rel}","templated":true}]}}