{"id":776803,"date":"2025-10-06T00:19:53","date_gmt":"2025-10-05T21:19:53","guid":{"rendered":"https:\/\/roveyayinevi.com.tr\/index.php\/urun\/enformasyon-kutlamasi\/"},"modified":"2026-04-15T03:42:27","modified_gmt":"2026-04-15T00:42:27","slug":"enformasyon-kutlamasi","status":"publish","type":"product","link":"https:\/\/roveyayinevi.com.tr\/index.php\/urun\/enformasyon-kutlamasi\/","title":{"rendered":"Enformasyon Kutlamas\u0131"},"content":{"rendered":"<p>Bilgiye eris\u0327imin hic\u0327 olmad\u0131g\u0306\u0131 kadar kolaylas\u0327t\u0131g\u0306\u0131 bir c\u0327ag\u0306day\u0131z. Ancak her eris\u0327im, her veri, her dosya ve rakam, bizi bilgiye yaklas\u0327t\u0131rmayabilir. Theodore Roszak, bu sars\u0131c\u0131 eserinde, bilgi teknolojilerinin bu\u0308yu\u0308su\u0308ne kap\u0131lm\u0131s\u0327 bir du\u0308nyada asl\u0131nda neyi kaybettig\u0306imizi soruyor: Du\u0308s\u0327u\u0308nmeyi mi, anlamay\u0131 m\u0131, yoksa adalet duygusunu mu?  Yazar, bilgisayar\u0131n ku\u0308resel finans sistemindeki c\u0327alkant\u0131larda nas\u0131l bir rol oynad\u0131g\u0306\u0131n\u0131, dijital eg\u0306lencenin eg\u0306itimle nas\u0131l kar\u0131s\u0327t\u0131r\u0131ld\u0131g\u0306\u0131n\u0131 ve c\u0327ocuklar\u0131n oyunlas\u0327t\u0131r\u0131lm\u0131s\u0327 yaz\u0131l\u0131mlarla nas\u0131l gerc\u0327ek okuryazarl\u0131ktan uzaklas\u0327t\u0131g\u0306\u0131n\u0131 go\u0308zler o\u0308nu\u0308ne seriyor. Fakat bu\u0308tu\u0308n bu eles\u0327tirel bak\u0131s\u0327\u0131na rag\u0306men umut \u0131s\u0327\u0131g\u0306\u0131n\u0131 da eksik etmiyor. Ona go\u0308re; eg\u0306er dog\u0306ru yollar izlenirse, kamusal ku\u0308tu\u0308phaneler, internet eris\u0327imi ve ortak veri alanlar\u0131 sayesinde bilgisayar teknolojisi, bask\u0131 arac\u0131 deg\u0306il o\u0308zgu\u0308rlu\u0308k zemini olus\u0327turabilir.  Roszak\u2019\u0131n kalemi, yaln\u0131zca teknolojiye deg\u0306il, insan akl\u0131n\u0131n ve toplumsal vicdan\u0131n geleceg\u0306ine de temas ediyor. Enformasyon Kutsamas\u0131, dijital c\u0327ag\u0306\u0131n sundug\u0306u imka\u0302nlara s\u0327u\u0308pheyle yaklas\u0327an, daha adil ve bilinc\u0327li bir bilgi du\u0308zeni aray\u0131s\u0327\u0131nda olan herkes ic\u0327in du\u0308s\u0327u\u0308ndu\u0308ru\u0308cu\u0308 bir rehber.<\/p>\n","protected":false},"excerpt":{"rendered":"<p>Bilgiye eris\u0327imin hic\u0327 olmad\u0131g\u0306\u0131 kadar kolaylas\u0327t\u0131g\u0306\u0131 bir c\u0327ag\u0306day\u0131z. Ancak her eris\u0327im, her veri, her dosya ve rakam, bizi bilgiye yaklas\u0327t\u0131rmayabilir. Theodore Roszak, bu sars\u0131c\u0131 eserinde, bilgi<span class=\"excerpt-hellip\"> [\u2026]<\/span><\/p>\n","protected":false},"featured_media":0,"template":"","meta":{"_monsterinsights_skip_tracking":false,"_monsterinsights_sitenote_active":false,"_monsterinsights_sitenote_note":"","_monsterinsights_sitenote_category":0},"product_brand":[],"product_cat":[15983,13488],"product_tag":[],"class_list":{"0":"post-776803","1":"product","2":"type-product","3":"status-publish","5":"product_cat-iletisim-ve-medya","6":"product_cat-toplum-ve-insan","7":"pa_cilt-ciltsiz","8":"pa_tur-kitap","9":"pa_yayinevi-anadolu-ajansi-yayinevi","10":"pa_yazar-theodore-roszak","12":"first","13":"instock","14":"sale","15":"shipping-taxable","16":"purchasable","17":"product-type-simple"},"_links":{"self":[{"href":"https:\/\/roveyayinevi.com.tr\/index.php\/wp-json\/wp\/v2\/product\/776803","targetHints":{"allow":["GET"]}}],"collection":[{"href":"https:\/\/roveyayinevi.com.tr\/index.php\/wp-json\/wp\/v2\/product"}],"about":[{"href":"https:\/\/roveyayinevi.com.tr\/index.php\/wp-json\/wp\/v2\/types\/product"}],"wp:attachment":[{"href":"https:\/\/roveyayinevi.com.tr\/index.php\/wp-json\/wp\/v2\/media?parent=776803"}],"wp:term":[{"taxonomy":"product_brand","embeddable":true,"href":"https:\/\/roveyayinevi.com.tr\/index.php\/wp-json\/wp\/v2\/product_brand?post=776803"},{"taxonomy":"product_cat","embeddable":true,"href":"https:\/\/roveyayinevi.com.tr\/index.php\/wp-json\/wp\/v2\/product_cat?post=776803"},{"taxonomy":"product_tag","embeddable":true,"href":"https:\/\/roveyayinevi.com.tr\/index.php\/wp-json\/wp\/v2\/product_tag?post=776803"}],"curies":[{"name":"wp","href":"https:\/\/api.w.org\/{rel}","templated":true}]}}