{"id":776802,"date":"2025-10-06T00:18:41","date_gmt":"2025-10-05T21:18:41","guid":{"rendered":"https:\/\/roveyayinevi.com.tr\/index.php\/urun\/insan-kaynaklari-yonetimi-dersleri\/"},"modified":"2026-04-15T03:41:43","modified_gmt":"2026-04-15T00:41:43","slug":"insan-kaynaklari-yonetimi-dersleri","status":"publish","type":"product","link":"https:\/\/roveyayinevi.com.tr\/index.php\/urun\/insan-kaynaklari-yonetimi-dersleri\/","title":{"rendered":"\u0130nsan Kaynaklar\u0131 Y\u00f6netimi Dersleri"},"content":{"rendered":"<p>\u0130\u00e7indekiler :   B\u0130R\u0130NC\u0130 B\u00d6L\u00dcM \u0130NSAN KAYNAKLARI Y\u00d6NET\u0130M\u0130   \u0130K\u0130NC\u0130 B\u00d6L\u00dcM \u0130NSAN KAYNAKLARI Y\u00d6NET\u0130M\u0130NDE \u0130LKELER VE \u00c7EVRESEL UNSURLAR   \u00dc\u00c7\u00dcNC\u00dc B\u00d6L\u00dcM \u0130NSAN KAYNAKLARININ SE\u00c7\u0130M\u0130, E\u011e\u0130T\u0130M\u0130 VE GEL\u0130\u015eT\u0130R\u0130LMES\u0130   D\u00d6RD\u00dcNC\u00dc B\u00d6L\u00dcM \u0130NSAN KAYNAKLARI Y\u00d6NET\u0130M\u0130N\u0130N TEKN\u0130K BOYUTU   BE\u015e\u0130NC\u0130 B\u00d6L\u00dcM \u0130NSAN KAYNAKLARI PLANLAMASI, KAR\u0130YER VE YETENEK Y\u00d6NET\u0130M\u0130   ALTINCI B\u00d6L\u00dcM \u0130NSAN KAYNAKLARINDA PERFORMANS, MOT\u0130VASYON VE \u00dcCRET Y\u00d6NET\u0130M\u0130       YED\u0130NC\u0130 B\u00d6L\u00dcM STRATEJ\u0130K \u0130NSAN KAYNAKLARI Y\u00d6NET\u0130M\u0130 VE PLANLAMA   SEK\u0130Z\u0130NC\u0130 B\u00d6L\u00dcM T\u00dcRK KAMU PERSONEL Y\u00d6NET\u0130M\u0130 (I   DOKUZUNCU B\u00d6L\u00dcM T\u00dcRK KAMU PERSONEL Y\u00d6NET\u0130M\u0130 (II)   ONUNCU B\u00d6L\u00dcM DERNEKLER, MESLEK KURULU\u015eLARI, SEND\u0130KAL HAKLAR VE \u0130NSAN KAYNAKLARI Y\u00d6NET\u0130M\u0130   ONB\u0130R\u0130NC\u0130 B\u00d6L\u00dcM \u0130NSAN KAYNAKLARI Y\u00d6NET\u0130M\u0130NDE YEN\u0130 GEL\u0130\u015eMELER   ON\u0130K\u0130NC\u0130 B\u00d6L\u00dcM CUMHURBA\u015eKANLI\u011eI H\u00dcK\u00dcMET S\u0130STEM\u0130 VE \u0130NSAN KAYNAKLARI Y\u00d6NET\u0130M\u0130 <\/p>\n","protected":false},"excerpt":{"rendered":"<p>\u0130\u00e7indekiler : B\u0130R\u0130NC\u0130 B\u00d6L\u00dcM \u0130NSAN KAYNAKLARI Y\u00d6NET\u0130M\u0130 \u0130K\u0130NC\u0130 B\u00d6L\u00dcM \u0130NSAN KAYNAKLARI Y\u00d6NET\u0130M\u0130NDE \u0130LKELER VE \u00c7EVRESEL UNSURLAR \u00dc\u00c7\u00dcNC\u00dc B\u00d6L\u00dcM \u0130NSAN KAYNAKLARININ SE\u00c7\u0130M\u0130, E\u011e\u0130T\u0130M\u0130 VE GEL\u0130\u015eT\u0130R\u0130LMES\u0130 D\u00d6RD\u00dcNC\u00dc B\u00d6L\u00dcM<span class=\"excerpt-hellip\"> [\u2026]<\/span><\/p>\n","protected":false},"featured_media":0,"template":"","meta":{"_monsterinsights_skip_tracking":false,"_monsterinsights_sitenote_active":false,"_monsterinsights_sitenote_note":"","_monsterinsights_sitenote_category":0},"product_brand":[],"product_cat":[12573,12566],"product_tag":[],"class_list":{"0":"post-776802","1":"product","2":"type-product","3":"status-publish","5":"product_cat-akademik-kitaplar","6":"product_cat-egitim","7":"pa_cilt-ciltsiz","8":"pa_tur-kitap","9":"pa_yayinevi-gazi-kitabevi","10":"pa_yazar-mehmet-akif-ozer","12":"first","13":"instock","14":"sale","15":"shipping-taxable","16":"purchasable","17":"product-type-simple"},"_links":{"self":[{"href":"https:\/\/roveyayinevi.com.tr\/index.php\/wp-json\/wp\/v2\/product\/776802","targetHints":{"allow":["GET"]}}],"collection":[{"href":"https:\/\/roveyayinevi.com.tr\/index.php\/wp-json\/wp\/v2\/product"}],"about":[{"href":"https:\/\/roveyayinevi.com.tr\/index.php\/wp-json\/wp\/v2\/types\/product"}],"wp:attachment":[{"href":"https:\/\/roveyayinevi.com.tr\/index.php\/wp-json\/wp\/v2\/media?parent=776802"}],"wp:term":[{"taxonomy":"product_brand","embeddable":true,"href":"https:\/\/roveyayinevi.com.tr\/index.php\/wp-json\/wp\/v2\/product_brand?post=776802"},{"taxonomy":"product_cat","embeddable":true,"href":"https:\/\/roveyayinevi.com.tr\/index.php\/wp-json\/wp\/v2\/product_cat?post=776802"},{"taxonomy":"product_tag","embeddable":true,"href":"https:\/\/roveyayinevi.com.tr\/index.php\/wp-json\/wp\/v2\/product_tag?post=776802"}],"curies":[{"name":"wp","href":"https:\/\/api.w.org\/{rel}","templated":true}]}}