{"id":776798,"date":"2025-10-06T00:01:51","date_gmt":"2025-10-05T21:01:51","guid":{"rendered":"https:\/\/roveyayinevi.com.tr\/index.php\/urun\/bir-avuc-huzur\/"},"modified":"2026-04-15T03:38:21","modified_gmt":"2026-04-15T00:38:21","slug":"bir-avuc-huzur","status":"publish","type":"product","link":"https:\/\/roveyayinevi.com.tr\/index.php\/urun\/bir-avuc-huzur\/","title":{"rendered":"Bir Avu\u00e7 Huzur"},"content":{"rendered":"<p>\u0130\u2019T\u0130B\u00c2R Paran pulun var ise, e\u015fin dostun \u00e7ok olur Tezg\u00e2h\u0131n \u00e7\u00fcr\u00fck ise, i\u2019tib\u00e2r\u0131n yok olur \u015e\u00fckredersen her zam\u00e2n, her dem karn\u0131n tok olur Kibre kap\u0131ld\u0131\u011f\u0131n \u00e2n, her s\u00f6z\u00fcn bir ok olur. <\/p>\n","protected":false},"excerpt":{"rendered":"<p>\u0130\u2019T\u0130B\u00c2R Paran pulun var ise, e\u015fin dostun \u00e7ok olur Tezg\u00e2h\u0131n \u00e7\u00fcr\u00fck ise, i\u2019tib\u00e2r\u0131n yok olur \u015e\u00fckredersen her zam\u00e2n, her dem karn\u0131n tok olur Kibre kap\u0131ld\u0131\u011f\u0131n \u00e2n,<span class=\"excerpt-hellip\"> [\u2026]<\/span><\/p>\n","protected":false},"featured_media":0,"template":"","meta":{"_monsterinsights_skip_tracking":false,"_monsterinsights_sitenote_active":false,"_monsterinsights_sitenote_note":"","_monsterinsights_sitenote_category":0},"product_brand":[],"product_cat":[12291,12509],"product_tag":[],"class_list":{"0":"post-776798","1":"product","2":"type-product","3":"status-publish","5":"product_cat-edebiyat","6":"product_cat-siir","7":"pa_cilt-ciltsiz","8":"pa_tur-kitap","9":"pa_yayinevi-gulnar-yayinlari","10":"pa_yazar-ozkan-kurum","12":"first","13":"instock","14":"sale","15":"shipping-taxable","16":"purchasable","17":"product-type-simple"},"_links":{"self":[{"href":"https:\/\/roveyayinevi.com.tr\/index.php\/wp-json\/wp\/v2\/product\/776798","targetHints":{"allow":["GET"]}}],"collection":[{"href":"https:\/\/roveyayinevi.com.tr\/index.php\/wp-json\/wp\/v2\/product"}],"about":[{"href":"https:\/\/roveyayinevi.com.tr\/index.php\/wp-json\/wp\/v2\/types\/product"}],"wp:attachment":[{"href":"https:\/\/roveyayinevi.com.tr\/index.php\/wp-json\/wp\/v2\/media?parent=776798"}],"wp:term":[{"taxonomy":"product_brand","embeddable":true,"href":"https:\/\/roveyayinevi.com.tr\/index.php\/wp-json\/wp\/v2\/product_brand?post=776798"},{"taxonomy":"product_cat","embeddable":true,"href":"https:\/\/roveyayinevi.com.tr\/index.php\/wp-json\/wp\/v2\/product_cat?post=776798"},{"taxonomy":"product_tag","embeddable":true,"href":"https:\/\/roveyayinevi.com.tr\/index.php\/wp-json\/wp\/v2\/product_tag?post=776798"}],"curies":[{"name":"wp","href":"https:\/\/api.w.org\/{rel}","templated":true}]}}