{"id":776797,"date":"2025-10-05T23:53:22","date_gmt":"2025-10-05T20:53:22","guid":{"rendered":"https:\/\/roveyayinevi.com.tr\/index.php\/urun\/bilimsel-arastirma-yontemleri-ve-veri-analizi-is-guvenligi-verileri-ile-istatistik-ve-spss-uygulamalari\/"},"modified":"2026-04-15T03:37:12","modified_gmt":"2026-04-15T00:37:12","slug":"bilimsel-arastirma-yontemleri-ve-veri-analizi-is-guvenligi-verileri-ile-istatistik-ve-spss-uygulamalari","status":"publish","type":"product","link":"https:\/\/roveyayinevi.com.tr\/index.php\/urun\/bilimsel-arastirma-yontemleri-ve-veri-analizi-is-guvenligi-verileri-ile-istatistik-ve-spss-uygulamalari\/","title":{"rendered":"Bilimsel Ara\u015ft\u0131rma Y\u00f6ntemleri Ve Veri Analizi \u0130\u015f G\u00fcvenli\u011fi Verileri \u0130le \u0130statistik Ve Spss Uygulamalar\u0131"},"content":{"rendered":"<p>\u0130\u00e7indekiler :      1.TEMEL KAVRAMLAR      2. VER\u0130LER\u0130N BET\u0130MLENMES\u0130      3. SPSS\u2019\u0130N GENEL TANITIMI VE VER\u0130 G\u0130R\u0130\u015e\u0130      4. VER\u0130LER\u0130N SPSS KULLANIMI \u0130LE BET\u0130MLENMES\u0130      5. GRUPLARIN KAR\u015eILA\u015eTIRILMASI      6. GRUPLARIN KAR\u015eILA\u015eTIRILMASI (PARAMETR\u0130K OLMAYAN Y\u00d6NTEMLER)      7. \u0130L\u0130\u015eK\u0130LER\u0130N BEL\u0130RLENMES\u0130      8. TAHM\u0130NLEME <\/p>\n","protected":false},"excerpt":{"rendered":"<p>\u0130\u00e7indekiler : 1.TEMEL KAVRAMLAR 2. VER\u0130LER\u0130N BET\u0130MLENMES\u0130 3. SPSS\u2019\u0130N GENEL TANITIMI VE VER\u0130 G\u0130R\u0130\u015e\u0130 4. VER\u0130LER\u0130N SPSS KULLANIMI \u0130LE BET\u0130MLENMES\u0130 5. GRUPLARIN KAR\u015eILA\u015eTIRILMASI 6. GRUPLARIN KAR\u015eILA\u015eTIRILMASI<span class=\"excerpt-hellip\"> [\u2026]<\/span><\/p>\n","protected":false},"featured_media":0,"template":"","meta":{"_monsterinsights_skip_tracking":false,"_monsterinsights_sitenote_active":false,"_monsterinsights_sitenote_note":"","_monsterinsights_sitenote_category":0},"product_brand":[],"product_cat":[13043],"product_tag":[],"class_list":{"0":"post-776797","1":"product","2":"type-product","3":"status-publish","5":"product_cat-ekonomi","6":"pa_cilt-ciltsiz","7":"pa_tur-kitap","8":"pa_yayinevi-gazi-kitabevi","9":"pa_yazar-tufan-ozturk","11":"first","12":"instock","13":"sale","14":"shipping-taxable","15":"purchasable","16":"product-type-simple"},"_links":{"self":[{"href":"https:\/\/roveyayinevi.com.tr\/index.php\/wp-json\/wp\/v2\/product\/776797","targetHints":{"allow":["GET"]}}],"collection":[{"href":"https:\/\/roveyayinevi.com.tr\/index.php\/wp-json\/wp\/v2\/product"}],"about":[{"href":"https:\/\/roveyayinevi.com.tr\/index.php\/wp-json\/wp\/v2\/types\/product"}],"wp:attachment":[{"href":"https:\/\/roveyayinevi.com.tr\/index.php\/wp-json\/wp\/v2\/media?parent=776797"}],"wp:term":[{"taxonomy":"product_brand","embeddable":true,"href":"https:\/\/roveyayinevi.com.tr\/index.php\/wp-json\/wp\/v2\/product_brand?post=776797"},{"taxonomy":"product_cat","embeddable":true,"href":"https:\/\/roveyayinevi.com.tr\/index.php\/wp-json\/wp\/v2\/product_cat?post=776797"},{"taxonomy":"product_tag","embeddable":true,"href":"https:\/\/roveyayinevi.com.tr\/index.php\/wp-json\/wp\/v2\/product_tag?post=776797"}],"curies":[{"name":"wp","href":"https:\/\/api.w.org\/{rel}","templated":true}]}}