{"id":776796,"date":"2025-10-05T23:43:52","date_gmt":"2025-10-05T20:43:52","guid":{"rendered":"https:\/\/roveyayinevi.com.tr\/index.php\/urun\/hayatin-icinden-2\/"},"modified":"2026-04-15T03:35:46","modified_gmt":"2026-04-15T00:35:46","slug":"hayatin-icinden-2","status":"publish","type":"product","link":"https:\/\/roveyayinevi.com.tr\/index.php\/urun\/hayatin-icinden-2\/","title":{"rendered":"Hayat\u0131n \u0130\u00e7inden"},"content":{"rendered":"<p>\u201cKendi kendime \u00e7ok d\u00fc\u015f\u00fcnd\u00fcm. Bir an ku\u015f olup bulutlar\u0131n aras\u0131ndan d\u00fcnyaya kalp g\u00f6z\u00fcyle ve de ku\u015flar\u0131n g\u00f6z\u00fcyle bakt\u0131m. Zavall\u0131 d\u00fcnya&#8230; Seni ne hale getiriyorlar. Seni yava\u015f yava\u015f yok ediyorlar, \u00f6ld\u00fcr\u00fcyorlar. \u0130nsano\u011flu kendi sonunu kendisi haz\u0131rl\u0131yor, diye d\u00fc\u015f\u00fcnd\u00fcm. Evet, bu kadar olumsuzluk, karanl\u0131k i\u00e7inde, k\u00fc\u00e7\u00fcc\u00fck bir mum, bir \u0131\u015f\u0131k yakmak istedim. Bir kenara \u00e7ekilip seyretmek, seyirci kalmak insan olana yak\u0131\u015fmaz. Her insan \u00fczerine d\u00fc\u015fen g\u00f6revi, g\u00fcc\u00fc yetti\u011fi kadar yapmal\u0131d\u0131r. Ta\u015f\u0131n alt\u0131 var ya; i\u015fte oraya biz de hi\u00e7 de\u011filse k\u00fc\u00e7\u00fck parma\u011f\u0131m\u0131z\u0131 sokal\u0131m, dedik. Kar\u0131ncan\u0131n yard\u0131m\u0131 gibi&#8230; Galiba, insanl\u0131\u011f\u0131m\u0131z\u0131 yava\u015f yava\u015f kaybediyoruz.\u201d G\u00fclcan Ayhan Demirci<\/p>\n","protected":false},"excerpt":{"rendered":"<p>\u201cKendi kendime \u00e7ok d\u00fc\u015f\u00fcnd\u00fcm. Bir an ku\u015f olup bulutlar\u0131n aras\u0131ndan d\u00fcnyaya kalp g\u00f6z\u00fcyle ve de ku\u015flar\u0131n g\u00f6z\u00fcyle bakt\u0131m. Zavall\u0131 d\u00fcnya&#8230; Seni ne hale getiriyorlar. Seni yava\u015f<span class=\"excerpt-hellip\"> [\u2026]<\/span><\/p>\n","protected":false},"featured_media":0,"template":"","meta":{"_monsterinsights_skip_tracking":false,"_monsterinsights_sitenote_active":false,"_monsterinsights_sitenote_note":"","_monsterinsights_sitenote_category":0},"product_brand":[],"product_cat":[12777,12291],"product_tag":[],"class_list":{"0":"post-776796","1":"product","2":"type-product","3":"status-publish","5":"product_cat-deneme","6":"product_cat-edebiyat","7":"pa_cilt-ciltsiz","8":"pa_tur-kitap","9":"pa_yayinevi-luna-yayinlari","10":"pa_yazar-gulcan-ayhan-demirci","12":"first","13":"instock","14":"sale","15":"shipping-taxable","16":"purchasable","17":"product-type-simple"},"_links":{"self":[{"href":"https:\/\/roveyayinevi.com.tr\/index.php\/wp-json\/wp\/v2\/product\/776796","targetHints":{"allow":["GET"]}}],"collection":[{"href":"https:\/\/roveyayinevi.com.tr\/index.php\/wp-json\/wp\/v2\/product"}],"about":[{"href":"https:\/\/roveyayinevi.com.tr\/index.php\/wp-json\/wp\/v2\/types\/product"}],"wp:attachment":[{"href":"https:\/\/roveyayinevi.com.tr\/index.php\/wp-json\/wp\/v2\/media?parent=776796"}],"wp:term":[{"taxonomy":"product_brand","embeddable":true,"href":"https:\/\/roveyayinevi.com.tr\/index.php\/wp-json\/wp\/v2\/product_brand?post=776796"},{"taxonomy":"product_cat","embeddable":true,"href":"https:\/\/roveyayinevi.com.tr\/index.php\/wp-json\/wp\/v2\/product_cat?post=776796"},{"taxonomy":"product_tag","embeddable":true,"href":"https:\/\/roveyayinevi.com.tr\/index.php\/wp-json\/wp\/v2\/product_tag?post=776796"}],"curies":[{"name":"wp","href":"https:\/\/api.w.org\/{rel}","templated":true}]}}