{"id":776794,"date":"2025-10-05T23:29:18","date_gmt":"2025-10-05T20:29:18","guid":{"rendered":"https:\/\/roveyayinevi.com.tr\/index.php\/urun\/bin-turna-avazi\/"},"modified":"2026-04-15T03:33:22","modified_gmt":"2026-04-15T00:33:22","slug":"bin-turna-avazi","status":"publish","type":"product","link":"https:\/\/roveyayinevi.com.tr\/index.php\/urun\/bin-turna-avazi\/","title":{"rendered":"Bin Turna Avaz\u0131"},"content":{"rendered":"<p>Ve k\u0131rm\u0131z\u0131 yand\u0131. Ak\u0131p giden trafik durdu. Kornalar ba\u011fr\u0131\u015f \u00e7a\u011fr\u0131\u015f. Sesleri kulak t\u0131rmalay\u0131c\u0131. K\u0131zg\u0131n, hastal\u0131kl\u0131\u2026 Camdan binalar \u0131s\u0131t\u0131yor asfalt\u0131. Asfalt kara zift. Yol boyunca reklam panolar\u0131 g\u00f6z al\u0131c\u0131, reng\u00e2renk. \u0130nsanlar olan\u0131n bitenin fark\u0131nda de\u011fil, ko\u015far ad\u0131ml\u0131. Her ad\u0131m uzakla\u015ft\u0131r\u0131yor insan\u0131, akl\u0131yla, elleriyle yaratt\u0131\u011f\u0131ndan. Yabanc\u0131la\u015f\u0131yor insan kendi \u00f6z\u00fcne.   Do\u011fdu\u011funuz co\u011frafyay\u0131 siz mi se\u00e7tiniz? Hay\u0131r, hi\u00e7birimiz se\u00e7medik. Okuyaca\u011f\u0131n\u0131z her bir \u00f6yk\u00fc, sizi bamba\u015fka hayatlara g\u00f6t\u00fcr\u00fcrken ayn\u0131 zamanda kendinizi ve mutluluk kavramlar\u0131n\u0131z\u0131 da sorgulatacak \u00e7arp\u0131c\u0131l\u0131kta. \u00d6fkenin, nefretin, felaketin karanl\u0131\u011f\u0131 getirmesinin yan\u0131nda; sevginin, \u015fefkatin ve umudun nas\u0131l \u0131\u015f\u0131k olabilece\u011fine tan\u0131k olacaks\u0131n\u0131z.   Zican G\u00d6KSU\u2019nun kaleminden birbirinden farkl\u0131 ama bir o kadar da i\u00e7 i\u00e7e olan \u00f6yk\u00fcler ve karakterler sizi derinden etkileyecek.<\/p>\n","protected":false},"excerpt":{"rendered":"<p>Ve k\u0131rm\u0131z\u0131 yand\u0131. Ak\u0131p giden trafik durdu. Kornalar ba\u011fr\u0131\u015f \u00e7a\u011fr\u0131\u015f. Sesleri kulak t\u0131rmalay\u0131c\u0131. K\u0131zg\u0131n, hastal\u0131kl\u0131\u2026 Camdan binalar \u0131s\u0131t\u0131yor asfalt\u0131. Asfalt kara zift. Yol boyunca reklam panolar\u0131<span class=\"excerpt-hellip\"> [\u2026]<\/span><\/p>\n","protected":false},"featured_media":0,"template":"","meta":{"_monsterinsights_skip_tracking":false,"_monsterinsights_sitenote_active":false,"_monsterinsights_sitenote_note":"","_monsterinsights_sitenote_category":0},"product_brand":[],"product_cat":[12291,18202],"product_tag":[],"class_list":{"0":"post-776794","1":"product","2":"type-product","3":"status-publish","5":"product_cat-edebiyat","6":"product_cat-hikaye","7":"pa_cilt-ciltsiz","8":"pa_tur-kitap","9":"pa_yayinevi-luna-yayinlari","10":"pa_yazar-zican-goksu","12":"first","13":"instock","14":"sale","15":"shipping-taxable","16":"purchasable","17":"product-type-simple"},"_links":{"self":[{"href":"https:\/\/roveyayinevi.com.tr\/index.php\/wp-json\/wp\/v2\/product\/776794","targetHints":{"allow":["GET"]}}],"collection":[{"href":"https:\/\/roveyayinevi.com.tr\/index.php\/wp-json\/wp\/v2\/product"}],"about":[{"href":"https:\/\/roveyayinevi.com.tr\/index.php\/wp-json\/wp\/v2\/types\/product"}],"wp:attachment":[{"href":"https:\/\/roveyayinevi.com.tr\/index.php\/wp-json\/wp\/v2\/media?parent=776794"}],"wp:term":[{"taxonomy":"product_brand","embeddable":true,"href":"https:\/\/roveyayinevi.com.tr\/index.php\/wp-json\/wp\/v2\/product_brand?post=776794"},{"taxonomy":"product_cat","embeddable":true,"href":"https:\/\/roveyayinevi.com.tr\/index.php\/wp-json\/wp\/v2\/product_cat?post=776794"},{"taxonomy":"product_tag","embeddable":true,"href":"https:\/\/roveyayinevi.com.tr\/index.php\/wp-json\/wp\/v2\/product_tag?post=776794"}],"curies":[{"name":"wp","href":"https:\/\/api.w.org\/{rel}","templated":true}]}}