{"id":776793,"date":"2025-10-05T23:26:06","date_gmt":"2025-10-05T20:26:06","guid":{"rendered":"https:\/\/roveyayinevi.com.tr\/index.php\/urun\/kirmizi-kapililar\/"},"modified":"2026-04-15T03:32:43","modified_gmt":"2026-04-15T00:32:43","slug":"kirmizi-kapililar","status":"publish","type":"product","link":"https:\/\/roveyayinevi.com.tr\/index.php\/urun\/kirmizi-kapililar\/","title":{"rendered":"K\u0131rm\u0131z\u0131 Kap\u0131l\u0131lar"},"content":{"rendered":"<p>\u201cKo\u015f, arkana bakmadan, k\u0131rm\u0131z\u0131 kap\u0131y\u0131 g\u00f6rene dek durmadan ko\u015f!\u201d Alin, onu i\u00e7ine \u00e7eken o zifir\u00ee karanl\u0131\u011fa do\u011fru ko\u015fmaya ba\u015flad\u0131. Bacaklar\u0131n\u0131 o mu kontrol ediyordu yoksa ba\u011f\u0131ms\u0131z bir hareket h\u00e2linde miydiler tam kestiremiyordu. Kar taneleri birer mermi gibi s\u0131y\u0131r\u0131yordu y\u00fcz\u00fcn\u00fc. \u00d6yle karanl\u0131kt\u0131 ki, sanki sonsuz bir kuyuya d\u00fc\u015f\u00fcyordu. Ve sonunda karanl\u0131\u011f\u0131n i\u00e7inde parlayan k\u0131rm\u0131z\u0131 bir kap\u0131 kar\u015f\u0131lad\u0131 onu. A\u00e7\u0131k unutulmu\u015f bir gece lambas\u0131 gibi \u00e7aresizce parl\u0131yordu. Yaln\u0131zca k\u00fc\u00e7\u00fck bir kul\u00fcbenin kap\u0131s\u0131ndan i\u00e7eri girmeyecekti Alin. Kap\u0131y\u0131 korkuyla yumruklarken, ge\u00e7mi\u015fini, bug\u00fcn\u00fcn\u00fc ve onu umutla bekleyen bir halk\u0131n gelece\u011fini de uyand\u0131racakt\u0131. I\u015f\u0131k ve karanl\u0131\u011f\u0131n, iyilik ve k\u00f6t\u00fcl\u00fc\u011f\u00fcn, a\u015fk ile al\u00e7akl\u0131\u011f\u0131n sava\u015f\u0131 de\u011fildi bu sadece. \u00c7ok daha \u00f6tesiydi! I\u015f\u0131k, daima olmal\u0131yd\u0131\u2026 I\u015f\u0131k\u2026 Kalbini hen\u00fcz karanl\u0131\u011f\u0131n g\u00f6lgesine teslim etmeyenler i\u00e7in son umuttu\u2026   Sinem \u00dcrkmez \u015eahin\u2019in kaleminden, heyecan dolu, yarat\u0131c\u0131l\u0131\u011f\u0131 kar\u015f\u0131s\u0131nda \u015fa\u015fk\u0131nl\u0131k uyand\u0131racak ve bir o kadar da derin bir hik\u00e2ye\u2026 I\u015f\u0131\u011f\u0131n karanl\u0131kla sava\u015f\u0131\u2026<\/p>\n","protected":false},"excerpt":{"rendered":"<p>\u201cKo\u015f, arkana bakmadan, k\u0131rm\u0131z\u0131 kap\u0131y\u0131 g\u00f6rene dek durmadan ko\u015f!\u201d Alin, onu i\u00e7ine \u00e7eken o zifir\u00ee karanl\u0131\u011fa do\u011fru ko\u015fmaya ba\u015flad\u0131. Bacaklar\u0131n\u0131 o mu kontrol ediyordu yoksa ba\u011f\u0131ms\u0131z<span class=\"excerpt-hellip\"> [\u2026]<\/span><\/p>\n","protected":false},"featured_media":0,"template":"","meta":{"_monsterinsights_skip_tracking":false,"_monsterinsights_sitenote_active":false,"_monsterinsights_sitenote_note":"","_monsterinsights_sitenote_category":0},"product_brand":[],"product_cat":[12291,12711],"product_tag":[],"class_list":{"0":"post-776793","1":"product","2":"type-product","3":"status-publish","5":"product_cat-edebiyat","6":"product_cat-roman-oyku","7":"pa_cilt-ciltsiz","8":"pa_tur-kitap","9":"pa_yayinevi-luna-yayinlari","10":"pa_yazar-sinem-urkmez-sahin","12":"first","13":"instock","14":"sale","15":"shipping-taxable","16":"purchasable","17":"product-type-simple"},"_links":{"self":[{"href":"https:\/\/roveyayinevi.com.tr\/index.php\/wp-json\/wp\/v2\/product\/776793","targetHints":{"allow":["GET"]}}],"collection":[{"href":"https:\/\/roveyayinevi.com.tr\/index.php\/wp-json\/wp\/v2\/product"}],"about":[{"href":"https:\/\/roveyayinevi.com.tr\/index.php\/wp-json\/wp\/v2\/types\/product"}],"wp:attachment":[{"href":"https:\/\/roveyayinevi.com.tr\/index.php\/wp-json\/wp\/v2\/media?parent=776793"}],"wp:term":[{"taxonomy":"product_brand","embeddable":true,"href":"https:\/\/roveyayinevi.com.tr\/index.php\/wp-json\/wp\/v2\/product_brand?post=776793"},{"taxonomy":"product_cat","embeddable":true,"href":"https:\/\/roveyayinevi.com.tr\/index.php\/wp-json\/wp\/v2\/product_cat?post=776793"},{"taxonomy":"product_tag","embeddable":true,"href":"https:\/\/roveyayinevi.com.tr\/index.php\/wp-json\/wp\/v2\/product_tag?post=776793"}],"curies":[{"name":"wp","href":"https:\/\/api.w.org\/{rel}","templated":true}]}}