{"id":776779,"date":"2025-10-05T20:45:13","date_gmt":"2025-10-05T17:45:13","guid":{"rendered":"https:\/\/roveyayinevi.com.tr\/index.php\/urun\/aykiri-kultur\/"},"modified":"2026-03-18T03:01:55","modified_gmt":"2026-03-18T00:01:55","slug":"aykiri-kultur","status":"publish","type":"product","link":"https:\/\/roveyayinevi.com.tr\/index.php\/urun\/aykiri-kultur\/","title":{"rendered":"Ayk\u0131r\u0131 K\u00fclt\u00fcr"},"content":{"rendered":"<p>Bir \u0130ngiliz k\u00fclt\u00fcrel \u00e7al\u0131\u015fmalar klasi\u011fi Ayk\u0131r\u0131 K\u00fclt\u00fcr, okuru 1960\u2019lar\u0131n iki \u00f6nemli gen\u00e7lik k\u00fclt\u00fcr\u00fcn\u00fcn \u2013motorcu o\u011flanlar\u0131n ve hippilerin\u2013 d\u00fcnyas\u0131na g\u00f6t\u00fcr\u00fcyor. Motorcu o\u011flanlar, ge\u00e7 1950\u2019lerin erken rock\u2019n\u2019roll m\u00fczi\u011fini dinleyen i\u015f\u00e7i s\u0131n\u0131f\u0131 motorcular\u0131yd\u0131. Buna kar\u015f\u0131n hippiler uzun sa\u00e7l\u0131 ve progressive m\u00fczik \u00e2\u015f\u0131\u011f\u0131 orta-s\u0131n\u0131f uyu\u015fturucu kullan\u0131c\u0131lar\u0131yd\u0131. \u0130ki grup da kapitalist kitle ileti\u015fim ara\u00e7lar\u0131 ve ticaretin tahakk\u00fcm\u00fcndeki daha geni\u015f toplumun kar\u015f\u0131s\u0131nda kendi k\u00fclt\u00fcrel bi\u00e7imlerini ve anlamlar\u0131n\u0131 yaratmak i\u00e7in e\u015fitsiz ama kahramanca bir m\u00fccadeleye giri\u015ftiler. Bug\u00fcn, farkl\u0131 yollarla, son derece yayg\u0131n hale gelen k\u00fclt\u00fcrel deneyin, kimli\u011fin \u00f6z-kurulumunun ve \u00f6z-k\u00fcrat\u00f6rl\u00fc\u011f\u00fcn \u00f6nc\u00fcleriydiler. Paul Willis, Ayk\u0131r\u0131 K\u00fclt\u00fcr\u2019de, ya\u015fanan ve pop\u00fcler k\u00fclt\u00fcrleri anlamak i\u00e7in \u00f6nemli ve h\u00e2l\u00e2 son derece ge\u00e7erli olan bir teori ve metodoloji geli\u015ftiriyor. Yeni \u00f6ns\u00f6z\u00fc, kitapta ara\u015ft\u0131r\u0131lan d\u00f6nem ile bug\u00fcn\u00fcn k\u00fclt\u00fcrel anlar\u0131 aras\u0131ndaki bu ba\u011f\u0131 irdeliyor. Yeniden ke\u015ffedilmesi gereken unutulmu\u015f bir hazine. MATS TRONDMAN, ANNA LUND &amp; STEFAN LUND Eurpoean Journal of Cultural Studies Uzun s\u00fcredir bask\u0131s\u0131 bulunmayan, Paul Willis\u2019in motorcu o\u011flanlar ve hippiler hakk\u0131ndaki bu klasik \u00e7al\u0131\u015fmas\u0131n\u0131n yeni bas\u0131m\u0131, ge\u00e7mi\u015fte ve g\u00fcn\u00fcm\u00fczde d\u0131\u015flanm\u0131\u015f k\u00fclt\u00fcrlerle ilgilenen herkesin okumas\u0131 gereken bir kaynak. MITCH DUNEIER, Sidewalk\u2019un yazar\u0131 G\u00fcn\u00fcm\u00fczde de kaynak g\u00f6sterilmeye devam eden Ayk\u0131r\u0131 K\u00fclt\u00fcr, etnografik ve k\u00fclt\u00fcrel sosyolojik ara\u015ft\u0131rman\u0131n g\u00fc\u00e7l\u00fc bir sembol\u00fcd\u00fcr. Zaman\u0131n ge\u00e7tik\u00e7e daha \u00e7ok anlam kazand\u0131; birlikte sundu\u011fu ara\u015ft\u0131rmalar g\u00fcn\u00fcm\u00fczde 20. y\u00fczy\u0131l\u0131n ortas\u0131n\u0131n altk\u00fclt\u00fcrlerinin \u00f6rnek niteli\u011finde rekonsr\u00fcksiyonlar\u0131 olarak de\u011ferlendirilebilir. Zamanlar\u0131n\u0131n ruhunu ger\u00e7ekten yakalam\u0131\u015flar ve biz de bu kitab\u0131 yeniden okuyarak o ruhu yeniden hissedebiliriz. Fakat Ayk\u0131r\u0131 K\u00fclt\u00fcr\u2019\u00fcn temel katk\u0131s\u0131, tarihsel de\u011fil, g\u00fcncel olmas\u0131d\u0131r. Bu iki ara\u015ft\u0131rma, etnografinin makro-d\u00fczey k\u00fclt\u00fcrel yap\u0131lar\u0131n ara\u015ft\u0131r\u0131lmas\u0131na katk\u0131 sunabilece\u011fini g\u00f6stermi\u015ftir. JEFFREY C. ALEXANDER, Yale \u00dcniversitesi   <\/p>\n","protected":false},"excerpt":{"rendered":"<p>Bir \u0130ngiliz k\u00fclt\u00fcrel \u00e7al\u0131\u015fmalar klasi\u011fi Ayk\u0131r\u0131 K\u00fclt\u00fcr, okuru 1960\u2019lar\u0131n iki \u00f6nemli gen\u00e7lik k\u00fclt\u00fcr\u00fcn\u00fcn \u2013motorcu o\u011flanlar\u0131n ve hippilerin\u2013 d\u00fcnyas\u0131na g\u00f6t\u00fcr\u00fcyor. Motorcu o\u011flanlar, ge\u00e7 1950\u2019lerin erken rock\u2019n\u2019roll m\u00fczi\u011fini<span class=\"excerpt-hellip\"> [\u2026]<\/span><\/p>\n","protected":false},"featured_media":0,"template":"","meta":{"_monsterinsights_skip_tracking":false,"_monsterinsights_sitenote_active":false,"_monsterinsights_sitenote_note":"","_monsterinsights_sitenote_category":0},"product_brand":[],"product_cat":[12325,12324],"product_tag":[],"class_list":{"0":"post-776779","1":"product","2":"type-product","3":"status-publish","5":"product_cat-diger-sosyoloji","6":"product_cat-sosyoloji","7":"pa_cilt-ciltsiz","8":"pa_tur-kitap","9":"pa_yayinevi-ayrinti-yayinlari","10":"pa_yazar-paul-willis","12":"first","13":"instock","14":"sale","15":"shipping-taxable","16":"purchasable","17":"product-type-simple"},"_links":{"self":[{"href":"https:\/\/roveyayinevi.com.tr\/index.php\/wp-json\/wp\/v2\/product\/776779","targetHints":{"allow":["GET"]}}],"collection":[{"href":"https:\/\/roveyayinevi.com.tr\/index.php\/wp-json\/wp\/v2\/product"}],"about":[{"href":"https:\/\/roveyayinevi.com.tr\/index.php\/wp-json\/wp\/v2\/types\/product"}],"wp:attachment":[{"href":"https:\/\/roveyayinevi.com.tr\/index.php\/wp-json\/wp\/v2\/media?parent=776779"}],"wp:term":[{"taxonomy":"product_brand","embeddable":true,"href":"https:\/\/roveyayinevi.com.tr\/index.php\/wp-json\/wp\/v2\/product_brand?post=776779"},{"taxonomy":"product_cat","embeddable":true,"href":"https:\/\/roveyayinevi.com.tr\/index.php\/wp-json\/wp\/v2\/product_cat?post=776779"},{"taxonomy":"product_tag","embeddable":true,"href":"https:\/\/roveyayinevi.com.tr\/index.php\/wp-json\/wp\/v2\/product_tag?post=776779"}],"curies":[{"name":"wp","href":"https:\/\/api.w.org\/{rel}","templated":true}]}}