{"id":776777,"date":"2025-10-05T20:44:00","date_gmt":"2025-10-05T17:44:00","guid":{"rendered":"https:\/\/roveyayinevi.com.tr\/index.php\/urun\/kadin-orgazmi\/"},"modified":"2026-04-16T02:54:38","modified_gmt":"2026-04-15T23:54:38","slug":"kadin-orgazmi","status":"publish","type":"product","link":"https:\/\/roveyayinevi.com.tr\/index.php\/urun\/kadin-orgazmi\/","title":{"rendered":"Kad\u0131n Orgazm\u0131"},"content":{"rendered":"<p>\u201cOrgazm, hayat\u0131 yaratan ve onu ya\u015famaya de\u011fer k\u0131lan evrendeki b\u00fcy\u00fck patlama gibidir.\u201d \u2013 Chloe Thurlow   \u201cBu kitab\u0131 sadece kad\u0131nlar de\u011fil, t\u00fcm cinsiyet kimliklerine sahip bireyler okumal\u0131d\u0131r. Yine bu kitab\u0131 sadece klitorisi olanlar de\u011fil, klitorisi tan\u0131mak isteyenler de okumal\u0131d\u0131r.\u201d Cinsiyet kimli\u011fi ve cinsel y\u00f6nelimden ba\u011f\u0131ms\u0131z olarak kad\u0131n cinselli\u011fini, orgazm\u0131n\u0131 ve orgazm\u0131n ba\u015fkenti klitorisi anlamak, y\u0131llard\u0131r s\u00fcregelen cinsel e\u015fitsizli\u011fin \u00f6n\u00fcne ge\u00e7mek i\u00e7in \u00f6nemlidir. Orgazm\u0131n p\u00fcf noktalar\u0131n\u0131, mast\u00fcrbasyonun amac\u0131n\u0131 ve inceliklerini, seks oyuncaklar\u0131n\u0131n yaratt\u0131\u011f\u0131 devrimi bilimsel veriler do\u011frultusunda herkesin anlayaca\u011f\u0131 bir dilde aktaran bu kitap, kad\u0131n cinselli\u011fini ve klitorisi ke\u015ffetmenize, anlaman\u0131za ve size zorla g\u00f6z ard\u0131 ettirilmeye \u00e7al\u0131\u015f\u0131lan cinsel hazz\u0131n\u0131za sahip \u00e7\u0131kman\u0131za yard\u0131mc\u0131 olacak. Cinsel sa\u011fl\u0131k uzman\u0131 Dr. Selcen Bahad\u0131r\u2019\u0131n kaleme ald\u0131\u011f\u0131 KADIN ORGAZMI, kad\u0131n cinsel hazlar\u0131n\u0131 ve orgazm\u0131 ke\u015fif i\u00e7in sizlere bir yol haritas\u0131 sunuyor. <\/p>\n","protected":false},"excerpt":{"rendered":"<p>\u201cOrgazm, hayat\u0131 yaratan ve onu ya\u015famaya de\u011fer k\u0131lan evrendeki b\u00fcy\u00fck patlama gibidir.\u201d \u2013 Chloe Thurlow \u201cBu kitab\u0131 sadece kad\u0131nlar de\u011fil, t\u00fcm cinsiyet kimliklerine sahip bireyler okumal\u0131d\u0131r.<span class=\"excerpt-hellip\"> [\u2026]<\/span><\/p>\n","protected":false},"featured_media":0,"template":"","meta":{"_monsterinsights_skip_tracking":false,"_monsterinsights_sitenote_active":false,"_monsterinsights_sitenote_note":"","_monsterinsights_sitenote_category":0},"product_brand":[],"product_cat":[35288,13365],"product_tag":[],"class_list":{"0":"post-776777","1":"product","2":"type-product","3":"status-publish","5":"product_cat-cinsellik-saglik","6":"product_cat-saglik","7":"pa_cilt-ciltsiz","8":"pa_tur-kitap","9":"pa_yayinevi-destek-yayinlari","10":"pa_yazar-selcen-bahadir","12":"first","13":"instock","14":"sale","15":"shipping-taxable","16":"purchasable","17":"product-type-simple"},"_links":{"self":[{"href":"https:\/\/roveyayinevi.com.tr\/index.php\/wp-json\/wp\/v2\/product\/776777","targetHints":{"allow":["GET"]}}],"collection":[{"href":"https:\/\/roveyayinevi.com.tr\/index.php\/wp-json\/wp\/v2\/product"}],"about":[{"href":"https:\/\/roveyayinevi.com.tr\/index.php\/wp-json\/wp\/v2\/types\/product"}],"wp:attachment":[{"href":"https:\/\/roveyayinevi.com.tr\/index.php\/wp-json\/wp\/v2\/media?parent=776777"}],"wp:term":[{"taxonomy":"product_brand","embeddable":true,"href":"https:\/\/roveyayinevi.com.tr\/index.php\/wp-json\/wp\/v2\/product_brand?post=776777"},{"taxonomy":"product_cat","embeddable":true,"href":"https:\/\/roveyayinevi.com.tr\/index.php\/wp-json\/wp\/v2\/product_cat?post=776777"},{"taxonomy":"product_tag","embeddable":true,"href":"https:\/\/roveyayinevi.com.tr\/index.php\/wp-json\/wp\/v2\/product_tag?post=776777"}],"curies":[{"name":"wp","href":"https:\/\/api.w.org\/{rel}","templated":true}]}}