{"id":776776,"date":"2025-10-05T20:08:14","date_gmt":"2025-10-05T17:08:14","guid":{"rendered":"https:\/\/roveyayinevi.com.tr\/index.php\/urun\/kiskanmak\/"},"modified":"2026-04-16T02:47:37","modified_gmt":"2026-04-15T23:47:37","slug":"kiskanmak","status":"publish","type":"product","link":"https:\/\/roveyayinevi.com.tr\/index.php\/urun\/kiskanmak\/","title":{"rendered":"K\u0131skanmak"},"content":{"rendered":"<p>Nahid S\u0131rr\u0131 \u00d6rik\u2019in K\u0131skanmak roman\u0131nda olaylar\u0131n ve karakterlerin temel meselesi, en yo\u011fun haliyle ya\u015fanan bir duygudur: Bir k\u0131z karde\u015fin a\u011fabeyine duydu\u011fu k\u0131skan\u00e7l\u0131k. Nahid S\u0131rr\u0131 \u00d6rik, iki karde\u015fin \u0130stanbul\u2019da bir konakta ba\u015flayan, Zonguldak\u2019ta bamba\u015fka bir y\u00f6ne sapan ya\u015famlar\u0131n\u0131 bunun \u00fczerine in\u015fa eder. K\u0131skanmak 1946\u2019da, kitap halinde ilk bas\u0131ld\u0131\u011f\u0131nda, bas\u0131nda \u00e7\u0131kan baz\u0131 de\u011ferlendirmelerde hem be\u011fenilmi\u015f hem de karakterleri ayk\u0131r\u0131 bulunarak yad\u0131rganm\u0131\u015ft\u0131. Aradan ge\u00e7en zaman, karakterlerin i\u015fleni\u015finin \u00f6zg\u00fcn ve b\u00fcy\u00fck bir yetene\u011fe i\u015faret etti\u011fini ispatlad\u0131. Farkl\u0131 yap\u0131tlar\u0131nda \u201c\u00c7\u00fcnki insan kalbinde \u00e7ok gizli, \u00e7ok kirli, \u00e7ok korkun\u00e7 k\u00f6\u015feler bulunur,\u201d ya da \u201cFazla normal insanlarla me\u015fgul olmaktan da hazzetmem,\u201d diye yazm\u0131\u015f olan Nahid S\u0131rr\u0131 \u00d6rik, s\u0131radan g\u00f6r\u00fcn\u00fcmlerin ard\u0131ndaki karma\u015fay\u0131, ayk\u0131r\u0131l\u0131\u011f\u0131, \u00e7izgid\u0131\u015f\u0131l\u0131\u011f\u0131 sezmenin ve bunu roman ki\u015filerinin tav\u0131r ve faaliyetlerinde resmedip geli\u015ftirmenin ustas\u0131d\u0131r. K\u0131skanmak, Enis Batur\u2019un deyi\u015fiyle, \u201cTutkunun negatif \u00e7ehresi \u00fczerine kanl\u0131 bir divertimento\u201ddur. <\/p>\n","protected":false},"excerpt":{"rendered":"<p>Nahid S\u0131rr\u0131 \u00d6rik\u2019in K\u0131skanmak roman\u0131nda olaylar\u0131n ve karakterlerin temel meselesi, en yo\u011fun haliyle ya\u015fanan bir duygudur: Bir k\u0131z karde\u015fin a\u011fabeyine duydu\u011fu k\u0131skan\u00e7l\u0131k. Nahid S\u0131rr\u0131 \u00d6rik, iki<span class=\"excerpt-hellip\"> [\u2026]<\/span><\/p>\n","protected":false},"featured_media":0,"template":"","meta":{"_monsterinsights_skip_tracking":false,"_monsterinsights_sitenote_active":false,"_monsterinsights_sitenote_note":"","_monsterinsights_sitenote_category":0},"product_brand":[],"product_cat":[12291,12711],"product_tag":[],"class_list":{"0":"post-776776","1":"product","2":"type-product","3":"status-publish","5":"product_cat-edebiyat","6":"product_cat-roman-oyku","7":"pa_cilt-ciltsiz","8":"pa_tur-kitap","9":"pa_yayinevi-everest-yayinlari","10":"pa_yazar-nahid-sirri-orik","12":"first","13":"instock","14":"sale","15":"shipping-taxable","16":"purchasable","17":"product-type-simple"},"_links":{"self":[{"href":"https:\/\/roveyayinevi.com.tr\/index.php\/wp-json\/wp\/v2\/product\/776776","targetHints":{"allow":["GET"]}}],"collection":[{"href":"https:\/\/roveyayinevi.com.tr\/index.php\/wp-json\/wp\/v2\/product"}],"about":[{"href":"https:\/\/roveyayinevi.com.tr\/index.php\/wp-json\/wp\/v2\/types\/product"}],"wp:attachment":[{"href":"https:\/\/roveyayinevi.com.tr\/index.php\/wp-json\/wp\/v2\/media?parent=776776"}],"wp:term":[{"taxonomy":"product_brand","embeddable":true,"href":"https:\/\/roveyayinevi.com.tr\/index.php\/wp-json\/wp\/v2\/product_brand?post=776776"},{"taxonomy":"product_cat","embeddable":true,"href":"https:\/\/roveyayinevi.com.tr\/index.php\/wp-json\/wp\/v2\/product_cat?post=776776"},{"taxonomy":"product_tag","embeddable":true,"href":"https:\/\/roveyayinevi.com.tr\/index.php\/wp-json\/wp\/v2\/product_tag?post=776776"}],"curies":[{"name":"wp","href":"https:\/\/api.w.org\/{rel}","templated":true}]}}