{"id":776768,"date":"2025-10-05T17:52:36","date_gmt":"2025-10-05T14:52:36","guid":{"rendered":"https:\/\/roveyayinevi.com.tr\/index.php\/urun\/dun-bugun-yarin-2\/"},"modified":"2026-04-16T02:26:19","modified_gmt":"2026-04-15T23:26:19","slug":"dun-bugun-yarin-2","status":"publish","type":"product","link":"https:\/\/roveyayinevi.com.tr\/index.php\/urun\/dun-bugun-yarin-2\/","title":{"rendered":"D\u00fcn Bug\u00fcn Yar\u0131n"},"content":{"rendered":"<p>D\u00dcN BUG\u00dcN YARIN hayat\u0131n\u0131 ter\u00f6r \u00f6rg\u00fctleriyle m\u00fccadeleye adam\u0131\u015f, onlarla hem kora kor da\u011flarda \u00e7arp\u0131\u015fm\u0131\u015f hem de istihbarat alan\u0131nda b\u00fcy\u00fck darbeler indirmi\u015f ayd\u0131n bir T\u00fcrk subay\u0131n\u0131n, yak\u0131n tarihimizin k\u0131sa \u00f6zetini sundu\u011fu hat\u0131rat-\u0131 hasb\u0131halidir. Kimi trajikomik, kimi \u00fcz\u00fcc\u00fc, kimi de tebess\u00fcm ettiren anekdotlar\u0131yla P*KK\u2019dan Hizbullah\u2019a, cemaat kumpaslar\u0131ndan \u0130srail\u2019e, \u0130mral\u0131\u2019dan Silivri\u2019ye uzanan bir s\u00fcrecin en yak\u0131n tan\u0131klar\u0131ndan ve ma\u011fdurlar\u0131ndan Hasan Atilla U\u011fur\u2019un ak\u0131c\u0131 ve ak\u0131lda kal\u0131c\u0131 bir \u00fcslupla kaleme ald\u0131\u011f\u0131 bu kitab\u0131 okurken, d\u00fcne ait bilmediklerimiz, bug\u00fcnle ilgili g\u00f6remediklerimiz ve yar\u0131na y\u00f6nelik \u00f6ng\u00f6remediklerimiz hakk\u0131nda \u00e7ok de\u011ferli ve \u015fa\u015f\u0131rt\u0131c\u0131 bilgilere sahip olacaks\u0131n\u0131z. \u0130srail g\u00f6revim s\u0131ras\u0131nda neler ya\u015fad\u0131m? Askerlik vazifem boyunca ka\u00e7 suikasta u\u011frad\u0131m? Apo\u2019yu sorgularken hangi ipu\u00e7lar\u0131na ula\u015ft\u0131m? P KK-FE*T\u00d6 i\u015fbirli\u011fini nas\u0131l de\u015fifre ettim? Hangi r\u00f6portajda FE*T\u00d6 kalk\u0131\u015fmas\u0131n\u0131 \u00f6nceden haber verdim? Antalya da\u011flar\u0131nda ter\u00f6rist av\u0131nda neler ya\u015fad\u0131m? \u0130stihbarat Daire Ba\u015fkan\u0131 iken nelere \u015fahit oldum? Hizbullah ter\u00f6ristlerini serbest b\u0131rakmam\u0131 hangi yetkili istedi? \u00c7uval operasyonuna misilleme yapmam\u0131 kim engelledi? Ergenekon s\u00fcrecinde mahkemeler ve cezaevlerinde neler ya\u015fad\u0131k? <\/p>\n","protected":false},"excerpt":{"rendered":"<p>D\u00dcN BUG\u00dcN YARIN hayat\u0131n\u0131 ter\u00f6r \u00f6rg\u00fctleriyle m\u00fccadeleye adam\u0131\u015f, onlarla hem kora kor da\u011flarda \u00e7arp\u0131\u015fm\u0131\u015f hem de istihbarat alan\u0131nda b\u00fcy\u00fck darbeler indirmi\u015f ayd\u0131n bir T\u00fcrk subay\u0131n\u0131n, yak\u0131n<span class=\"excerpt-hellip\"> [\u2026]<\/span><\/p>\n","protected":false},"featured_media":0,"template":"","meta":{"_monsterinsights_skip_tracking":false,"_monsterinsights_sitenote_active":false,"_monsterinsights_sitenote_note":"","_monsterinsights_sitenote_category":0},"product_brand":[],"product_cat":[13590,12337],"product_tag":[],"class_list":{"0":"post-776768","1":"product","2":"type-product","3":"status-publish","5":"product_cat-arastirma-inceleme-politika-siyaset","6":"product_cat-politika-siyaset","7":"pa_cilt-ciltsiz","8":"pa_tur-kitap","9":"pa_yayinevi-destek-yayinlari","10":"pa_yazar-hasan-atilla-ugur","12":"first","13":"instock","14":"sale","15":"shipping-taxable","16":"purchasable","17":"product-type-simple"},"_links":{"self":[{"href":"https:\/\/roveyayinevi.com.tr\/index.php\/wp-json\/wp\/v2\/product\/776768","targetHints":{"allow":["GET"]}}],"collection":[{"href":"https:\/\/roveyayinevi.com.tr\/index.php\/wp-json\/wp\/v2\/product"}],"about":[{"href":"https:\/\/roveyayinevi.com.tr\/index.php\/wp-json\/wp\/v2\/types\/product"}],"wp:attachment":[{"href":"https:\/\/roveyayinevi.com.tr\/index.php\/wp-json\/wp\/v2\/media?parent=776768"}],"wp:term":[{"taxonomy":"product_brand","embeddable":true,"href":"https:\/\/roveyayinevi.com.tr\/index.php\/wp-json\/wp\/v2\/product_brand?post=776768"},{"taxonomy":"product_cat","embeddable":true,"href":"https:\/\/roveyayinevi.com.tr\/index.php\/wp-json\/wp\/v2\/product_cat?post=776768"},{"taxonomy":"product_tag","embeddable":true,"href":"https:\/\/roveyayinevi.com.tr\/index.php\/wp-json\/wp\/v2\/product_tag?post=776768"}],"curies":[{"name":"wp","href":"https:\/\/api.w.org\/{rel}","templated":true}]}}