{"id":776767,"date":"2025-10-05T17:49:23","date_gmt":"2025-10-05T14:49:23","guid":{"rendered":"https:\/\/roveyayinevi.com.tr\/index.php\/urun\/elifin-okuzu\/"},"modified":"2026-04-16T02:25:51","modified_gmt":"2026-04-15T23:25:51","slug":"elifin-okuzu","status":"publish","type":"product","link":"https:\/\/roveyayinevi.com.tr\/index.php\/urun\/elifin-okuzu\/","title":{"rendered":"Elifin \u00d6k\u00fcz\u00fc"},"content":{"rendered":"<p>Dil ustas\u0131 Sevan Ni\u015fanyan, 2002\u2019de ilk yay\u0131mland\u0131\u011f\u0131nda sat\u0131\u015f rekorlar\u0131 k\u0131ran, on binlere etimolojiyi sevdiren Elifin \u00d6k\u00fcz\u00fc\u2019n\u00fc y\u0131llar sonra ele\u1e9ftirel bir g\u00f6zle yeniden ele al\u0131yor. Y\u00fcz yirmiye yak\u0131n ciddi yanl\u0131\u015f\u0131n\u0131 yakal\u0131yor. Yanl\u0131\u015flar\u0131 sessizce d\u00fczeltip ge\u00e7mek yerine alt\u0131n\u0131 \u00e7izmeyi, notlarla tart\u0131\u1e9fmay\u0131 se\u00e7iyor. Bilgiyi haz\u0131r bir meyve de\u011fil keyifli bir \u00f6\u011frenme s\u00fcreci olarak g\u00f6ren okurun, bu \u201ciki a\u011f\u0131zl\u0131\u201d s\u00f6ylemi heyecanla izleyece\u011fine ku\u015fku yok. <\/p>\n","protected":false},"excerpt":{"rendered":"<p>Dil ustas\u0131 Sevan Ni\u015fanyan, 2002\u2019de ilk yay\u0131mland\u0131\u011f\u0131nda sat\u0131\u015f rekorlar\u0131 k\u0131ran, on binlere etimolojiyi sevdiren Elifin \u00d6k\u00fcz\u00fc\u2019n\u00fc y\u0131llar sonra ele\u1e9ftirel bir g\u00f6zle yeniden ele al\u0131yor. Y\u00fcz yirmiye<span class=\"excerpt-hellip\"> [\u2026]<\/span><\/p>\n","protected":false},"featured_media":0,"template":"","meta":{"_monsterinsights_skip_tracking":false,"_monsterinsights_sitenote_active":false,"_monsterinsights_sitenote_note":"","_monsterinsights_sitenote_category":0},"product_brand":[],"product_cat":[20225,12291],"product_tag":[],"class_list":{"0":"post-776767","1":"product","2":"type-product","3":"status-publish","5":"product_cat-dil-bilim","6":"product_cat-edebiyat","7":"pa_cilt-ciltsiz","8":"pa_tur-kitap","9":"pa_yayinevi-liberus","10":"pa_yazar-sevan-nisanyan","12":"first","13":"instock","14":"sale","15":"shipping-taxable","16":"purchasable","17":"product-type-simple"},"_links":{"self":[{"href":"https:\/\/roveyayinevi.com.tr\/index.php\/wp-json\/wp\/v2\/product\/776767","targetHints":{"allow":["GET"]}}],"collection":[{"href":"https:\/\/roveyayinevi.com.tr\/index.php\/wp-json\/wp\/v2\/product"}],"about":[{"href":"https:\/\/roveyayinevi.com.tr\/index.php\/wp-json\/wp\/v2\/types\/product"}],"wp:attachment":[{"href":"https:\/\/roveyayinevi.com.tr\/index.php\/wp-json\/wp\/v2\/media?parent=776767"}],"wp:term":[{"taxonomy":"product_brand","embeddable":true,"href":"https:\/\/roveyayinevi.com.tr\/index.php\/wp-json\/wp\/v2\/product_brand?post=776767"},{"taxonomy":"product_cat","embeddable":true,"href":"https:\/\/roveyayinevi.com.tr\/index.php\/wp-json\/wp\/v2\/product_cat?post=776767"},{"taxonomy":"product_tag","embeddable":true,"href":"https:\/\/roveyayinevi.com.tr\/index.php\/wp-json\/wp\/v2\/product_tag?post=776767"}],"curies":[{"name":"wp","href":"https:\/\/api.w.org\/{rel}","templated":true}]}}