{"id":776766,"date":"2025-10-05T17:47:25","date_gmt":"2025-10-05T14:47:25","guid":{"rendered":"https:\/\/roveyayinevi.com.tr\/index.php\/urun\/cocuklugum-12\/"},"modified":"2026-04-16T02:25:45","modified_gmt":"2026-04-15T23:25:45","slug":"cocuklugum-12","status":"publish","type":"product","link":"https:\/\/roveyayinevi.com.tr\/index.php\/urun\/cocuklugum-12\/","title":{"rendered":"\u00c7ocuklu\u011fum"},"content":{"rendered":"<p>Maksim Gorki\u2019nin bu k\u0131sa roman\u0131, hayat\u0131n\u0131n \u00e7ocukluktan yeti\u015fkinli\u011fe ge\u00e7i\u015f d\u00f6nemini anlatt\u0131\u011f\u0131 \u00fcnl\u00fc \u00fc\u00e7lemesinin birinci k\u0131sm\u0131n\u0131 olu\u015fturur. Otobiyografik anlat\u0131 t\u00fcr\u00fcn\u00fcn en be\u011fenilen \u00f6rneklerinden biri olan \u00c7ocuklu\u011fum, Gorki\u2019nin Rusya\u2019n\u0131n orta kesiminde bulunan Nijni \u015fehrinde ya\u015fad\u0131\u011f\u0131 y\u0131llar\u0131 anlat\u0131r. Bir \u00e7ocu\u011fun ailesini ve insanlar\u0131 tan\u0131yarak, iyiyle k\u00f6t\u00fc, g\u00fczelle \u00e7irkin, \u015fiddetle merhamet, sevgiyle nefret gibi de\u011ferlerin ya\u015famda, insan ili\u015fkilerinde i\u00e7 i\u00e7e girdi\u011fine tan\u0131k olarak ge\u00e7irdi\u011fi bu y\u0131llar, ayn\u0131 zamanda, Rusya\u2019da sars\u0131c\u0131 alt\u00fcst olu\u015flar\u0131n ya\u015fand\u0131\u011f\u0131, 1905 ve 1917 devrimleriyle ve b\u00fct\u00fcn g\u00fcr\u00fclt\u00fcs\u00fcyle XX. y\u00fczy\u0131l\u0131n yakla\u015ft\u0131\u011f\u0131 y\u0131llard\u0131r.  Babas\u0131 \u00f6ld\u00fckten sonra annesi taraf\u0131ndan b\u00fcy\u00fckbabas\u0131yla b\u00fcy\u00fckannesinin yan\u0131na b\u0131rak\u0131lan Aleksey, iki ihtiyar\u0131n yan\u0131nda bir yandan b\u00fcy\u00fckannesinden din\u00ee hik\u00e2yeler dinler, di\u011fer yandan b\u00fcy\u00fckbabas\u0131n\u0131n ani \u015fiddet patlamalar\u0131na tan\u0131k olur. Amcalar\u0131n miras \u00e7eki\u015fmeleri, do\u011fumlar, evlilikler, m\u00fczik e\u015fli\u011finde dinlenen halk efsaneleri&#8230; Bir epik \u015fiir havas\u0131yla ge\u00e7en g\u00fcnler ayn\u0131 zamanda b\u00fcy\u00fck bir yazar\u0131 ortaya \u00e7\u0131karmaktad\u0131r. Gorki\u2019nin olgunluk \u00e7a\u011f\u0131nda anlatt\u0131\u011f\u0131 bu \u00e7ocukluk hik\u00e2yesi ayn\u0131 zamanda b\u00fcy\u00fck bir yazar\u0131n kendi kendini tan\u0131ma \u00e7abas\u0131d\u0131r. <\/p>\n","protected":false},"excerpt":{"rendered":"<p>Maksim Gorki\u2019nin bu k\u0131sa roman\u0131, hayat\u0131n\u0131n \u00e7ocukluktan yeti\u015fkinli\u011fe ge\u00e7i\u015f d\u00f6nemini anlatt\u0131\u011f\u0131 \u00fcnl\u00fc \u00fc\u00e7lemesinin birinci k\u0131sm\u0131n\u0131 olu\u015fturur. Otobiyografik anlat\u0131 t\u00fcr\u00fcn\u00fcn en be\u011fenilen \u00f6rneklerinden biri olan \u00c7ocuklu\u011fum, Gorki\u2019nin<span class=\"excerpt-hellip\"> [\u2026]<\/span><\/p>\n","protected":false},"featured_media":0,"template":"","meta":{"_monsterinsights_skip_tracking":false,"_monsterinsights_sitenote_active":false,"_monsterinsights_sitenote_note":"","_monsterinsights_sitenote_category":0},"product_brand":[],"product_cat":[12291,13872],"product_tag":[],"class_list":{"0":"post-776766","1":"product","2":"type-product","3":"status-publish","5":"product_cat-edebiyat","6":"product_cat-klasikler","7":"pa_cilt-ciltsiz","8":"pa_tur-kitap","9":"pa_yayinevi-can-yayinlari","10":"pa_yazar-maksim-gorki","12":"first","13":"instock","14":"sale","15":"shipping-taxable","16":"purchasable","17":"product-type-simple"},"_links":{"self":[{"href":"https:\/\/roveyayinevi.com.tr\/index.php\/wp-json\/wp\/v2\/product\/776766","targetHints":{"allow":["GET"]}}],"collection":[{"href":"https:\/\/roveyayinevi.com.tr\/index.php\/wp-json\/wp\/v2\/product"}],"about":[{"href":"https:\/\/roveyayinevi.com.tr\/index.php\/wp-json\/wp\/v2\/types\/product"}],"wp:attachment":[{"href":"https:\/\/roveyayinevi.com.tr\/index.php\/wp-json\/wp\/v2\/media?parent=776766"}],"wp:term":[{"taxonomy":"product_brand","embeddable":true,"href":"https:\/\/roveyayinevi.com.tr\/index.php\/wp-json\/wp\/v2\/product_brand?post=776766"},{"taxonomy":"product_cat","embeddable":true,"href":"https:\/\/roveyayinevi.com.tr\/index.php\/wp-json\/wp\/v2\/product_cat?post=776766"},{"taxonomy":"product_tag","embeddable":true,"href":"https:\/\/roveyayinevi.com.tr\/index.php\/wp-json\/wp\/v2\/product_tag?post=776766"}],"curies":[{"name":"wp","href":"https:\/\/api.w.org\/{rel}","templated":true}]}}