{"id":776762,"date":"2025-10-05T17:01:04","date_gmt":"2025-10-05T14:01:04","guid":{"rendered":"https:\/\/roveyayinevi.com.tr\/index.php\/urun\/sabo-sabahattin-kurt-kitabi\/"},"modified":"2026-04-16T02:19:22","modified_gmt":"2026-04-15T23:19:22","slug":"sabo-sabahattin-kurt-kitabi","status":"publish","type":"product","link":"https:\/\/roveyayinevi.com.tr\/index.php\/urun\/sabo-sabahattin-kurt-kitabi\/","title":{"rendered":"Sabo (Sabahattin Kurt Kitab\u0131)"},"content":{"rendered":"<p>Hakk\u0131nda ad\u0131 ve soyad\u0131ndan ba\u015fka hi\u00e7bir fikrim olmadan, tamamen sezgisel itkilerle kendisini \u00e7al\u0131\u015fma \u00f6znesi olarak se\u00e7ti\u011fim insan\u0131n, yani Sabahattin Kurt\u2019un, bu kadar tertemiz ve dejenere olmam\u0131\u015f, anas\u0131ndan do\u011fdu\u011fu gibi kalm\u0131\u015f bir insan oldu\u011funu bilemezdim. Bug\u00fcn\u00fcn neoliberal de\u011ferlerinin hegemonyas\u0131nda bu de\u011feri tam olarak alg\u0131lamak \u00e7ok zor. \u00c7\u00fcnk\u00fc insani ve etik de\u011ferler gereksiz k\u0131l\u0131nd\u0131. Solun asabiyye kavram\u0131 ile tan\u0131mlanan moral \u00fcst\u00fcnl\u00fc\u011f\u00fc da a\u011f\u0131r tahribata u\u011frad\u0131, bu tahribat\u0131n etkileri h\u00e2l\u00e2 s\u00fcr\u00fcyor ve telafi edilebilmi\u015f de\u011fil. Ancak k\u00f6klere d\u00f6nerek bu tahribat\u0131 moral de\u011ferlerle yenilemek ve ili\u015fkileri yeni kavramlarla kurabilmek m\u00fcmk\u00fcn. Ba\u015flanacak yer zaten haz\u0131r bekliyor: K\u0131z\u0131ldere ve Sabahattin Kurt.Bir devrimci i\u00e7in en y\u00fcksek erdem ve vas\u0131flar tek tek s\u0131ralansa: Davaya adanm\u0131\u015fl\u0131k, ideallere inan\u00e7, cesaret, fedak\u00e2rl\u0131k, yolda\u015f\u0131na sayg\u0131, emek\u00e7iye sevgi ve \u015fefkat, \u00f6rg\u00fct\u00fcn verdi\u011fi her g\u00f6revi lay\u0131k\u0131yla yerine getirme, kararl\u0131l\u0131k, d\u00fcr\u00fcstl\u00fck, mertlik, tevazu, \u00f6zel m\u00fclkiyete g\u00fcndelik hayat\u0131nda da kar\u015f\u0131 tavr\u0131, devrim ve sosyalizme mutlak inan\u00e7 gibi kriterler s\u00f6ylenebilir. T\u00fcm bu kriterler de\u011ferlendirildi\u011finde, tek s\u00f6z s\u00f6ylenebilir: Sabo 1 numarad\u0131r. <\/p>\n","protected":false},"excerpt":{"rendered":"<p>Hakk\u0131nda ad\u0131 ve soyad\u0131ndan ba\u015fka hi\u00e7bir fikrim olmadan, tamamen sezgisel itkilerle kendisini \u00e7al\u0131\u015fma \u00f6znesi olarak se\u00e7ti\u011fim insan\u0131n, yani Sabahattin Kurt\u2019un, bu kadar tertemiz ve dejenere olmam\u0131\u015f,<span class=\"excerpt-hellip\"> [\u2026]<\/span><\/p>\n","protected":false},"featured_media":0,"template":"","meta":{"_monsterinsights_skip_tracking":false,"_monsterinsights_sitenote_active":false,"_monsterinsights_sitenote_note":"","_monsterinsights_sitenote_category":0},"product_brand":[],"product_cat":[12337,16547],"product_tag":[],"class_list":{"0":"post-776762","1":"product","2":"type-product","3":"status-publish","5":"product_cat-politika-siyaset","6":"product_cat-sol-hareketler","7":"pa_cilt-ciltsiz","8":"pa_tur-kitap","9":"pa_yayinevi-ayrinti-yayinlari","10":"pa_yazar-murat-bjedug","12":"first","13":"instock","14":"sale","15":"shipping-taxable","16":"purchasable","17":"product-type-simple"},"_links":{"self":[{"href":"https:\/\/roveyayinevi.com.tr\/index.php\/wp-json\/wp\/v2\/product\/776762","targetHints":{"allow":["GET"]}}],"collection":[{"href":"https:\/\/roveyayinevi.com.tr\/index.php\/wp-json\/wp\/v2\/product"}],"about":[{"href":"https:\/\/roveyayinevi.com.tr\/index.php\/wp-json\/wp\/v2\/types\/product"}],"wp:attachment":[{"href":"https:\/\/roveyayinevi.com.tr\/index.php\/wp-json\/wp\/v2\/media?parent=776762"}],"wp:term":[{"taxonomy":"product_brand","embeddable":true,"href":"https:\/\/roveyayinevi.com.tr\/index.php\/wp-json\/wp\/v2\/product_brand?post=776762"},{"taxonomy":"product_cat","embeddable":true,"href":"https:\/\/roveyayinevi.com.tr\/index.php\/wp-json\/wp\/v2\/product_cat?post=776762"},{"taxonomy":"product_tag","embeddable":true,"href":"https:\/\/roveyayinevi.com.tr\/index.php\/wp-json\/wp\/v2\/product_tag?post=776762"}],"curies":[{"name":"wp","href":"https:\/\/api.w.org\/{rel}","templated":true}]}}