{"id":776761,"date":"2025-10-05T16:59:48","date_gmt":"2025-10-05T13:59:48","guid":{"rendered":"https:\/\/roveyayinevi.com.tr\/index.php\/urun\/kuzeyli-annem\/"},"modified":"2026-04-16T02:19:18","modified_gmt":"2026-04-15T23:19:18","slug":"kuzeyli-annem","status":"publish","type":"product","link":"https:\/\/roveyayinevi.com.tr\/index.php\/urun\/kuzeyli-annem\/","title":{"rendered":"Kuzeyli Annem"},"content":{"rendered":"<p>\u2018\u2018K\u00fc\u00e7\u00fckl\u00fc\u011f\u00fcmde ne zaman bir \u015feyler yazsam ya da bir resim yapsam, iyi olmu\u015f mu diye anneme sorma ihtiyac\u0131 duyard\u0131m. Ondan icazet almam \u015fartt\u0131. Kendisi hakk\u0131nda yazmamla ilgili bug\u00fcn ne d\u00fc\u015f\u00fcn\u00fcrd\u00fc acaba? Tedirginim, belki de kitab\u0131 sevmeyecek. Alkolik kocas\u0131ndan bahsedilmesinden g\u0131na gelmi\u015f olmal\u0131. Ketum ve \u00e7ekingen olan kendisinden, hayali hastal\u0131klar\u0131ndan, kederinden bahsedilmesini istemiyordur. Sat\u0131r aralar\u0131n\u0131 okumay\u0131 bilecek, bu kitab\u0131n bir ilan\u0131 a\u015fk oldu\u011funu, \u00f6\u011fretmenimizin Anneler G\u00fcn\u00fc i\u00e7in dikte etti\u011fi \u00f6vg\u00fc s\u00f6zleri hari\u00e7, onu sevdi\u011fimi asla s\u00f6ylemeyen benim hatam\u0131 telafi etti\u011fimi anlayabilecek mi? Bunlar\u0131 onu yeniden ya\u015fatmak i\u00e7in yazd\u0131\u011f\u0131m\u0131 anlayabilecek mi? \u00c7\u00fcnk\u00fc onu \u00f6zledi\u011fimi.\u2019\u2019 Jean-Louis Fournier\u2019den yeni bir aile anlat\u0131s\u0131 daha. Kuzeyli Annem t\u0131pk\u0131 di\u011fer Fournier kitaplar\u0131 gibi: sade, \u015fiirsel ve sars\u0131c\u0131&#8230; <\/p>\n","protected":false},"excerpt":{"rendered":"<p>\u2018\u2018K\u00fc\u00e7\u00fckl\u00fc\u011f\u00fcmde ne zaman bir \u015feyler yazsam ya da bir resim yapsam, iyi olmu\u015f mu diye anneme sorma ihtiyac\u0131 duyard\u0131m. Ondan icazet almam \u015fartt\u0131. Kendisi hakk\u0131nda yazmamla<span class=\"excerpt-hellip\"> [\u2026]<\/span><\/p>\n","protected":false},"featured_media":0,"template":"","meta":{"_monsterinsights_skip_tracking":false,"_monsterinsights_sitenote_active":false,"_monsterinsights_sitenote_note":"","_monsterinsights_sitenote_category":0},"product_brand":[],"product_cat":[12291,12711],"product_tag":[],"class_list":{"0":"post-776761","1":"product","2":"type-product","3":"status-publish","5":"product_cat-edebiyat","6":"product_cat-roman-oyku","7":"pa_cilt-ciltsiz","8":"pa_tur-kitap","9":"pa_yayinevi-yapi-kredi-yayinlari","10":"pa_yazar-jean-louis-fournier","12":"first","13":"instock","14":"sale","15":"shipping-taxable","16":"purchasable","17":"product-type-simple"},"_links":{"self":[{"href":"https:\/\/roveyayinevi.com.tr\/index.php\/wp-json\/wp\/v2\/product\/776761","targetHints":{"allow":["GET"]}}],"collection":[{"href":"https:\/\/roveyayinevi.com.tr\/index.php\/wp-json\/wp\/v2\/product"}],"about":[{"href":"https:\/\/roveyayinevi.com.tr\/index.php\/wp-json\/wp\/v2\/types\/product"}],"wp:attachment":[{"href":"https:\/\/roveyayinevi.com.tr\/index.php\/wp-json\/wp\/v2\/media?parent=776761"}],"wp:term":[{"taxonomy":"product_brand","embeddable":true,"href":"https:\/\/roveyayinevi.com.tr\/index.php\/wp-json\/wp\/v2\/product_brand?post=776761"},{"taxonomy":"product_cat","embeddable":true,"href":"https:\/\/roveyayinevi.com.tr\/index.php\/wp-json\/wp\/v2\/product_cat?post=776761"},{"taxonomy":"product_tag","embeddable":true,"href":"https:\/\/roveyayinevi.com.tr\/index.php\/wp-json\/wp\/v2\/product_tag?post=776761"}],"curies":[{"name":"wp","href":"https:\/\/api.w.org\/{rel}","templated":true}]}}