{"id":776760,"date":"2025-10-05T16:51:16","date_gmt":"2025-10-05T13:51:16","guid":{"rendered":"https:\/\/roveyayinevi.com.tr\/index.php\/urun\/din-bilim-ve-bitmeyen-kavga\/"},"modified":"2025-10-06T04:04:58","modified_gmt":"2025-10-06T01:04:58","slug":"din-bilim-ve-bitmeyen-kavga","status":"publish","type":"product","link":"https:\/\/roveyayinevi.com.tr\/index.php\/urun\/din-bilim-ve-bitmeyen-kavga\/","title":{"rendered":"Din-Bilim ve Bitmeyen Kavga"},"content":{"rendered":"<p>Bir an i\u00e7in insanl\u0131\u011f\u0131n yaz\u0131dan yoksun kald\u0131\u011f\u0131n\u0131 d\u00fc\u015f\u00fcnelim. Kitab\u0131 yok sayan \u00f6nemsemeyen okumas\u0131z ve bilin\u00e7siz insanlar\u0131n ilkellikleriyle ba\u015f ba\u015fa kalacaklar\u0131 ku\u015fku g\u00f6t\u00fcrmez. \u0130nsanl\u0131\u011fa e\u015fik atlatt\u0131ran uygarl\u0131klar\u0131n temelinde dil ve yaz\u0131n\u0131n oldu\u011fu \u00f6nemli bir ger\u00e7ektir. Dil ve yaz\u0131 olmasayd\u0131 uygarl\u0131klar dallan\u0131p budaklanamazd\u0131. Karanl\u0131\u011f\u0131n ayd\u0131nl\u0131\u011fa a\u00e7t\u0131\u011f\u0131 sava\u015f\u0131 yenecek tek g\u00fc\u00e7 \u201cOkuma Sanat\u0131\u201dd\u0131r. Tarikat\/Cemaat kre\u015flerinde, okullar\u0131nda, evlerinde, dershanelerinde m\u00fcrit olarak e\u011fitilen insanlar sorgulamazlar, ele\u015ftirmezler ve tart\u0131\u015fmazlar. Bu k\u00fclt\u00fcrle, bu efsunla\u015fm\u0131\u015f kafalarla bilim \u00fcretilebilir mi? Bilimle din e\u015fde\u011fer g\u00f6sterilebilir mi? Faik Acar bu kitab\u0131nda, T\u00fcrkiye\u2019deki e\u011fitim i\u00e7indeki e\u011fitimsizli\u011fe dikkat \u00e7ekerken, Aristoteles ve Galileo\u2019dan bu yana s\u00fcre gelen din-bilim \u00e7at\u0131\u015fmalar\u0131na dikkat \u00e7ekmektedir. Din adamlar\u0131yla bilim insanlar\u0131n\u0131n g\u00f6klerdeki egemenlik kavgas\u0131 t\u00fcmdengelimle t\u00fcmevar\u0131m\u0131n kavgas\u0131d\u0131r. Yazar, Tevrat ve Kur\u2019an\u2019da S\u00fcmer k\u00f6klerini ara\u015ft\u0131r\u0131rken, Yasak Meyve\u2019den Habil ve Kabil\u2019in \u00f6yk\u00fcs\u00fcne, Nuh efsanesinden kad\u0131n\u0131n S\u00fcmer\u2019de de Kur\u2019an\u2019da da tarla benzetmesine kadar ortak noktalar\u0131n\u0131 dile getirmekte ve her dinin \u201chayal\u201d edilmi\u015f bir \u201csistem\u201d oldu\u011fu sonucuna ula\u015fmaktad\u0131r. <\/p>\n","protected":false},"excerpt":{"rendered":"<p>Bir an i\u00e7in insanl\u0131\u011f\u0131n yaz\u0131dan yoksun kald\u0131\u011f\u0131n\u0131 d\u00fc\u015f\u00fcnelim. Kitab\u0131 yok sayan \u00f6nemsemeyen okumas\u0131z ve bilin\u00e7siz insanlar\u0131n ilkellikleriyle ba\u015f ba\u015fa kalacaklar\u0131 ku\u015fku g\u00f6t\u00fcrmez. \u0130nsanl\u0131\u011fa e\u015fik atlatt\u0131ran uygarl\u0131klar\u0131n<span class=\"excerpt-hellip\"> [\u2026]<\/span><\/p>\n","protected":false},"featured_media":0,"template":"","meta":{"_monsterinsights_skip_tracking":false,"_monsterinsights_sitenote_active":false,"_monsterinsights_sitenote_note":"","_monsterinsights_sitenote_category":0},"product_brand":[],"product_cat":[13590,12337],"product_tag":[],"class_list":{"0":"post-776760","1":"product","2":"type-product","3":"status-publish","5":"product_cat-arastirma-inceleme-politika-siyaset","6":"product_cat-politika-siyaset","7":"pa_cilt-ciltsiz","8":"pa_tur-kitap","9":"pa_yayinevi-berfin-yayinlari","10":"pa_yazar-faik-acar","12":"first","13":"instock","14":"sale","15":"shipping-taxable","16":"purchasable","17":"product-type-simple"},"_links":{"self":[{"href":"https:\/\/roveyayinevi.com.tr\/index.php\/wp-json\/wp\/v2\/product\/776760","targetHints":{"allow":["GET"]}}],"collection":[{"href":"https:\/\/roveyayinevi.com.tr\/index.php\/wp-json\/wp\/v2\/product"}],"about":[{"href":"https:\/\/roveyayinevi.com.tr\/index.php\/wp-json\/wp\/v2\/types\/product"}],"wp:attachment":[{"href":"https:\/\/roveyayinevi.com.tr\/index.php\/wp-json\/wp\/v2\/media?parent=776760"}],"wp:term":[{"taxonomy":"product_brand","embeddable":true,"href":"https:\/\/roveyayinevi.com.tr\/index.php\/wp-json\/wp\/v2\/product_brand?post=776760"},{"taxonomy":"product_cat","embeddable":true,"href":"https:\/\/roveyayinevi.com.tr\/index.php\/wp-json\/wp\/v2\/product_cat?post=776760"},{"taxonomy":"product_tag","embeddable":true,"href":"https:\/\/roveyayinevi.com.tr\/index.php\/wp-json\/wp\/v2\/product_tag?post=776760"}],"curies":[{"name":"wp","href":"https:\/\/api.w.org\/{rel}","templated":true}]}}