{"id":776759,"date":"2025-10-05T16:51:06","date_gmt":"2025-10-05T13:51:06","guid":{"rendered":"https:\/\/roveyayinevi.com.tr\/index.php\/urun\/babilliler-tarih-toplum-kultur\/"},"modified":"2026-04-16T02:17:59","modified_gmt":"2026-04-15T23:17:59","slug":"babilliler-tarih-toplum-kultur","status":"publish","type":"product","link":"https:\/\/roveyayinevi.com.tr\/index.php\/urun\/babilliler-tarih-toplum-kultur\/","title":{"rendered":"Babilliler (Tarih, Toplum, K\u00fclt\u00fcr)"},"content":{"rendered":"<p>Babil Kulesi gibi efsanelerin ve \u00f6nyarg\u0131lar\u0131n \u00f6tesinde, Babilliler, yaz\u0131 dilinin erken geli\u015fiminde, astroloji, t\u0131p ve matematik gibi bilimlerde b\u0131rakt\u0131klar\u0131 etkilerle insanl\u0131\u011f\u0131n en eski y\u00fcksek uygarl\u0131\u011f\u0131 olarak ortaya \u00e7\u0131karlar. M\u00d6 18. y\u00fczy\u0131lda kal\u0131c\u0131 bir imparatorlu\u011fa bi\u00e7im veren ve kapsaml\u0131 bir yasalar b\u00fct\u00fcn\u00fc yaratan Kral Hammurabi \u00f6l\u00fcms\u00fcz bir \u00fcn kazanm\u0131\u015f, son olarak M\u00d6 1200\u2019de yaz\u0131lm\u0131\u015f olan G\u0131lgam\u0131\u015f Destan\u0131 d\u00fcnya edebiyat\u0131n\u0131n ba\u015fyap\u0131tlar\u0131aras\u0131na girmi\u015ftir.Babillilerin tarihini bu k\u00fc\u00e7\u00fck kitapta ustaca \u00f6zetleyen Michael Jursa bu uygarl\u0131\u011f\u0131n ekonomik, toplumsal, dinsel ve k\u00fclt\u00fcrel \u00f6zelliklerini anla\u015f\u0131l\u0131r bir dille sunuyor ve eski Do\u011fu\u2019nun bu \u00f6nemli halk\u0131n\u0131 daha yak\u0131ndan tan\u0131maya y\u00f6nelik bir ilgi uyand\u0131r\u0131yor. <\/p>\n","protected":false},"excerpt":{"rendered":"<p>Babil Kulesi gibi efsanelerin ve \u00f6nyarg\u0131lar\u0131n \u00f6tesinde, Babilliler, yaz\u0131 dilinin erken geli\u015fiminde, astroloji, t\u0131p ve matematik gibi bilimlerde b\u0131rakt\u0131klar\u0131 etkilerle insanl\u0131\u011f\u0131n en eski y\u00fcksek uygarl\u0131\u011f\u0131 olarak<span class=\"excerpt-hellip\"> [\u2026]<\/span><\/p>\n","protected":false},"featured_media":0,"template":"","meta":{"_monsterinsights_skip_tracking":false,"_monsterinsights_sitenote_active":false,"_monsterinsights_sitenote_note":"","_monsterinsights_sitenote_category":0},"product_brand":[],"product_cat":[12312,12304],"product_tag":[],"class_list":{"0":"post-776759","1":"product","2":"type-product","3":"status-publish","5":"product_cat-diger","6":"product_cat-tarih","7":"pa_cilt-ciltsiz","8":"pa_tur-kitap","9":"pa_yayinevi-alfa-yayinlari","10":"pa_yazar-michael-jursa","12":"first","13":"instock","14":"sale","15":"shipping-taxable","16":"purchasable","17":"product-type-simple"},"_links":{"self":[{"href":"https:\/\/roveyayinevi.com.tr\/index.php\/wp-json\/wp\/v2\/product\/776759","targetHints":{"allow":["GET"]}}],"collection":[{"href":"https:\/\/roveyayinevi.com.tr\/index.php\/wp-json\/wp\/v2\/product"}],"about":[{"href":"https:\/\/roveyayinevi.com.tr\/index.php\/wp-json\/wp\/v2\/types\/product"}],"wp:attachment":[{"href":"https:\/\/roveyayinevi.com.tr\/index.php\/wp-json\/wp\/v2\/media?parent=776759"}],"wp:term":[{"taxonomy":"product_brand","embeddable":true,"href":"https:\/\/roveyayinevi.com.tr\/index.php\/wp-json\/wp\/v2\/product_brand?post=776759"},{"taxonomy":"product_cat","embeddable":true,"href":"https:\/\/roveyayinevi.com.tr\/index.php\/wp-json\/wp\/v2\/product_cat?post=776759"},{"taxonomy":"product_tag","embeddable":true,"href":"https:\/\/roveyayinevi.com.tr\/index.php\/wp-json\/wp\/v2\/product_tag?post=776759"}],"curies":[{"name":"wp","href":"https:\/\/api.w.org\/{rel}","templated":true}]}}