{"id":776758,"date":"2025-10-05T16:35:04","date_gmt":"2025-10-05T13:35:04","guid":{"rendered":"https:\/\/roveyayinevi.com.tr\/index.php\/urun\/evvelotel-sakli\/"},"modified":"2026-04-16T02:15:34","modified_gmt":"2026-04-15T23:15:34","slug":"evvelotel-sakli","status":"publish","type":"product","link":"https:\/\/roveyayinevi.com.tr\/index.php\/urun\/evvelotel-sakli\/","title":{"rendered":"Evvelotel &#8211; Sakl\u0131"},"content":{"rendered":"<p>Ayfer Tun\u00e7 1989\u2019da yay\u0131nlanan ve ayn\u0131 y\u0131l Yunus Nadi \u00d6yk\u00fc Arma\u011fan\u0131\u2019n\u0131 kazanan ilk kitab\u0131 Sakl\u0131\u2019n\u0131n \u00f6yk\u00fclerindeki temalar\u0131n ve\/veya karakterlerin bir \u00e7\u0131k\u0131\u015f noktas\u0131 olu\u015fturdu\u011fu yeni \u00f6yk\u00fc kitab\u0131 Evvelotel ile yakla\u015f\u0131k \u00fc\u00e7 y\u0131l aradan sonra okurun kar\u015f\u0131s\u0131na \u00e7\u0131k\u0131yor. Edebiyat\u0131m\u0131zda pek \u00f6rne\u011fine rastlamad\u0131\u011f\u0131m\u0131z t\u00fcrden bir \u00e7al\u0131\u015fma olan Evvelotel\u2019in koyu \u00f6yk\u00fcleri, Sakl\u0131\u2019n\u0131n \u00f6yk\u00fclerinin devam\u0131 de\u011fil; ancak, yazar\u0131n Kapak K\u0131z\u0131 adl\u0131 roman\u0131n\u0131n sonunda da vurgulad\u0131\u011f\u0131 gibi, yazar\u0131n zihninde karakterlerin ya\u015famay\u0131, temalar\u0131n kendini \u00fcretmeyi s\u00fcrd\u00fcrd\u00fc\u011f\u00fcn\u00fc g\u00f6steriyor. \u0130lk kitab\u0131 Sakl\u0131\u2019y\u0131 da i\u00e7eren Evvelotel, Ayfer Tun\u00e7\u2019un yap\u0131tlar\u0131 i\u00e7erisinde yepyeni bir doruk. Gerek \u00e7ok katmanl\u0131 yap\u0131s\u0131yla, gerek \u00f6yk\u00fcc\u00fcl\u00fc\u011f\u00fcm\u00fcze getirdi\u011fi a\u00e7\u0131l\u0131mlarla, gerek yap\u0131t\u0131n ger\u00e7ekte tamamlanmam\u0131\u015f bir s\u00fcre\u00e7 oldu\u011funu hat\u0131rlat\u0131\u015f\u0131yla Evvelotel, \u00e7ok konu\u015fulmaya aday.<\/p>\n","protected":false},"excerpt":{"rendered":"<p>Ayfer Tun\u00e7 1989\u2019da yay\u0131nlanan ve ayn\u0131 y\u0131l Yunus Nadi \u00d6yk\u00fc Arma\u011fan\u0131\u2019n\u0131 kazanan ilk kitab\u0131 Sakl\u0131\u2019n\u0131n \u00f6yk\u00fclerindeki temalar\u0131n ve\/veya karakterlerin bir \u00e7\u0131k\u0131\u015f noktas\u0131 olu\u015fturdu\u011fu yeni \u00f6yk\u00fc kitab\u0131<span class=\"excerpt-hellip\"> [\u2026]<\/span><\/p>\n","protected":false},"featured_media":0,"template":"","meta":{"_monsterinsights_skip_tracking":false,"_monsterinsights_sitenote_active":false,"_monsterinsights_sitenote_note":"","_monsterinsights_sitenote_category":0},"product_brand":[],"product_cat":[12291,12711],"product_tag":[],"class_list":{"0":"post-776758","1":"product","2":"type-product","3":"status-publish","5":"product_cat-edebiyat","6":"product_cat-roman-oyku","7":"pa_cilt-ciltsiz","8":"pa_tur-kitap","9":"pa_yayinevi-can-yayinlari","10":"pa_yazar-ayfer-tunc","12":"first","13":"instock","14":"sale","15":"shipping-taxable","16":"purchasable","17":"product-type-simple"},"_links":{"self":[{"href":"https:\/\/roveyayinevi.com.tr\/index.php\/wp-json\/wp\/v2\/product\/776758","targetHints":{"allow":["GET"]}}],"collection":[{"href":"https:\/\/roveyayinevi.com.tr\/index.php\/wp-json\/wp\/v2\/product"}],"about":[{"href":"https:\/\/roveyayinevi.com.tr\/index.php\/wp-json\/wp\/v2\/types\/product"}],"wp:attachment":[{"href":"https:\/\/roveyayinevi.com.tr\/index.php\/wp-json\/wp\/v2\/media?parent=776758"}],"wp:term":[{"taxonomy":"product_brand","embeddable":true,"href":"https:\/\/roveyayinevi.com.tr\/index.php\/wp-json\/wp\/v2\/product_brand?post=776758"},{"taxonomy":"product_cat","embeddable":true,"href":"https:\/\/roveyayinevi.com.tr\/index.php\/wp-json\/wp\/v2\/product_cat?post=776758"},{"taxonomy":"product_tag","embeddable":true,"href":"https:\/\/roveyayinevi.com.tr\/index.php\/wp-json\/wp\/v2\/product_tag?post=776758"}],"curies":[{"name":"wp","href":"https:\/\/api.w.org\/{rel}","templated":true}]}}