{"id":776756,"date":"2025-10-05T16:33:10","date_gmt":"2025-10-05T13:33:10","guid":{"rendered":"https:\/\/roveyayinevi.com.tr\/index.php\/urun\/mezopotamya\/"},"modified":"2026-04-16T02:14:58","modified_gmt":"2026-04-15T23:14:58","slug":"mezopotamya","status":"publish","type":"product","link":"https:\/\/roveyayinevi.com.tr\/index.php\/urun\/mezopotamya\/","title":{"rendered":"Mezopotamya"},"content":{"rendered":"<p>\u0130nsanl\u0131\u011f\u0131n en eski y\u00fcksek uygarl\u0131klar\u0131 Mezopotamya\u2019da, F\u0131rat ile Dicle nehirleri aras\u0131ndaki bereketli topraklarda do\u011fdu. G\u00fcn\u00fcm\u00fczden 5000 y\u0131l \u00f6nce ba\u015flayan bu geli\u015fime, b\u00f6lgeye g\u00f6\u00e7 eden halklar aras\u0131ndaki etkile\u015fim ve k\u00fclt\u00fcr al\u0131\u015fveri\u015fi damgas\u0131n\u0131 vurdu. \u201cBereketli Hilal,\u201d b\u00f6lgede pek \u00e7ok sava\u015fa sahne oldu;  iktidarlar ve imparatorluklar y\u0131k\u0131ld\u0131, yenileri kuruldu. Ama Mezopotamya, uygarl\u0131\u011f\u0131n Neolitik \u00c7a\u011fdan bu yana binlerce y\u0131l kesintisiz bir bi\u00e7imde s\u00fcrd\u00fc\u011f\u00fc tek co\u011frafyayd\u0131.  \u00c7e\u015fitli halklar\u0131n birbirlerinden beslendi\u011fi e\u015fsiz Mezopotamya\u2019n\u0131n tarihi, S\u00fcmerler, Akkadlar, Ammurrular, Kassitler, Assurlar, Hurriler, Aramlar, Persler, Yunanlar, Partlar ve Sasanilerin de tarihidir.  \u0130slam\u0131n b\u00f6lgedeki zaferine kadar Mezopotamya tarihini ve k\u00fclt\u00fcr\u00fcn\u00fc bi\u00e7imlendiren uygarl\u0131klar\u0131n tarihi bu kitapta s\u00fcr\u00fckleyici ve kolay anla\u015f\u0131l\u0131r bir dille anlat\u0131l\u0131yor. <\/p>\n","protected":false},"excerpt":{"rendered":"<p>\u0130nsanl\u0131\u011f\u0131n en eski y\u00fcksek uygarl\u0131klar\u0131 Mezopotamya\u2019da, F\u0131rat ile Dicle nehirleri aras\u0131ndaki bereketli topraklarda do\u011fdu. G\u00fcn\u00fcm\u00fczden 5000 y\u0131l \u00f6nce ba\u015flayan bu geli\u015fime, b\u00f6lgeye g\u00f6\u00e7 eden halklar aras\u0131ndaki<span class=\"excerpt-hellip\"> [\u2026]<\/span><\/p>\n","protected":false},"featured_media":0,"template":"","meta":{"_monsterinsights_skip_tracking":false,"_monsterinsights_sitenote_active":false,"_monsterinsights_sitenote_note":"","_monsterinsights_sitenote_category":0},"product_brand":[],"product_cat":[12370,12304],"product_tag":[],"class_list":{"0":"post-776756","1":"product","2":"type-product","3":"status-publish","5":"product_cat-arastirma-inceleme","6":"product_cat-tarih","7":"pa_cilt-ciltsiz","8":"pa_tur-kitap","9":"pa_yayinevi-alfa-yayinlari","10":"pa_yazar-barthel-hrouda","12":"first","13":"instock","14":"sale","15":"shipping-taxable","16":"purchasable","17":"product-type-simple"},"_links":{"self":[{"href":"https:\/\/roveyayinevi.com.tr\/index.php\/wp-json\/wp\/v2\/product\/776756","targetHints":{"allow":["GET"]}}],"collection":[{"href":"https:\/\/roveyayinevi.com.tr\/index.php\/wp-json\/wp\/v2\/product"}],"about":[{"href":"https:\/\/roveyayinevi.com.tr\/index.php\/wp-json\/wp\/v2\/types\/product"}],"wp:attachment":[{"href":"https:\/\/roveyayinevi.com.tr\/index.php\/wp-json\/wp\/v2\/media?parent=776756"}],"wp:term":[{"taxonomy":"product_brand","embeddable":true,"href":"https:\/\/roveyayinevi.com.tr\/index.php\/wp-json\/wp\/v2\/product_brand?post=776756"},{"taxonomy":"product_cat","embeddable":true,"href":"https:\/\/roveyayinevi.com.tr\/index.php\/wp-json\/wp\/v2\/product_cat?post=776756"},{"taxonomy":"product_tag","embeddable":true,"href":"https:\/\/roveyayinevi.com.tr\/index.php\/wp-json\/wp\/v2\/product_tag?post=776756"}],"curies":[{"name":"wp","href":"https:\/\/api.w.org\/{rel}","templated":true}]}}