{"id":776755,"date":"2025-10-05T16:29:49","date_gmt":"2025-10-05T13:29:49","guid":{"rendered":"https:\/\/roveyayinevi.com.tr\/index.php\/urun\/yureginin-goturdugu-yere-git\/"},"modified":"2026-04-16T02:14:33","modified_gmt":"2026-04-15T23:14:33","slug":"yureginin-goturdugu-yere-git","status":"publish","type":"product","link":"https:\/\/roveyayinevi.com.tr\/index.php\/urun\/yureginin-goturdugu-yere-git\/","title":{"rendered":"Y\u00fcre\u011finin G\u00f6t\u00fcrd\u00fc\u011f\u00fc Yere Git"},"content":{"rendered":"<p>Y\u00fcre\u011finin G\u00f6t\u00fcrd\u00fc\u011f\u00fc Yere Git, seksen ya\u015f\u0131nda bir b\u00fcy\u00fckannenin uzaklardaki torununa yazd\u0131\u011f\u0131 mektuplardan olu\u015fur. Alabildi\u011fine yal\u0131n, g\u00fcndelik konu\u015fma diliyle yaz\u0131lm\u0131\u015f bu sevgi dolu mektuplar, hem bir i\u00e7 d\u00f6k\u00fc\u015f, hem de bir bilgenin vasiyeti niteli\u011finde. <\/p>\n","protected":false},"excerpt":{"rendered":"<p>Y\u00fcre\u011finin G\u00f6t\u00fcrd\u00fc\u011f\u00fc Yere Git, seksen ya\u015f\u0131nda bir b\u00fcy\u00fckannenin uzaklardaki torununa yazd\u0131\u011f\u0131 mektuplardan olu\u015fur. Alabildi\u011fine yal\u0131n, g\u00fcndelik konu\u015fma diliyle yaz\u0131lm\u0131\u015f bu sevgi dolu mektuplar, hem bir i\u00e7<span class=\"excerpt-hellip\"> [\u2026]<\/span><\/p>\n","protected":false},"featured_media":0,"template":"","meta":{"_monsterinsights_skip_tracking":false,"_monsterinsights_sitenote_active":false,"_monsterinsights_sitenote_note":"","_monsterinsights_sitenote_category":0},"product_brand":[],"product_cat":[12291,14218],"product_tag":[],"class_list":{"0":"post-776755","1":"product","2":"type-product","3":"status-publish","5":"product_cat-edebiyat","6":"product_cat-italyan-edebiyati","7":"pa_cilt-ciltsiz","8":"pa_tur-kitap","9":"pa_yayinevi-can-yayinlari","10":"pa_yazar-susanna-tamaro","12":"first","13":"instock","14":"sale","15":"shipping-taxable","16":"purchasable","17":"product-type-simple"},"_links":{"self":[{"href":"https:\/\/roveyayinevi.com.tr\/index.php\/wp-json\/wp\/v2\/product\/776755","targetHints":{"allow":["GET"]}}],"collection":[{"href":"https:\/\/roveyayinevi.com.tr\/index.php\/wp-json\/wp\/v2\/product"}],"about":[{"href":"https:\/\/roveyayinevi.com.tr\/index.php\/wp-json\/wp\/v2\/types\/product"}],"wp:attachment":[{"href":"https:\/\/roveyayinevi.com.tr\/index.php\/wp-json\/wp\/v2\/media?parent=776755"}],"wp:term":[{"taxonomy":"product_brand","embeddable":true,"href":"https:\/\/roveyayinevi.com.tr\/index.php\/wp-json\/wp\/v2\/product_brand?post=776755"},{"taxonomy":"product_cat","embeddable":true,"href":"https:\/\/roveyayinevi.com.tr\/index.php\/wp-json\/wp\/v2\/product_cat?post=776755"},{"taxonomy":"product_tag","embeddable":true,"href":"https:\/\/roveyayinevi.com.tr\/index.php\/wp-json\/wp\/v2\/product_tag?post=776755"}],"curies":[{"name":"wp","href":"https:\/\/api.w.org\/{rel}","templated":true}]}}