{"id":776752,"date":"2025-10-05T16:14:28","date_gmt":"2025-10-05T13:14:28","guid":{"rendered":"https:\/\/roveyayinevi.com.tr\/index.php\/urun\/kerbela-ve-matem\/"},"modified":"2025-10-06T03:29:05","modified_gmt":"2025-10-06T00:29:05","slug":"kerbela-ve-matem","status":"publish","type":"product","link":"https:\/\/roveyayinevi.com.tr\/index.php\/urun\/kerbela-ve-matem\/","title":{"rendered":"Kerbela ve Matem"},"content":{"rendered":"<p>Anadolu Alevileri G\u00f6\u00e7ebe O\u011fuzlar ad\u0131 alt\u0131nda Asya&#8217;dan Anadoluya gelirken kendilerine \u0130slam yelpazesi i\u00e7inde yer ar\u0131yorlard\u0131. Ehl-i Beyt&#8217;in u\u011frad\u0131\u011f\u0131 korkun\u00e7 bask\u0131 olan ezilenin yan\u0131na itti. H\u00fcseyinle \u00f6zde\u015ftiler. Her t\u00f6rende Kerbela \u015fehidine a\u011flad\u0131lar onu and\u0131lar ve onun i\u00e7in dua ettiler. Hi\u00e7bir inan\u00e7 sahibi Anadolu Alevi K\u0131z\u0131lba\u015flar\u0131 kadar bu olay\u0131 i\u00e7ten anmad\u0131. Onlar\u0131n bu olay\u0131 benimsemelerinden sonra her ailede binlerce H\u00fcseyin adl\u0131 o\u011ful do\u011fdu, b\u00fcy\u00fcd\u00fc. H\u00fcseyin ad\u0131 kutsal bayrak gibi dalgalan\u0131p durdu. Her haks\u0131zl\u0131\u011f\u0131n \u00f6n\u00fcne H\u00fcseyin ad\u0131 dikildi. <\/p>\n","protected":false},"excerpt":{"rendered":"<p>Anadolu Alevileri G\u00f6\u00e7ebe O\u011fuzlar ad\u0131 alt\u0131nda Asya&#8217;dan Anadoluya gelirken kendilerine \u0130slam yelpazesi i\u00e7inde yer ar\u0131yorlard\u0131. Ehl-i Beyt&#8217;in u\u011frad\u0131\u011f\u0131 korkun\u00e7 bask\u0131 olan ezilenin yan\u0131na itti. H\u00fcseyinle \u00f6zde\u015ftiler.<span class=\"excerpt-hellip\"> [\u2026]<\/span><\/p>\n","protected":false},"featured_media":0,"template":"","meta":{"_monsterinsights_skip_tracking":false,"_monsterinsights_sitenote_active":false,"_monsterinsights_sitenote_note":"","_monsterinsights_sitenote_category":0},"product_brand":[],"product_cat":[13575,12718,12719],"product_tag":[],"class_list":{"0":"post-776752","1":"product","2":"type-product","3":"status-publish","5":"product_cat-alevilik-bektasilik","6":"product_cat-din","7":"product_cat-islam","8":"pa_tur-kitap","9":"pa_yayinevi-can-yayinlari-ali-adil-atalay","10":"pa_yazar-ali-adil-atalay-vaktidolu","12":"first","13":"instock","14":"sale","15":"shipping-taxable","16":"purchasable","17":"product-type-simple"},"_links":{"self":[{"href":"https:\/\/roveyayinevi.com.tr\/index.php\/wp-json\/wp\/v2\/product\/776752","targetHints":{"allow":["GET"]}}],"collection":[{"href":"https:\/\/roveyayinevi.com.tr\/index.php\/wp-json\/wp\/v2\/product"}],"about":[{"href":"https:\/\/roveyayinevi.com.tr\/index.php\/wp-json\/wp\/v2\/types\/product"}],"wp:attachment":[{"href":"https:\/\/roveyayinevi.com.tr\/index.php\/wp-json\/wp\/v2\/media?parent=776752"}],"wp:term":[{"taxonomy":"product_brand","embeddable":true,"href":"https:\/\/roveyayinevi.com.tr\/index.php\/wp-json\/wp\/v2\/product_brand?post=776752"},{"taxonomy":"product_cat","embeddable":true,"href":"https:\/\/roveyayinevi.com.tr\/index.php\/wp-json\/wp\/v2\/product_cat?post=776752"},{"taxonomy":"product_tag","embeddable":true,"href":"https:\/\/roveyayinevi.com.tr\/index.php\/wp-json\/wp\/v2\/product_tag?post=776752"}],"curies":[{"name":"wp","href":"https:\/\/api.w.org\/{rel}","templated":true}]}}