{"id":776748,"date":"2025-10-05T15:29:11","date_gmt":"2025-10-05T12:29:11","guid":{"rendered":"https:\/\/roveyayinevi.com.tr\/index.php\/urun\/caz-kitabi\/"},"modified":"2026-04-16T02:06:26","modified_gmt":"2026-04-15T23:06:26","slug":"caz-kitabi","status":"publish","type":"product","link":"https:\/\/roveyayinevi.com.tr\/index.php\/urun\/caz-kitabi\/","title":{"rendered":"Caz Kitab\u0131"},"content":{"rendered":"<p>Art\u0131k \u00e7\u0131\u011f\u0131r\u0131ndan \u00e7\u0131kan seyretme k\u00fclt\u00fcr\u00fc kar\u015f\u0131s\u0131nda duyma ile yeni bir ili\u015fki kurulmas\u0131 gere\u011finden yola \u00e7\u0131kan Joachim E. Berendt, kitab\u0131n\u0131n hedefini ba\u015flang\u0131c\u0131ndan bug\u00fcne t\u00fcm caz\u0131 kapsamak olarak koyuyor. \u00c7o\u011fu m\u00fczik ele\u015ftirmeninin tersine tek bir stil \u00fczerinde yo\u011funla\u015fm\u0131yor; bilgisini, sadece bir t\u00fcr m\u00fczikle duygusal ili\u015fkiye girerek geli\u015ftirmek yerine duyguyu ve bilgiyi s\u00fcrekli s\u0131namak, sorgulamak ve yenilemek gerekti\u011fine inanarak ragtime\u2019dan postmodern caza kadar t\u00fcm ak\u0131m ve stilleri, solistleri, gruplar\u0131 ve enstr\u00fcmanlar\u0131 kronolojik olarak tek tek inceliyor. \u00d6nceki d\u00f6nemlerin armonik caz\u0131 kadar g\u00fcn\u00fcm\u00fcz\u00fcn elektronik m\u00fczi\u011fine de sayg\u0131 duyuyor; elektronik t\u0131n\u0131lar\u0131n cazdan rhythm-blues\u2019a, rock\u2019tan pop\u2019a t\u00fcm m\u00fczik stillerini etkilemesini modern insan\u0131n duyum ihtiyac\u0131n\u0131n da elektronikle\u015fmesinin g\u00f6stergesi olarak g\u00f6r\u00fcyor ve g\u00f6r\u00fc\u015f\u00fcn\u00fcn kan\u0131tlar\u0131n\u0131 &#8230;bunun, toplumun b\u00fct\u00fcn katmanlar\u0131n\u0131, b\u00fct\u00fcn s\u0131n\u0131flar\u0131 kesen bir geli\u015fme olmas\u0131nda; kenar mahallelerden gettolara, entelekt\u00fcel d\u00fcnyan\u0131n m\u00fczik festivallerine kadar&#8230; yay\u0131lmas\u0131nda buluyor. Ayr\u0131ca hem inceledi\u011fi d\u00f6nemlerin hem de caz\u0131n yarat\u0131c\u0131s\u0131 olan siyahlar\u0131n toplumsal ger\u00e7eklerini g\u00f6z \u00f6n\u00fcnde tutarak yap\u0131yor bu incelemeyi. Modern ileti\u015fim toplumunda bilgi inan\u0131lmaz bir h\u0131zla yay\u0131l\u0131rken \u00fclkeler ve k\u00fclt\u00fcrler aras\u0131ndaki mesafe de giderek azal\u0131yor; m\u00fczisyenler s\u00fcrekli farkl\u0131 t\u0131n\u0131lar, melodiler, g\u00fcr\u00fclt\u00fcler ve seslerle \u2018m\u00fczikal bilgi bombard\u0131man\u0131\u2019 alt\u0131nda ya\u015f\u0131yorlar. Etkilenmek ka\u00e7\u0131n\u0131lmazd\u0131r; hepsini dinliyoruz diyen \u00fcnl\u00fc bir caz ustas\u0131ndan al\u0131nt\u0131 yaparak caz\u0131 evrensel bir \u00e7er\u00e7eveye oturtuyor.\ufffcTan\u0131t\u0131m Metni<\/p>\n","protected":false},"excerpt":{"rendered":"<p>Art\u0131k \u00e7\u0131\u011f\u0131r\u0131ndan \u00e7\u0131kan seyretme k\u00fclt\u00fcr\u00fc kar\u015f\u0131s\u0131nda duyma ile yeni bir ili\u015fki kurulmas\u0131 gere\u011finden yola \u00e7\u0131kan Joachim E. Berendt, kitab\u0131n\u0131n hedefini ba\u015flang\u0131c\u0131ndan bug\u00fcne t\u00fcm caz\u0131 kapsamak olarak<span class=\"excerpt-hellip\"> [\u2026]<\/span><\/p>\n","protected":false},"featured_media":0,"template":"","meta":{"_monsterinsights_skip_tracking":false,"_monsterinsights_sitenote_active":false,"_monsterinsights_sitenote_note":"","_monsterinsights_sitenote_category":0},"product_brand":[],"product_cat":[14591,14556],"product_tag":[],"class_list":{"0":"post-776748","1":"product","2":"type-product","3":"status-publish","5":"product_cat-genel-kavramlar-kuram-ve-tarihce","6":"product_cat-muzik","7":"pa_cilt-ciltsiz","8":"pa_tur-kitap","9":"pa_yayinevi-ayrinti-yayinlari","10":"pa_yazar-joachim-e-berendt","12":"first","13":"instock","14":"sale","15":"shipping-taxable","16":"purchasable","17":"product-type-simple"},"_links":{"self":[{"href":"https:\/\/roveyayinevi.com.tr\/index.php\/wp-json\/wp\/v2\/product\/776748","targetHints":{"allow":["GET"]}}],"collection":[{"href":"https:\/\/roveyayinevi.com.tr\/index.php\/wp-json\/wp\/v2\/product"}],"about":[{"href":"https:\/\/roveyayinevi.com.tr\/index.php\/wp-json\/wp\/v2\/types\/product"}],"wp:attachment":[{"href":"https:\/\/roveyayinevi.com.tr\/index.php\/wp-json\/wp\/v2\/media?parent=776748"}],"wp:term":[{"taxonomy":"product_brand","embeddable":true,"href":"https:\/\/roveyayinevi.com.tr\/index.php\/wp-json\/wp\/v2\/product_brand?post=776748"},{"taxonomy":"product_cat","embeddable":true,"href":"https:\/\/roveyayinevi.com.tr\/index.php\/wp-json\/wp\/v2\/product_cat?post=776748"},{"taxonomy":"product_tag","embeddable":true,"href":"https:\/\/roveyayinevi.com.tr\/index.php\/wp-json\/wp\/v2\/product_tag?post=776748"}],"curies":[{"name":"wp","href":"https:\/\/api.w.org\/{rel}","templated":true}]}}