{"id":776745,"date":"2025-10-05T14:54:36","date_gmt":"2025-10-05T11:54:36","guid":{"rendered":"https:\/\/roveyayinevi.com.tr\/index.php\/urun\/gercek-3\/"},"modified":"2026-04-16T02:00:20","modified_gmt":"2026-04-15T23:00:20","slug":"gercek-3","status":"publish","type":"product","link":"https:\/\/roveyayinevi.com.tr\/index.php\/urun\/gercek-3\/","title":{"rendered":"Ger\u00e7ek"},"content":{"rendered":"<p>7 A\u011fustos 1902-15 \u015eubat 1903 aras\u0131nda Paris\u2019te Aurore\u2019da tefrika edilen Ger\u00e7ek, 1903\u2019te CharpentierYay\u0131nlar\u0131nda kitap olarak yay\u0131nlanm\u0131\u015ft\u0131r.Zola\u2019n\u0131n Quatre Evangiles (D\u00f6rt \u0130ncil) dizisinin \u00fc\u00e7\u00fcn\u00e7\u00fc kitab\u0131 olan yap\u0131t, do\u011frudan do\u011fruya Dreyfus olay\u0131naba\u011fl\u0131d\u0131r; Simon-Dreyfus kahramanlar\u0131ndan Gorgias-Esterhazy kahramanlar\u0131na kadar bu olay\u0131n serbestuyarlamas\u0131d\u0131r ve Dreyfus olay\u0131ndaki t\u00fcm kamuoyu aldatmacalar\u0131na ve adli vah\u015fetlere Ger\u00e7ek\u2019te derastlan\u0131r.Yap\u0131ttaki temel kar\u015f\u0131tl\u0131k hi\u00e7 ku\u015fkusuz gelece\u011fin g\u00fc\u00e7leriyle karanl\u0131k\u00e7\u0131l\u0131\u011f\u0131n \u00e7at\u0131\u015fmas\u0131d\u0131r. Gelecek taraf\u0131ndacumhuriyet\u00e7i d\u00fc\u015f\u00fcncenin silah\u0131 ve simgesi, dinsel az\u0131nl\u0131\u011f\u0131 entegre edebilen, herkese yurtta\u015fl\u0131k hakk\u0131 verenokul vard\u0131r; bunun d\u0131\u015f\u0131nda sosyalizm, y\u00fcce g\u00f6n\u00fcll\u00fcl\u00fck ve ak\u0131l vard\u0131r. Bunlar\u0131n kar\u015f\u0131s\u0131nda birle\u015fmi\u015f iki d\u00fc\u015fman g\u00f6r\u00fcr\u00fcz: Baz\u0131 istisnalar d\u0131\u015f\u0131nda Kilise, konformist burjuvalar\u0131, yozla\u015fm\u0131\u015f adli kurumlar\u0131 ve b\u00fct\u00fcn emirlere itaat eden bas\u0131n\u0131yla gericilik. S\u00fcrekli m\u00fccadeleye mahk\u00fbm cesur e\u011fitimciler (Marc) ya da kurbanlar (Simon), ayn\u0131 zamanda kurnaz, entrikac\u0131, g\u00fc\u00e7 ve paraya susam\u0131\u015f a\u00e7g\u00f6zl\u00fc, sap\u0131k insanlar (Gorgias) dik-kate al\u0131nd\u0131\u011f\u0131nda sadece ayr\u0131nt\u0131lar dikkat \u00e7eker Dreyfus olay\u0131 ve Ger\u00e7ek\u2019te. \u0130ki taraf aras\u0131nda s\u00fcrekli fokurdayan bir batakl\u0131k vard\u0131r ve bu batakl\u0131\u011f\u0131n i\u00e7inde sald\u0131rganlar, al\u00e7aklar, korkaklar, \u00e7ok yava\u015f geli\u015fen \u00e7ok dar kafal\u0131 insanlar bulunur. Kitab\u0131n en \u00f6nemli \u00f6zelliklerinden biri, kamuoyunun ve \u00f6zellikle de eskiden itaatk\u00e2r ya da ba\u011fnaz, yobaz olan kad\u0131nlar\u0131n daha sonra aktif ve bilin\u00e7li insanlara (Marc\u2019\u0131n k\u0131z\u0131 Louise) d\u00f6n\u00fc\u015f\u00fcm\u00fcd\u00fcr. Dolay\u0131s\u0131yla Zola bir mesaj vermi\u015ftir: Halka ger\u00e7e\u011fi g\u00f6stermek gerekir ve buna g\u00f6re \u00fc\u00e7l\u00fc bir sorunsal kar\u015f\u0131s\u0131nda buluruz kendimizi: \u00f6nyarg\u0131lar\u0131, atalardan kalma korkular\u0131 da\u011f\u0131tarak ak\u0131l ve bilgi veren okulu ve romana dramatik bir gerilim veren, \u00fcst d\u00fczey romanesk bir ilgi uyand\u0131ran polisiye entrikay\u0131. Kabul etmek gerekir ki dizinin \u00f6teki yap\u0131tlar\u0131 bu d\u00fczeye ula\u015famam\u0131\u015ft\u0131r. Ve nihayet Zola\u2019n\u0131n anlad\u0131\u011f\u0131 bi\u00e7imde edebiyat&#8230; Dreyfus olay\u0131 s\u0131ras\u0131nda Zola\u2019n\u0131n \u0130tham Ediyorum ba\u015fl\u0131kl\u0131 metninin sat\u0131r aralar\u0131nda g\u00f6r\u00fcld\u00fc\u011f\u00fc gibi yazar ger\u00e7e\u011fe uygun olmayan bir su\u00e7laman\u0131n sa\u00e7ma olaca\u011f\u0131n\u0131 ileri s\u00fcrer ve b\u00f6yle bir \u015feyi ilk \u00f6nce bir sanat\u00e7\u0131 ve romanc\u0131 fark edecektir. Ger\u00e7ekten de Simon d\u00fc\u015fmanlar\u0131 da Dreyfus d\u00fc\u015fmanlar\u0131 da s\u00fcrekli k\u00f6t\u00fc romanlar yazm\u0131\u015flard\u0131r. Ger\u00e7ek, Zola\u2019n\u0131n vasiyeti niteli\u011finde bir yap\u0131tt\u0131r \u00e7\u00fcnk\u00fc bu dizinin d\u00f6rd\u00fcnc\u00fc yap\u0131t\u0131 olarak planlad\u0131\u011f\u0131 Adalet\u2019i yazabilmeye yetmemi\u015ftir \u00f6mr\u00fc\u2026 Ger\u00e7ek, ger\u00e7ek \u00fcst\u00fcne namuslu ve ak\u0131ll\u0131ca bir ara\u015ft\u0131rman\u0131n insani ve edebi bir kan\u0131tlamas\u0131d\u0131r.<\/p>\n","protected":false},"excerpt":{"rendered":"<p>7 A\u011fustos 1902-15 \u015eubat 1903 aras\u0131nda Paris\u2019te Aurore\u2019da tefrika edilen Ger\u00e7ek, 1903\u2019te CharpentierYay\u0131nlar\u0131nda kitap olarak yay\u0131nlanm\u0131\u015ft\u0131r.Zola\u2019n\u0131n Quatre Evangiles (D\u00f6rt \u0130ncil) dizisinin \u00fc\u00e7\u00fcn\u00e7\u00fc kitab\u0131 olan yap\u0131t, do\u011frudan<span class=\"excerpt-hellip\"> [\u2026]<\/span><\/p>\n","protected":false},"featured_media":0,"template":"","meta":{"_monsterinsights_skip_tracking":false,"_monsterinsights_sitenote_active":false,"_monsterinsights_sitenote_note":"","_monsterinsights_sitenote_category":0},"product_brand":[],"product_cat":[12291,13376],"product_tag":[],"class_list":{"0":"post-776745","1":"product","2":"type-product","3":"status-publish","5":"product_cat-edebiyat","6":"product_cat-fransiz-edebiyati","7":"pa_cilt-ciltsiz","8":"pa_tur-kitap","9":"pa_yayinevi-kirmizi-yayinlari","10":"pa_yazar-emile-zola","12":"first","13":"instock","14":"sale","15":"shipping-taxable","16":"purchasable","17":"product-type-simple"},"_links":{"self":[{"href":"https:\/\/roveyayinevi.com.tr\/index.php\/wp-json\/wp\/v2\/product\/776745","targetHints":{"allow":["GET"]}}],"collection":[{"href":"https:\/\/roveyayinevi.com.tr\/index.php\/wp-json\/wp\/v2\/product"}],"about":[{"href":"https:\/\/roveyayinevi.com.tr\/index.php\/wp-json\/wp\/v2\/types\/product"}],"wp:attachment":[{"href":"https:\/\/roveyayinevi.com.tr\/index.php\/wp-json\/wp\/v2\/media?parent=776745"}],"wp:term":[{"taxonomy":"product_brand","embeddable":true,"href":"https:\/\/roveyayinevi.com.tr\/index.php\/wp-json\/wp\/v2\/product_brand?post=776745"},{"taxonomy":"product_cat","embeddable":true,"href":"https:\/\/roveyayinevi.com.tr\/index.php\/wp-json\/wp\/v2\/product_cat?post=776745"},{"taxonomy":"product_tag","embeddable":true,"href":"https:\/\/roveyayinevi.com.tr\/index.php\/wp-json\/wp\/v2\/product_tag?post=776745"}],"curies":[{"name":"wp","href":"https:\/\/api.w.org\/{rel}","templated":true}]}}