{"id":776718,"date":"2025-10-01T23:41:03","date_gmt":"2025-10-01T20:41:03","guid":{"rendered":"https:\/\/roveyayinevi.com.tr\/index.php\/urun\/siirler-yasanan-gerceklerin-ozudur\/"},"modified":"2026-04-15T03:43:06","modified_gmt":"2026-04-15T00:43:06","slug":"siirler-yasanan-gerceklerin-ozudur","status":"publish","type":"product","link":"https:\/\/roveyayinevi.com.tr\/index.php\/urun\/siirler-yasanan-gerceklerin-ozudur\/","title":{"rendered":"\u015eiirler Ya\u015fanan Ger\u00e7eklerin \u00d6z\u00fcd\u00fcr"},"content":{"rendered":"<p>\u0130smini bilmezdim \u00f6\u011frendim ki Ay\u015fe\u2019ymi\u015f A\u015fk nedir bilmezdim \u00f6\u011frendim g\u00fczel \u015feymi\u015f Her g\u00fcn seni g\u00f6r\u00fcnce d\u00fc\u015f\u00fcnd\u00fcm ince ince Sevenler mutlu olur benim kendi g\u00f6nl\u00fcmce. <\/p>\n","protected":false},"excerpt":{"rendered":"<p>\u0130smini bilmezdim \u00f6\u011frendim ki Ay\u015fe\u2019ymi\u015f A\u015fk nedir bilmezdim \u00f6\u011frendim g\u00fczel \u015feymi\u015f Her g\u00fcn seni g\u00f6r\u00fcnce d\u00fc\u015f\u00fcnd\u00fcm ince ince Sevenler mutlu olur benim kendi g\u00f6nl\u00fcmce.<\/p>\n","protected":false},"featured_media":0,"template":"","meta":{"_monsterinsights_skip_tracking":false,"_monsterinsights_sitenote_active":false,"_monsterinsights_sitenote_note":"","_monsterinsights_sitenote_category":0},"product_brand":[],"product_cat":[12291,12509],"product_tag":[],"class_list":{"0":"post-776718","1":"product","2":"type-product","3":"status-publish","5":"product_cat-edebiyat","6":"product_cat-siir","7":"pa_cilt-ciltsiz","8":"pa_tur-kitap","9":"pa_yayinevi-zet-yayinlari","10":"pa_yazar-serdar-mesen","12":"first","13":"instock","14":"sale","15":"shipping-taxable","16":"purchasable","17":"product-type-simple"},"_links":{"self":[{"href":"https:\/\/roveyayinevi.com.tr\/index.php\/wp-json\/wp\/v2\/product\/776718","targetHints":{"allow":["GET"]}}],"collection":[{"href":"https:\/\/roveyayinevi.com.tr\/index.php\/wp-json\/wp\/v2\/product"}],"about":[{"href":"https:\/\/roveyayinevi.com.tr\/index.php\/wp-json\/wp\/v2\/types\/product"}],"wp:attachment":[{"href":"https:\/\/roveyayinevi.com.tr\/index.php\/wp-json\/wp\/v2\/media?parent=776718"}],"wp:term":[{"taxonomy":"product_brand","embeddable":true,"href":"https:\/\/roveyayinevi.com.tr\/index.php\/wp-json\/wp\/v2\/product_brand?post=776718"},{"taxonomy":"product_cat","embeddable":true,"href":"https:\/\/roveyayinevi.com.tr\/index.php\/wp-json\/wp\/v2\/product_cat?post=776718"},{"taxonomy":"product_tag","embeddable":true,"href":"https:\/\/roveyayinevi.com.tr\/index.php\/wp-json\/wp\/v2\/product_tag?post=776718"}],"curies":[{"name":"wp","href":"https:\/\/api.w.org\/{rel}","templated":true}]}}