{"id":776717,"date":"2025-10-01T23:41:00","date_gmt":"2025-10-01T20:41:00","guid":{"rendered":"https:\/\/roveyayinevi.com.tr\/index.php\/urun\/hilkatten-ahirete\/"},"modified":"2026-04-15T03:43:06","modified_gmt":"2026-04-15T00:43:06","slug":"hilkatten-ahirete","status":"publish","type":"product","link":"https:\/\/roveyayinevi.com.tr\/index.php\/urun\/hilkatten-ahirete\/","title":{"rendered":"Hilkatten Ahirete"},"content":{"rendered":"<p>Sad\u0131ko\u011flu mahlas\u0131n\u0131 dedemin ismi olan Sad\u0131k\u2019tan ald\u0131m. \u015eiirlerimde genellikle milli, dini, gurbet ve a\u015fk konular\u0131 ile k\u0131rsal hayat\u0131 didaktik ve ta\u015flama t\u00fcr\u00fcnde dile getirdim. Cenab\u0131 Allah bizleri Hilkat gayesini bilerek anlayarak ya\u015fayan kullar\u0131ndan eylesin. T\u00fcm okuyucular\u0131ma sayg\u0131 sevgi ve h\u00fcrmetlerimi sunuyorum\u2026 <\/p>\n","protected":false},"excerpt":{"rendered":"<p>Sad\u0131ko\u011flu mahlas\u0131n\u0131 dedemin ismi olan Sad\u0131k\u2019tan ald\u0131m. \u015eiirlerimde genellikle milli, dini, gurbet ve a\u015fk konular\u0131 ile k\u0131rsal hayat\u0131 didaktik ve ta\u015flama t\u00fcr\u00fcnde dile getirdim. Cenab\u0131 Allah<span class=\"excerpt-hellip\"> [\u2026]<\/span><\/p>\n","protected":false},"featured_media":0,"template":"","meta":{"_monsterinsights_skip_tracking":false,"_monsterinsights_sitenote_active":false,"_monsterinsights_sitenote_note":"","_monsterinsights_sitenote_category":0},"product_brand":[],"product_cat":[12291,12509],"product_tag":[],"class_list":{"0":"post-776717","1":"product","2":"type-product","3":"status-publish","5":"product_cat-edebiyat","6":"product_cat-siir","7":"pa_cilt-ciltsiz","8":"pa_tur-kitap","9":"pa_yayinevi-zet-yayinlari","10":"pa_yazar-davut-mert","12":"first","13":"instock","14":"sale","15":"shipping-taxable","16":"purchasable","17":"product-type-simple"},"_links":{"self":[{"href":"https:\/\/roveyayinevi.com.tr\/index.php\/wp-json\/wp\/v2\/product\/776717","targetHints":{"allow":["GET"]}}],"collection":[{"href":"https:\/\/roveyayinevi.com.tr\/index.php\/wp-json\/wp\/v2\/product"}],"about":[{"href":"https:\/\/roveyayinevi.com.tr\/index.php\/wp-json\/wp\/v2\/types\/product"}],"wp:attachment":[{"href":"https:\/\/roveyayinevi.com.tr\/index.php\/wp-json\/wp\/v2\/media?parent=776717"}],"wp:term":[{"taxonomy":"product_brand","embeddable":true,"href":"https:\/\/roveyayinevi.com.tr\/index.php\/wp-json\/wp\/v2\/product_brand?post=776717"},{"taxonomy":"product_cat","embeddable":true,"href":"https:\/\/roveyayinevi.com.tr\/index.php\/wp-json\/wp\/v2\/product_cat?post=776717"},{"taxonomy":"product_tag","embeddable":true,"href":"https:\/\/roveyayinevi.com.tr\/index.php\/wp-json\/wp\/v2\/product_tag?post=776717"}],"curies":[{"name":"wp","href":"https:\/\/api.w.org\/{rel}","templated":true}]}}