{"id":776713,"date":"2025-10-01T23:40:53","date_gmt":"2025-10-01T20:40:53","guid":{"rendered":"https:\/\/roveyayinevi.com.tr\/index.php\/urun\/dersim-inanci\/"},"modified":"2026-04-15T03:43:05","modified_gmt":"2026-04-15T00:43:05","slug":"dersim-inanci","status":"publish","type":"product","link":"https:\/\/roveyayinevi.com.tr\/index.php\/urun\/dersim-inanci\/","title":{"rendered":"Dersim \u0130nanc\u0131"},"content":{"rendered":"<p>\u201cDersim \u0130nanc\u0131\u201d kitab\u0131, ilk bak\u0131\u015fta tan\u0131d\u0131k temalar\u0131 tekrar ediyor gibi g\u00f6r\u00fcnse de asl\u0131nda geleneksel Dersim Alevili\u011finin ve inanc\u0131n\u0131n hen\u00fcz yeterince anla\u015f\u0131lamam\u0131\u015f, gizemli y\u00f6nlerini ele al\u0131yor. Bu kitapta ki\u015fisel bir inan\u00e7 yorumu yap\u0131lmam\u0131\u015ft\u0131r. Yorumlar bireylerin zihinsel donan\u0131m\u0131, bilgi birikimi, hayata bak\u0131\u015f a\u00e7\u0131s\u0131 ve yetenekleri taraf\u0131ndan \u015fekillenir. Herkesin kendine \u00f6zg\u00fc bir d\u00fc\u015f\u00fcnce bi\u00e7imi oldu\u011fu i\u00e7in, ayn\u0131 konu farkl\u0131 ki\u015filer taraf\u0131ndan farkl\u0131 \u015fekillerde yorumlanabilir. Yorumlara sayg\u0131 duymak gerekir; hatta zihinsel geli\u015fimimizin ilerlemesi i\u00e7in yorumlar mutlaka olmal\u0131. Ancak yorum, inanc\u0131n kendisi de\u011fildir. Bu kitapta yaz\u0131lanlar, Dersimlilerin kendi inan\u00e7lar\u0131n\u0131, kendi geleneklerine dayanarak aktarmas\u0131d\u0131r. \u015e\u00fcphesiz ki burada anlat\u0131lanlar Dersim inanc\u0131n\u0131n t\u00fcm\u00fcn\u00fc kapsamamaktad\u0131r; bunlar yaln\u0131zca bana yans\u0131yan y\u00f6nleridir. Bir anlamda bu \u00e7al\u0131\u015fma; Dersim\u2019in inan\u00e7 alan\u0131ndaki folklorik zenginli\u011fini belgelemeye y\u00f6nelik, biraz gecikmi\u015f de olsa m\u00fctevaz\u0131 bir giri\u015fimdir. <\/p>\n","protected":false},"excerpt":{"rendered":"<p>\u201cDersim \u0130nanc\u0131\u201d kitab\u0131, ilk bak\u0131\u015fta tan\u0131d\u0131k temalar\u0131 tekrar ediyor gibi g\u00f6r\u00fcnse de asl\u0131nda geleneksel Dersim Alevili\u011finin ve inanc\u0131n\u0131n hen\u00fcz yeterince anla\u015f\u0131lamam\u0131\u015f, gizemli y\u00f6nlerini ele al\u0131yor. Bu<span class=\"excerpt-hellip\"> [\u2026]<\/span><\/p>\n","protected":false},"featured_media":0,"template":"","meta":{"_monsterinsights_skip_tracking":false,"_monsterinsights_sitenote_active":false,"_monsterinsights_sitenote_note":"","_monsterinsights_sitenote_category":0},"product_brand":[],"product_cat":[13575,12718,12719],"product_tag":[],"class_list":{"0":"post-776713","1":"product","2":"type-product","3":"status-publish","5":"product_cat-alevilik-bektasilik","6":"product_cat-din","7":"product_cat-islam","8":"pa_cilt-ciltsiz","9":"pa_tur-kitap","10":"pa_yayinevi-la-kitap-yayinlari","11":"pa_yazar-munzur-comert","13":"first","14":"instock","15":"sale","16":"shipping-taxable","17":"purchasable","18":"product-type-simple"},"_links":{"self":[{"href":"https:\/\/roveyayinevi.com.tr\/index.php\/wp-json\/wp\/v2\/product\/776713","targetHints":{"allow":["GET"]}}],"collection":[{"href":"https:\/\/roveyayinevi.com.tr\/index.php\/wp-json\/wp\/v2\/product"}],"about":[{"href":"https:\/\/roveyayinevi.com.tr\/index.php\/wp-json\/wp\/v2\/types\/product"}],"wp:attachment":[{"href":"https:\/\/roveyayinevi.com.tr\/index.php\/wp-json\/wp\/v2\/media?parent=776713"}],"wp:term":[{"taxonomy":"product_brand","embeddable":true,"href":"https:\/\/roveyayinevi.com.tr\/index.php\/wp-json\/wp\/v2\/product_brand?post=776713"},{"taxonomy":"product_cat","embeddable":true,"href":"https:\/\/roveyayinevi.com.tr\/index.php\/wp-json\/wp\/v2\/product_cat?post=776713"},{"taxonomy":"product_tag","embeddable":true,"href":"https:\/\/roveyayinevi.com.tr\/index.php\/wp-json\/wp\/v2\/product_tag?post=776713"}],"curies":[{"name":"wp","href":"https:\/\/api.w.org\/{rel}","templated":true}]}}