{"id":776707,"date":"2025-10-01T23:40:43","date_gmt":"2025-10-01T20:40:43","guid":{"rendered":"https:\/\/roveyayinevi.com.tr\/index.php\/urun\/7-iklim\/"},"modified":"2026-04-15T03:43:04","modified_gmt":"2026-04-15T00:43:04","slug":"7-iklim","status":"publish","type":"product","link":"https:\/\/roveyayinevi.com.tr\/index.php\/urun\/7-iklim\/","title":{"rendered":"7 \u0130klim"},"content":{"rendered":"<p>Bedia \u00d6cal, 25 Kas\u0131m 1983\u2019te Bursa\u2019n\u0131n Orhangazi il\u00e7esinde do\u011fdu. \u0130lk ve orta\u00f6\u011frenimini Orhangazi\u2019de tamamlad\u0131ktan sonra, Ni\u011fde \u00d6mer Halisdemir \u00dcniversitesi \u0130ktisadi ve \u0130dari Bilimler Fak\u00fcltesi\u2019nden mezun oldu. Lise y\u0131llar\u0131ndan bu yana s\u00fcrd\u00fcrd\u00fc\u011f\u00fc m\u00fczik e\u011fitimini konservatuvarda tamamlayarak, T\u00fcrk Sanat M\u00fczi\u011fi alan\u0131nda uzmanla\u015ft\u0131. 2010\u20132019 y\u0131llar\u0131 aras\u0131nda bankac\u0131l\u0131k sekt\u00f6r\u00fcnde \u00e7al\u0131\u015fan yazar, bu s\u00fcre\u00e7te insan ili\u015fkilerine ve ruhsal geli\u015fim alan\u0131na duydu\u011fu ilgiyi derinle\u015ftirerek farkl\u0131 bir alana y\u00f6neldi. Halen psikoloji lisans e\u011fitiminin \u00fc\u00e7\u00fcnc\u00fc s\u0131n\u0131f\u0131nda \u00f6\u011frenimine devam eden Bedia \u00d6cal, ayn\u0131 zamanda ili\u015fki, aile ve ruhsal dan\u0131\u015fmanl\u0131k alanlar\u0131nda bireylere rehberlik etmektedir. Yaz\u0131n d\u00fcnyas\u0131na duydu\u011fu tutku, onu duygular\u0131n derinliklerine inen kitaplar kaleme almaya y\u00f6neltti. \u015eimdiye dek yay\u0131mlanm\u0131\u015f eserleri aras\u0131nda Beni Bir Kendinden Koruyamad\u0131n, \u00dc\u015f\u00fcmekten Utan\u0131yorum ve A\u015fk\u0131n G\u00fcr\u00fclt\u00fcs\u00fc yer al\u0131yor. Yazar, son \u00e7al\u0131\u015fmas\u0131 7 \u0130klim ile hem insan\u0131n i\u00e7sel yolculu\u011funu hem de evrensel ve mistik simgeler \u00fczerinden ya\u015fam\u0131n anlam\u0131n\u0131 sorgulayan bir bak\u0131\u015f a\u00e7\u0131s\u0131 sunmaktad\u0131r.   Duygulara dokunan \u00fcslubu ve derin g\u00f6zlem yetene\u011fiyle Bedia \u00d6cal, okurlar\u0131n\u0131 sat\u0131r aralar\u0131nda fark\u0131ndal\u0131\u011fa davet etmeye devam ediyor.<\/p>\n","protected":false},"excerpt":{"rendered":"<p>Bedia \u00d6cal, 25 Kas\u0131m 1983\u2019te Bursa\u2019n\u0131n Orhangazi il\u00e7esinde do\u011fdu. \u0130lk ve orta\u00f6\u011frenimini Orhangazi\u2019de tamamlad\u0131ktan sonra, Ni\u011fde \u00d6mer Halisdemir \u00dcniversitesi \u0130ktisadi ve \u0130dari Bilimler Fak\u00fcltesi\u2019nden mezun oldu.<span class=\"excerpt-hellip\"> [\u2026]<\/span><\/p>\n","protected":false},"featured_media":0,"template":"","meta":{"_monsterinsights_skip_tracking":false,"_monsterinsights_sitenote_active":false,"_monsterinsights_sitenote_note":"","_monsterinsights_sitenote_category":0},"product_brand":[],"product_cat":[141304],"product_tag":[],"class_list":{"0":"post-776707","1":"product","2":"type-product","3":"status-publish","5":"product_cat-yeni-cikanlar","6":"pa_cilt-ciltsiz","7":"pa_tur-kitap","8":"pa_yayinevi-luna-yayinlari","9":"pa_yazar-bedia-ocal","11":"first","12":"instock","13":"sale","14":"shipping-taxable","15":"purchasable","16":"product-type-simple"},"_links":{"self":[{"href":"https:\/\/roveyayinevi.com.tr\/index.php\/wp-json\/wp\/v2\/product\/776707","targetHints":{"allow":["GET"]}}],"collection":[{"href":"https:\/\/roveyayinevi.com.tr\/index.php\/wp-json\/wp\/v2\/product"}],"about":[{"href":"https:\/\/roveyayinevi.com.tr\/index.php\/wp-json\/wp\/v2\/types\/product"}],"wp:attachment":[{"href":"https:\/\/roveyayinevi.com.tr\/index.php\/wp-json\/wp\/v2\/media?parent=776707"}],"wp:term":[{"taxonomy":"product_brand","embeddable":true,"href":"https:\/\/roveyayinevi.com.tr\/index.php\/wp-json\/wp\/v2\/product_brand?post=776707"},{"taxonomy":"product_cat","embeddable":true,"href":"https:\/\/roveyayinevi.com.tr\/index.php\/wp-json\/wp\/v2\/product_cat?post=776707"},{"taxonomy":"product_tag","embeddable":true,"href":"https:\/\/roveyayinevi.com.tr\/index.php\/wp-json\/wp\/v2\/product_tag?post=776707"}],"curies":[{"name":"wp","href":"https:\/\/api.w.org\/{rel}","templated":true}]}}