{"id":776706,"date":"2025-10-01T23:40:40","date_gmt":"2025-10-01T20:40:40","guid":{"rendered":"https:\/\/roveyayinevi.com.tr\/index.php\/urun\/kolhis\/"},"modified":"2026-04-15T03:43:04","modified_gmt":"2026-04-15T00:43:04","slug":"kolhis","status":"publish","type":"product","link":"https:\/\/roveyayinevi.com.tr\/index.php\/urun\/kolhis\/","title":{"rendered":"Kolhis"},"content":{"rendered":"<p>\u201cA\u00e7 kal\u0131r, susuz kal\u0131r, gecenin \u00e7\u00f6l so\u011fu\u011funda donar, g\u00fcnd\u00fczse cehenneminde kavrulur, kaybolur\u2026 Kendisini arayanlar i\u00e7in yakt\u0131\u011f\u0131 i\u015faret fi\u015fe\u011fini kimse g\u00f6rmez. Umudunu yitirmektedir. Yiyece\u011fi i\u00e7ece\u011fi bitmi\u015ftir, idrar\u0131n\u0131 i\u00e7meye ba\u015flar. Bedevilerin \u00e7\u00f6l\u00fc a\u015farken s\u0131\u011f\u0131nd\u0131klar\u0131 Marabout\u2019a s\u0131\u011f\u0131n\u0131r, bu t\u00fcrbede yiyecek arar. Belki \u00e7ile \u00e7ekmeye gelmi\u015f dervi\u015f \u00e7\u0131raklar\u0131ndan arta kalan ekmek k\u0131r\u0131nt\u0131lar\u0131 vard\u0131r; \u00fc\u00e7 g\u00fcn, yedi g\u00fcn, k\u0131rk g\u00fcn, binbir g\u00fcn inzivaya \u00e7ekilip Tanr\u0131\u2019y\u0131 arayan dervi\u015fler\u2026 A\u00e7 susuz kal\u0131p sevgiyi arayanlar. \u00c7ilehanenin \u0131\u015f\u0131ks\u0131z odalar\u0131ndan, g\u00fcn y\u00fcz\u00fcne \u00e7\u0131kmay\u0131 bekleyenler. Tefekk\u00fcr tefekk\u00fcr\u2026 Nereye kadar, ne zamana kadar? \u0130nsan i\u00e7ini dinleye dinleye, kendisiyle konu\u015fa konu\u015fa deli divane olur.\u201d Bir b\u00fcy\u00fck s\u0131r\u2026 Bir aile s\u0131rr\u0131\u2026 Bir aile dram\u0131&#8230; Gizlenen, herkesten saklanan, saklanmas\u0131 gerekti\u011fine inan\u0131lan&#8230; Roman b\u00fcy\u00fck, ac\u0131, derin ve travmatik bir s\u0131rra dayan\u0131yor. Bir aile s\u0131rr\u0131na&#8230; Bir aile dram\u0131na&#8230; Kahramanlar g\u00fcncel ve hareketli, sayfalar\u0131n s\u0131n\u0131r\u0131n\u0131 a\u015f\u0131p okuyucuya ula\u015fabiliyor, bize dokunabiliyorlar. Bundan dolay\u0131 da okuyan\u0131 derinden etkileyebiliyorlar. Karakterler canl\u0131, \u00fcslup ak\u0131c\u0131&#8230; \u0130\u00e7 konu\u015fmalar merak uyand\u0131r\u0131c\u0131 ve s\u00fcr\u00fckleyici. Karakterlerin psikolojisine a\u011f\u0131rl\u0131k verilmi\u015f, i\u00e7 d\u00fcnyalar\u0131 ayr\u0131nt\u0131l\u0131 olarak anlat\u0131lm\u0131\u015f. \u00c7ekti\u011fi a\u011f\u0131r s\u0131k\u0131nt\u0131ya ra\u011fmen \u00e7ocuklar\u0131na sahip \u00e7\u0131kan ve aileyi ayakta tutan g\u00fc\u00e7l\u00fc bir anne&#8230; Roman\u0131n temel dire\u011fi say\u0131labilir. Arka planda olmas\u0131na ra\u011fmen ger\u00e7ekte roman\u0131 ayakta tutan o&#8230; Efsanedeki Nephel gibi. \u00d6lm\u00fc\u015f olan ama h\u00e2l\u00e2 canl\u0131 imi\u015f gibi olaylar\u0131 y\u00f6neten Nephel&#8230; Ger\u00e7ek\u00e7i, g\u00fcncel bir konu&#8230; \u0130\u00e7 yaralay\u0131c\u0131&#8230; Anlat\u0131lmas\u0131 g\u00fc\u00e7 bir aile dram\u0131&#8230; Roman\u0131n b\u00fct\u00fcn\u00fcn\u00fc kavr\u0131yor. Merakla okunabilecek bir eser. Bilge Ercilasun<\/p>\n","protected":false},"excerpt":{"rendered":"<p>\u201cA\u00e7 kal\u0131r, susuz kal\u0131r, gecenin \u00e7\u00f6l so\u011fu\u011funda donar, g\u00fcnd\u00fczse cehenneminde kavrulur, kaybolur\u2026 Kendisini arayanlar i\u00e7in yakt\u0131\u011f\u0131 i\u015faret fi\u015fe\u011fini kimse g\u00f6rmez. Umudunu yitirmektedir. Yiyece\u011fi i\u00e7ece\u011fi bitmi\u015ftir, idrar\u0131n\u0131<span class=\"excerpt-hellip\"> [\u2026]<\/span><\/p>\n","protected":false},"featured_media":0,"template":"","meta":{"_monsterinsights_skip_tracking":false,"_monsterinsights_sitenote_active":false,"_monsterinsights_sitenote_note":"","_monsterinsights_sitenote_category":0},"product_brand":[],"product_cat":[12291,12711],"product_tag":[],"class_list":{"0":"post-776706","1":"product","2":"type-product","3":"status-publish","5":"product_cat-edebiyat","6":"product_cat-roman-oyku","7":"pa_cilt-ciltsiz","8":"pa_tur-kitap","9":"pa_yayinevi-luna-yayinlari","10":"pa_yazar-emine-cal","12":"first","13":"instock","14":"sale","15":"shipping-taxable","16":"purchasable","17":"product-type-simple"},"_links":{"self":[{"href":"https:\/\/roveyayinevi.com.tr\/index.php\/wp-json\/wp\/v2\/product\/776706","targetHints":{"allow":["GET"]}}],"collection":[{"href":"https:\/\/roveyayinevi.com.tr\/index.php\/wp-json\/wp\/v2\/product"}],"about":[{"href":"https:\/\/roveyayinevi.com.tr\/index.php\/wp-json\/wp\/v2\/types\/product"}],"wp:attachment":[{"href":"https:\/\/roveyayinevi.com.tr\/index.php\/wp-json\/wp\/v2\/media?parent=776706"}],"wp:term":[{"taxonomy":"product_brand","embeddable":true,"href":"https:\/\/roveyayinevi.com.tr\/index.php\/wp-json\/wp\/v2\/product_brand?post=776706"},{"taxonomy":"product_cat","embeddable":true,"href":"https:\/\/roveyayinevi.com.tr\/index.php\/wp-json\/wp\/v2\/product_cat?post=776706"},{"taxonomy":"product_tag","embeddable":true,"href":"https:\/\/roveyayinevi.com.tr\/index.php\/wp-json\/wp\/v2\/product_tag?post=776706"}],"curies":[{"name":"wp","href":"https:\/\/api.w.org\/{rel}","templated":true}]}}