{"id":776703,"date":"2025-10-01T23:40:33","date_gmt":"2025-10-01T20:40:33","guid":{"rendered":"https:\/\/roveyayinevi.com.tr\/index.php\/urun\/duvarlar-yikilinca\/"},"modified":"2026-04-15T03:43:03","modified_gmt":"2026-04-15T00:43:03","slug":"duvarlar-yikilinca","status":"publish","type":"product","link":"https:\/\/roveyayinevi.com.tr\/index.php\/urun\/duvarlar-yikilinca\/","title":{"rendered":"Duvarlar Y\u0131k\u0131l\u0131nca"},"content":{"rendered":"<p>Bu kitap end\u00fcstri m\u00fchendisli\u011fi e\u011fitimi ald\u0131ktan sonra, aynen m\u00fczikte oldu\u011fu gibi bir\u00e7o\u011fumuzun ya\u015fam\u0131nda olduk\u00e7a \u00f6nemli bir yer tutan moda sekt\u00f6r\u00fcnde ve tan\u0131nm\u0131\u015f markalarda y\u00f6neticilik g\u00f6revlerinde bulunmu\u015f Cem Mergen\u2019in bir Klasik M\u00fczik dinleyicisiyken nas\u0131l Yeni M\u00fczi\u011fe do\u011fru evrildi\u011finin hik\u00e2yesini anlatmaktad\u0131r.   Kitab\u0131n edit\u00f6r\u00fc olarak yapm\u0131\u015f oldu\u011fum okumalar sonucunda yazar\u0131m\u0131z\u0131 \u201cProfesyonel M\u00fczik Dinleyicisi\u201d olarak tan\u0131mlamaya karar verdim. Ba\u015flang\u0131\u00e7ta tan\u0131d\u0131\u011f\u0131 melodileri bir araya toplamak amac\u0131yla ba\u015flad\u0131\u011f\u0131 m\u00fczik dinleme yolculu\u011funda o kadar derinlere inmi\u015f ki Spotify, Soundcloud ve Youtube gibi dijital m\u00fczik platformlar\u0131nda, sadece Yeni M\u00fczik konusunda toplamda 14680 eser, 3910 saat ve 162 g\u00fcn boyunca hi\u00e7 tekrar etmeden dinlenebilecek playlistler (dinleme listesi) olu\u015fturmu\u015f. Bununla da yetinmeyerek, bu eserlerin bestecilerinin ya\u015famlar\u0131n\u0131, eserlerin bestelenme s\u00fcrecini, hangi ko\u015fullar alt\u0131nda bestelendi\u011fini ve eserin neyi anlatt\u0131\u011f\u0131n\u0131 da merak ederek ara\u015ft\u0131rmaya ba\u015flam\u0131\u015f. M\u00fczik dinlemeye duydu\u011fu bu derin ilgi, sonunda onu kitab\u0131n konusu olan b\u00fcy\u00fck de\u011fi\u015fimle birlikte Klasik M\u00fczikten Yeni M\u00fczik\u2019e getirmi\u015f. Kitaptan bir b\u00f6l\u00fcm: \u201cDebussy\u2018nin ilk atonalite sa\u011flayabildi\u011fi y\u0131l 1894, Planck\u2019\u0131n ayr\u0131k kuantumlar\u0131 ortaya atmas\u0131 1900. Sch\u00f6nberg\u2018in dodekafoniyi m\u00fczik d\u00fcnyas\u0131yla tan\u0131\u015ft\u0131rmas\u0131 1923 y\u0131l\u0131nda ger\u00e7ekle\u015firken, Einstein, Heisenberg, Schr\u00f6dinger\u2019in s\u0131ras\u0131yla g\u00f6relilik kuram\u0131 ve kuantum mekani\u011finin b\u00fcy\u00fck geli\u015fmelerinin tamamlanmas\u0131 1915\u2019le 1927 aras\u0131na denk geliyor.\u201d M\u00fczikteki de\u011fi\u015fimi sadece m\u00fczikle de\u011fil, d\u00f6nemin filozoflar\u0131, ressamlar\u0131, bilim adamlar\u0131, sanat ve felsefi ak\u0131mlar\u0131yla birlikte ele al\u0131yor. Diyor ki; \u201cDe\u011fi\u015fimden korkmay\u0131n, buna a\u00e7\u0131k olun ve etraf\u0131n\u0131z\u0131 de\u011fi\u015ftirmeye kendinizi de\u011fi\u015ftirerek ba\u015flay\u0131n.\u201d   Kitap boyunca s\u00fcren m\u00fczik yolculu\u011funa okurlar\u0131 da ortak edebilmek i\u00e7in, kitapta ismini verdi\u011fi 300\u2019den fazla \u00f6rnek eser i\u00e7in birer QR kod veriyor. Ayd\u0131nlat\u0131c\u0131 ve pek de g\u00f6r\u00fclmemi\u015f bu y\u00f6ntemle birlikte Cem Mergen\u2019le Yeni M\u00fczik yolculu\u011funa \u00e7\u0131kmaya haz\u0131r m\u0131s\u0131n\u0131z?   Prof. Dr. S\u00fcleyman Tarman Edit\u00f6r ve Genel Yay\u0131n Y\u00f6netmeni * * * Her \u015feyde en g\u00fcncelin pe\u015findeyiz\u2014bilginin, haberin, ekonomi-politi\u011fin, \u00f6tesinde k\u00fclt\u00fcr\u00fcn, toplumsall\u0131\u011f\u0131n, girift ili\u015fki bi\u00e7imlerinin; dahas\u0131 bunlar\u0131 \u015fekillendiren teknolojilerin, bunlarca \u00fcretilen s\u00f6ylemlerin, kimliklerin\u2026T\u00fcm bunlar\u0131n yans\u0131d\u0131\u011f\u0131 g\u00fcncel sanat \u00fcretimlerine gelince, dola\u015f\u0131mdaki pratiklerinin ister yeni medyaya ko\u015fut ya da disiplinle raras\u0131ndan besleniyor olsun, g\u00f6rsellikle s\u0131n\u0131rl\u0131, mek\u00e2n ve uzamda yer bulan \u00f6rneklerine y\u00f6nelirken ayn\u0131 fark\u0131ndal\u0131k ve duyarl\u0131l\u0131\u011f\u0131 duysal alanda nedense g\u00f6stermeyiz; hep \u201cbildi\u011fimiz \u015fark\u0131lar\u0131,\u201d liseden beri \u201csevdi\u011fimiz m\u00fczikleri,\u201d genellikle de \u00e7eyiz sand\u0131\u011f\u0131m\u0131z\u0131n naftalin kokan eskilerini arar, dinler dururuz. Bu kan\u0131ksanm\u0131\u015f, kal\u0131pla\u015fm\u0131\u015f ezberi bozman\u0131n zaman\u0131 geldi de ge\u00e7ti bile. Tamam, hemen \u201cYeni M\u00fczik \u00e7ok zor!\u201d diyenler \u00e7\u0131kacakt\u0131r; ama bu s\u00f6zde konfor alan\u0131ndan uzakla\u015fmadan ba\u015fka d\u00fcnyalara varman\u0131n olana\u011f\u0131 da yok, en az\u0131ndan k\u0131s\u0131tl\u0131. \u201cBa\u015fka gezegenlerin havas\u0131n\u0131 solumak\u201d isteyen ama bunun i\u00e7in ilk ad\u0131m\u0131 hen\u00fcz atamayan, nereden ba\u015flayaca\u011f\u0131n\u0131 tam bilemeyenler i\u00e7in ayn\u0131 yollardan ge\u00e7mi\u015f, \u00f6b\u00fcr k\u0131y\u0131ya varm\u0131\u015f, \u015fimdi de cesareti olanlar\u0131 yan\u0131na davet eden, dahas\u0131 yol haritas\u0131n\u0131 payla\u015fan Cem Mergen\u2019in kitab\u0131 ajandas\u0131n\u0131 ad\u0131na da ta\u015f\u0131yor: Duvarlar Y\u0131k\u0131l\u0131nca\u2026 \u0130lla ki y\u0131k\u0131lacak; ard\u0131n\u0131 g\u00f6rmek, daha geni\u015f bir d\u00fcnyan\u0131n sesini duymak isteyenlere\u2026 Prof. Dr. Hakk\u0131 Alper Maral, Besteci, M\u00fczikolog <\/p>\n","protected":false},"excerpt":{"rendered":"<p>Bu kitap end\u00fcstri m\u00fchendisli\u011fi e\u011fitimi ald\u0131ktan sonra, aynen m\u00fczikte oldu\u011fu gibi bir\u00e7o\u011fumuzun ya\u015fam\u0131nda olduk\u00e7a \u00f6nemli bir yer tutan moda sekt\u00f6r\u00fcnde ve tan\u0131nm\u0131\u015f markalarda y\u00f6neticilik g\u00f6revlerinde bulunmu\u015f<span class=\"excerpt-hellip\"> [\u2026]<\/span><\/p>\n","protected":false},"featured_media":0,"template":"","meta":{"_monsterinsights_skip_tracking":false,"_monsterinsights_sitenote_active":false,"_monsterinsights_sitenote_note":"","_monsterinsights_sitenote_category":0},"product_brand":[],"product_cat":[14556],"product_tag":[],"class_list":{"0":"post-776703","1":"product","2":"type-product","3":"status-publish","5":"product_cat-muzik","6":"pa_cilt-ciltsiz","7":"pa_tur-kitap","8":"pa_yayinevi-muzik-egitimi-yayinlari","9":"pa_yazar-cem-mergen","11":"first","12":"instock","13":"sale","14":"shipping-taxable","15":"purchasable","16":"product-type-simple"},"_links":{"self":[{"href":"https:\/\/roveyayinevi.com.tr\/index.php\/wp-json\/wp\/v2\/product\/776703","targetHints":{"allow":["GET"]}}],"collection":[{"href":"https:\/\/roveyayinevi.com.tr\/index.php\/wp-json\/wp\/v2\/product"}],"about":[{"href":"https:\/\/roveyayinevi.com.tr\/index.php\/wp-json\/wp\/v2\/types\/product"}],"wp:attachment":[{"href":"https:\/\/roveyayinevi.com.tr\/index.php\/wp-json\/wp\/v2\/media?parent=776703"}],"wp:term":[{"taxonomy":"product_brand","embeddable":true,"href":"https:\/\/roveyayinevi.com.tr\/index.php\/wp-json\/wp\/v2\/product_brand?post=776703"},{"taxonomy":"product_cat","embeddable":true,"href":"https:\/\/roveyayinevi.com.tr\/index.php\/wp-json\/wp\/v2\/product_cat?post=776703"},{"taxonomy":"product_tag","embeddable":true,"href":"https:\/\/roveyayinevi.com.tr\/index.php\/wp-json\/wp\/v2\/product_tag?post=776703"}],"curies":[{"name":"wp","href":"https:\/\/api.w.org\/{rel}","templated":true}]}}