{"id":776698,"date":"2025-10-01T23:39:49","date_gmt":"2025-10-01T20:39:49","guid":{"rendered":"https:\/\/roveyayinevi.com.tr\/index.php\/urun\/akordeonlu-meksika\/"},"modified":"2026-04-15T03:42:36","modified_gmt":"2026-04-15T00:42:36","slug":"akordeonlu-meksika","status":"publish","type":"product","link":"https:\/\/roveyayinevi.com.tr\/index.php\/urun\/akordeonlu-meksika\/","title":{"rendered":"Akordeonlu Meksika"},"content":{"rendered":"<p>&#8230; Nihayetinde bir a\u015fk i\u015fte sana do\u011fru Bu \u201cAkordeonlu Meksika\u201dn\u0131n dizelerinden Ve ben noktalarken bu Meksikal\u0131 sat\u0131rlar\u0131 Kula\u011f\u0131mda en g\u00fczel Meksikal\u0131 bir akordeonun sesi Ve g\u00fczel sesiyle e\u015flik eden sen Bak i\u015fte okyanusun \u00f6tesinden tamamlanan bu dizelerde En g\u00fczel akordeonlu hisler, senin nefesin Ki daha sat\u0131rlara s\u0131\u011fd\u0131ramad\u0131\u011f\u0131m Nice Meksikal\u0131 akordeonla birlikte \u201cAkordeonlu Meksika\u201dm\u0131 tamaml\u0131yorum art\u0131k: \u201cFin!\u201d<\/p>\n","protected":false},"excerpt":{"rendered":"<p>&#8230; Nihayetinde bir a\u015fk i\u015fte sana do\u011fru Bu \u201cAkordeonlu Meksika\u201dn\u0131n dizelerinden Ve ben noktalarken bu Meksikal\u0131 sat\u0131rlar\u0131 Kula\u011f\u0131mda en g\u00fczel Meksikal\u0131 bir akordeonun sesi Ve g\u00fczel<span class=\"excerpt-hellip\"> [\u2026]<\/span><\/p>\n","protected":false},"featured_media":0,"template":"","meta":{"_monsterinsights_skip_tracking":false,"_monsterinsights_sitenote_active":false,"_monsterinsights_sitenote_note":"","_monsterinsights_sitenote_category":0},"product_brand":[],"product_cat":[12291,12509],"product_tag":[],"class_list":{"0":"post-776698","1":"product","2":"type-product","3":"status-publish","5":"product_cat-edebiyat","6":"product_cat-siir","7":"pa_cilt-ciltsiz","8":"pa_tur-kitap","9":"pa_yayinevi-luna-yayinlari","10":"pa_yazar-okyay-t-taskin","12":"first","13":"instock","14":"sale","15":"shipping-taxable","16":"purchasable","17":"product-type-simple"},"_links":{"self":[{"href":"https:\/\/roveyayinevi.com.tr\/index.php\/wp-json\/wp\/v2\/product\/776698","targetHints":{"allow":["GET"]}}],"collection":[{"href":"https:\/\/roveyayinevi.com.tr\/index.php\/wp-json\/wp\/v2\/product"}],"about":[{"href":"https:\/\/roveyayinevi.com.tr\/index.php\/wp-json\/wp\/v2\/types\/product"}],"wp:attachment":[{"href":"https:\/\/roveyayinevi.com.tr\/index.php\/wp-json\/wp\/v2\/media?parent=776698"}],"wp:term":[{"taxonomy":"product_brand","embeddable":true,"href":"https:\/\/roveyayinevi.com.tr\/index.php\/wp-json\/wp\/v2\/product_brand?post=776698"},{"taxonomy":"product_cat","embeddable":true,"href":"https:\/\/roveyayinevi.com.tr\/index.php\/wp-json\/wp\/v2\/product_cat?post=776698"},{"taxonomy":"product_tag","embeddable":true,"href":"https:\/\/roveyayinevi.com.tr\/index.php\/wp-json\/wp\/v2\/product_tag?post=776698"}],"curies":[{"name":"wp","href":"https:\/\/api.w.org\/{rel}","templated":true}]}}