{"id":776697,"date":"2025-10-01T23:39:46","date_gmt":"2025-10-01T20:39:46","guid":{"rendered":"https:\/\/roveyayinevi.com.tr\/index.php\/urun\/lunaris\/"},"modified":"2026-04-15T03:42:36","modified_gmt":"2026-04-15T00:42:36","slug":"lunaris","status":"publish","type":"product","link":"https:\/\/roveyayinevi.com.tr\/index.php\/urun\/lunaris\/","title":{"rendered":"Lunaris"},"content":{"rendered":"<p>Bu kitap, sadece bir maceran\u0131n de\u011fil, cesaretin, dostlu\u011fun ve i\u00e7sel g\u00fcc\u00fcn hikayesidir. Elara, Kael ve Nivren\u2019in yolculu\u011fu, okuyucuyu bilinmeyenle y\u00fczle\u015fmeye, korkularla sava\u015fmaya ve kalbin \u0131\u015f\u0131\u011f\u0131n\u0131 ke\u015ffetmeye davet ediyor. Ta\u015flar\u0131n f\u0131s\u0131ldad\u0131\u011f\u0131 s\u0131rlar, karanl\u0131k efendisinin g\u00f6lgeleri ve Kay\u0131p Kule\u2019nin gizemleri, her ad\u0131mda okuru hem heyecan hem de merak i\u00e7inde tutacak.<\/p>\n","protected":false},"excerpt":{"rendered":"<p>Bu kitap, sadece bir maceran\u0131n de\u011fil, cesaretin, dostlu\u011fun ve i\u00e7sel g\u00fcc\u00fcn hikayesidir. Elara, Kael ve Nivren\u2019in yolculu\u011fu, okuyucuyu bilinmeyenle y\u00fczle\u015fmeye, korkularla sava\u015fmaya ve kalbin \u0131\u015f\u0131\u011f\u0131n\u0131 ke\u015ffetmeye<span class=\"excerpt-hellip\"> [\u2026]<\/span><\/p>\n","protected":false},"featured_media":0,"template":"","meta":{"_monsterinsights_skip_tracking":false,"_monsterinsights_sitenote_active":false,"_monsterinsights_sitenote_note":"","_monsterinsights_sitenote_category":0},"product_brand":[],"product_cat":[12291,12711],"product_tag":[],"class_list":{"0":"post-776697","1":"product","2":"type-product","3":"status-publish","5":"product_cat-edebiyat","6":"product_cat-roman-oyku","7":"pa_cilt-ciltsiz","8":"pa_tur-kitap","9":"pa_yayinevi-luna-yayinlari","10":"pa_yazar-gulcin-erdog","12":"first","13":"instock","14":"sale","15":"shipping-taxable","16":"purchasable","17":"product-type-simple"},"_links":{"self":[{"href":"https:\/\/roveyayinevi.com.tr\/index.php\/wp-json\/wp\/v2\/product\/776697","targetHints":{"allow":["GET"]}}],"collection":[{"href":"https:\/\/roveyayinevi.com.tr\/index.php\/wp-json\/wp\/v2\/product"}],"about":[{"href":"https:\/\/roveyayinevi.com.tr\/index.php\/wp-json\/wp\/v2\/types\/product"}],"wp:attachment":[{"href":"https:\/\/roveyayinevi.com.tr\/index.php\/wp-json\/wp\/v2\/media?parent=776697"}],"wp:term":[{"taxonomy":"product_brand","embeddable":true,"href":"https:\/\/roveyayinevi.com.tr\/index.php\/wp-json\/wp\/v2\/product_brand?post=776697"},{"taxonomy":"product_cat","embeddable":true,"href":"https:\/\/roveyayinevi.com.tr\/index.php\/wp-json\/wp\/v2\/product_cat?post=776697"},{"taxonomy":"product_tag","embeddable":true,"href":"https:\/\/roveyayinevi.com.tr\/index.php\/wp-json\/wp\/v2\/product_tag?post=776697"}],"curies":[{"name":"wp","href":"https:\/\/api.w.org\/{rel}","templated":true}]}}