{"id":776693,"date":"2025-10-01T23:35:34","date_gmt":"2025-10-01T20:35:34","guid":{"rendered":"https:\/\/roveyayinevi.com.tr\/index.php\/urun\/fil-festivalinde-badem\/"},"modified":"2026-04-15T03:41:35","modified_gmt":"2026-04-15T00:41:35","slug":"fil-festivalinde-badem","status":"publish","type":"product","link":"https:\/\/roveyayinevi.com.tr\/index.php\/urun\/fil-festivalinde-badem\/","title":{"rendered":"Fil Festivalinde Badem"},"content":{"rendered":"<p>Badem, ba\u015fka t\u00fcrl\u00fc bir kedi! Yeni \u00fclkeler g\u00f6rmeye ve ba\u015fka k\u00fclt\u00fcrleri \u00f6\u011frenmeye bay\u0131l\u0131yor. Bir \u00f6nceki maceras\u0131nda Finlandiya, Estonya, K\u0131z\u0131ldeniz ve Japonya\u2019y\u0131 ziyaret eden Badem, bu sefer de Hindistan\u2019a gidiyor. \u00dcstelik bir bavulun i\u00e7inde! Krali\u00e7e Lani Fil\u2019in kaybolan yavrusunu sizce bulabilecek mi? Gitmi\u015fken Fil Festivali\u2019ne u\u011framadan olur mu? Ganj Nehri\u2019nde y\u0131kanan filler, Ta\u00e7 Mahal\u2019in g\u00f6z kama\u015ft\u0131ran de\u011ferli ta\u015flar\u0131\u2026 Muzlar, Hindistan cevizleri ve en sevdikleri \u015fekerli pirin\u00e7 toplar\u0131! Fare Tap\u0131na\u011f\u0131\u2019nda \u015fa\u015fk\u0131nl\u0131k dolu anlar ve yeni dostluklar, yeni an\u0131lar\u2026   Badem, maceraya doymuyor\u2026 <\/p>\n","protected":false},"excerpt":{"rendered":"<p>Badem, ba\u015fka t\u00fcrl\u00fc bir kedi! Yeni \u00fclkeler g\u00f6rmeye ve ba\u015fka k\u00fclt\u00fcrleri \u00f6\u011frenmeye bay\u0131l\u0131yor. Bir \u00f6nceki maceras\u0131nda Finlandiya, Estonya, K\u0131z\u0131ldeniz ve Japonya\u2019y\u0131 ziyaret eden Badem, bu sefer<span class=\"excerpt-hellip\"> [\u2026]<\/span><\/p>\n","protected":false},"featured_media":0,"template":"","meta":{"_monsterinsights_skip_tracking":false,"_monsterinsights_sitenote_active":false,"_monsterinsights_sitenote_note":"","_monsterinsights_sitenote_category":0},"product_brand":[],"product_cat":[12274,12284],"product_tag":[],"class_list":{"0":"post-776693","1":"product","2":"type-product","3":"status-publish","5":"product_cat-cocuk-ve-genclik-kitaplari","6":"product_cat-hikayeler","7":"pa_cilt-ciltsiz","8":"pa_tur-kitap","9":"pa_yayinevi-luna-cocuk-yayinlari","10":"pa_yazar-ozlem-gencer","12":"first","13":"instock","14":"sale","15":"shipping-taxable","16":"purchasable","17":"product-type-simple"},"_links":{"self":[{"href":"https:\/\/roveyayinevi.com.tr\/index.php\/wp-json\/wp\/v2\/product\/776693","targetHints":{"allow":["GET"]}}],"collection":[{"href":"https:\/\/roveyayinevi.com.tr\/index.php\/wp-json\/wp\/v2\/product"}],"about":[{"href":"https:\/\/roveyayinevi.com.tr\/index.php\/wp-json\/wp\/v2\/types\/product"}],"wp:attachment":[{"href":"https:\/\/roveyayinevi.com.tr\/index.php\/wp-json\/wp\/v2\/media?parent=776693"}],"wp:term":[{"taxonomy":"product_brand","embeddable":true,"href":"https:\/\/roveyayinevi.com.tr\/index.php\/wp-json\/wp\/v2\/product_brand?post=776693"},{"taxonomy":"product_cat","embeddable":true,"href":"https:\/\/roveyayinevi.com.tr\/index.php\/wp-json\/wp\/v2\/product_cat?post=776693"},{"taxonomy":"product_tag","embeddable":true,"href":"https:\/\/roveyayinevi.com.tr\/index.php\/wp-json\/wp\/v2\/product_tag?post=776693"}],"curies":[{"name":"wp","href":"https:\/\/api.w.org\/{rel}","templated":true}]}}