{"id":776688,"date":"2025-10-01T20:53:04","date_gmt":"2025-10-01T17:53:04","guid":{"rendered":"https:\/\/roveyayinevi.com.tr\/index.php\/urun\/hizmetci-3\/"},"modified":"2026-04-16T03:03:42","modified_gmt":"2026-04-16T00:03:42","slug":"hizmetci-3","status":"publish","type":"product","link":"https:\/\/roveyayinevi.com.tr\/index.php\/urun\/hizmetci-3\/","title":{"rendered":"Hizmet\u00e7i"},"content":{"rendered":"<p>Nina Winchester zarif, maniku\u0308rlu\u0308 eliyle elimi s\u0131karak, \u201cAileye ho\u015f geldin,\u201d dedi. Kibarca gu\u0308lu\u0308mseyip mermer hole g\u00f6z gezdirdim. Burada \u00e7al\u0131\u015fmak, yeni bir ba\u015flang\u0131\u00e7 yapmak i\u00e7in son \u015fans\u0131md\u0131. \u0130stedi\u011fim k\u0131l\u0131\u011fa bu\u0308ru\u0308nebilirdim. Ama \u00e7ok ge\u00e7meden Winchesterlar\u0131n s\u0131rlar\u0131n\u0131n benimkinden \u00e7ok daha karanl\u0131k oldu\u011funu \u00f6\u011frenecektim. Her gu\u0308n Winchesterlar\u0131n evini ba\u015ftan sona temizliyor, k\u0131zlar\u0131n\u0131 okuldan al\u0131yordum. Onlara leziz yemekler yap\u0131yor, sonra en u\u0308st kattaki odama \u00e7\u0131k\u0131p yeme\u011fimi tek ba\u015f\u0131ma yiyordum. Nina\u2019n\u0131n s\u0131rf beni temizlik yaparken izlemek i\u00e7in evi da\u011f\u0131t\u0131p durmas\u0131na, kendi k\u0131z\u0131 hakk\u0131nda tuhaf yalanlar s\u00f6ylemesine ve kocas\u0131 Andrew\u2019un her gu\u0308n biraz daha \u00e7\u00f6kmesine ald\u0131r\u0131\u015f etmemeye \u00e7al\u0131\u015f\u0131yordum&#8230; Ama Andrew\u2019un keder dolu kahverengi g\u00f6zlerine bakt\u0131k\u00e7a Nina\u2019n\u0131n yerinde olman\u0131n nas\u0131l bir \u015fey olaca\u011f\u0131n\u0131 du\u0308\u015fu\u0308nmeden edemiyordum. Elbise dolab\u0131, lu\u0308ks arabas\u0131, mu\u0308kemmel kocas\u0131\u2026 Bir keresinde nas\u0131l duraca\u011f\u0131n\u0131 g\u00f6rmek i\u00e7in Nina\u2019n\u0131n bembeyaz elbiselerinden birini giydim. \u00c7ok ge\u00e7meden bunu \u00f6\u011frendi ve tavan aras\u0131ndaki odam\u0131n sadece d\u0131\u015far\u0131dan kilitlendi\u011fini fark etti\u011fimde art\u0131k \u00e7ok ge\u00e7ti. Ama kendimi sakinle\u015ftirdim: Winchesterlar beni tan\u0131m\u0131yorlard\u0131. Neler yapabilece\u011fimi bilmiyorlard\u0131\u2026 Sayfalar\u0131n\u0131 \u00e7evirmekten kendinizi al\u0131koyamayaca\u011f\u0131n\u0131z ters k\u00f6\u015felerle dolu muhte\u015fem bir eser. Penceredeki Kad\u0131n, Aram\u0131zdaki Kad\u0131n ve Trendeki K\u0131z kitaplar\u0131n\u0131 sevenler bu kitab\u0131 elinden b\u0131rakamayacak!<\/p>\n","protected":false},"excerpt":{"rendered":"<p>Nina Winchester zarif, maniku\u0308rlu\u0308 eliyle elimi s\u0131karak, \u201cAileye ho\u015f geldin,\u201d dedi. Kibarca gu\u0308lu\u0308mseyip mermer hole g\u00f6z gezdirdim. Burada \u00e7al\u0131\u015fmak, yeni bir ba\u015flang\u0131\u00e7 yapmak i\u00e7in son \u015fans\u0131md\u0131.<span class=\"excerpt-hellip\"> [\u2026]<\/span><\/p>\n","protected":false},"featured_media":0,"template":"","meta":{"_monsterinsights_skip_tracking":false,"_monsterinsights_sitenote_active":false,"_monsterinsights_sitenote_note":"","_monsterinsights_sitenote_category":0},"product_brand":[],"product_cat":[12291,12711],"product_tag":[],"class_list":{"0":"post-776688","1":"product","2":"type-product","3":"status-publish","5":"product_cat-edebiyat","6":"product_cat-roman-oyku","7":"pa_cilt-ciltsiz","8":"pa_tur-kitap","9":"pa_yayinevi-olimpos-yayinlari","10":"pa_yazar-freida-mcfadden","12":"first","13":"instock","14":"sale","15":"shipping-taxable","16":"purchasable","17":"product-type-simple"},"_links":{"self":[{"href":"https:\/\/roveyayinevi.com.tr\/index.php\/wp-json\/wp\/v2\/product\/776688","targetHints":{"allow":["GET"]}}],"collection":[{"href":"https:\/\/roveyayinevi.com.tr\/index.php\/wp-json\/wp\/v2\/product"}],"about":[{"href":"https:\/\/roveyayinevi.com.tr\/index.php\/wp-json\/wp\/v2\/types\/product"}],"wp:attachment":[{"href":"https:\/\/roveyayinevi.com.tr\/index.php\/wp-json\/wp\/v2\/media?parent=776688"}],"wp:term":[{"taxonomy":"product_brand","embeddable":true,"href":"https:\/\/roveyayinevi.com.tr\/index.php\/wp-json\/wp\/v2\/product_brand?post=776688"},{"taxonomy":"product_cat","embeddable":true,"href":"https:\/\/roveyayinevi.com.tr\/index.php\/wp-json\/wp\/v2\/product_cat?post=776688"},{"taxonomy":"product_tag","embeddable":true,"href":"https:\/\/roveyayinevi.com.tr\/index.php\/wp-json\/wp\/v2\/product_tag?post=776688"}],"curies":[{"name":"wp","href":"https:\/\/api.w.org\/{rel}","templated":true}]}}