{"id":776686,"date":"2025-10-01T08:28:27","date_gmt":"2025-10-01T05:28:27","guid":{"rendered":"https:\/\/roveyayinevi.com.tr\/index.php\/urun\/delicayda-bes-inci\/"},"modified":"2026-02-03T03:13:11","modified_gmt":"2026-02-03T00:13:11","slug":"delicayda-bes-inci","status":"publish","type":"product","link":"https:\/\/roveyayinevi.com.tr\/index.php\/urun\/delicayda-bes-inci\/","title":{"rendered":"Deli\u00e7ay&#8217;da Be\u015f \u0130nci"},"content":{"rendered":"<p>Bir yolculuk roman\u0131, bir amaca adanm\u0131\u015fl\u0131\u011f\u0131n ger\u00e7ek \u00f6yk\u00fcs\u00fc, Kendine d\u00f6n\u00fc\u015f ve kendini bulu\u015fun anlat\u0131s\u0131\u2026 Ya\u015fam, her canl\u0131 i\u00e7in ayr\u0131 bir yolculuk. Baz\u0131 canl\u0131lar, ya\u015fam ama\u00e7lar\u0131yla beraber g\u00f6zlerini a\u00e7\u0131yorlar d\u00fcnyaya. DEL\u0130\u00c7AY\u2019IN BE\u015e \u0130NC\u0130S\u0130\u2019nin de ya\u015famlar\u0131 bu ama\u00e7 etraf\u0131nda \u015fekilleniyor ve zorlu bir maceraya d\u00f6n\u00fc\u015f\u00fcyor. Bu kitapta, inci kefallerinin varl\u0131klar\u0131n\u0131 s\u00fcrd\u00fcrebilmek i\u00e7in girdikleri s\u00fcr\u00fckleyici bir yol hik\u00e2yesine tan\u0131kl\u0131k ederken kendi ya\u015fam\u0131n\u0131zdaki ama\u00e7lar i\u00e7in yeterince \u00e7aba g\u00f6steriyor muyum, diye de soracaks\u0131n\u0131z kendinize. YA\u015eAM\u2026 YOL\u2026 SEVG\u0130\u2026SAYGI\u2026UMUT\u2026<\/p>\n","protected":false},"excerpt":{"rendered":"<p>Bir yolculuk roman\u0131, bir amaca adanm\u0131\u015fl\u0131\u011f\u0131n ger\u00e7ek \u00f6yk\u00fcs\u00fc, Kendine d\u00f6n\u00fc\u015f ve kendini bulu\u015fun anlat\u0131s\u0131\u2026 Ya\u015fam, her canl\u0131 i\u00e7in ayr\u0131 bir yolculuk. Baz\u0131 canl\u0131lar, ya\u015fam ama\u00e7lar\u0131yla beraber<span class=\"excerpt-hellip\"> [\u2026]<\/span><\/p>\n","protected":false},"featured_media":0,"template":"","meta":{"_monsterinsights_skip_tracking":false,"_monsterinsights_sitenote_active":false,"_monsterinsights_sitenote_note":"","_monsterinsights_sitenote_category":0},"product_brand":[],"product_cat":[12689,12274],"product_tag":[],"class_list":{"0":"post-776686","1":"product","2":"type-product","3":"status-publish","5":"product_cat-cizgi-roman-cocuk-ve-genclik-kitaplari","6":"product_cat-cocuk-ve-genclik-kitaplari","7":"pa_cilt-ciltsiz","8":"pa_tur-kitap","9":"pa_yayinevi-parmak-cocuk-yayinlari","10":"pa_yazar-aydin-balci","12":"first","13":"instock","14":"sale","15":"shipping-taxable","16":"purchasable","17":"product-type-simple"},"_links":{"self":[{"href":"https:\/\/roveyayinevi.com.tr\/index.php\/wp-json\/wp\/v2\/product\/776686","targetHints":{"allow":["GET"]}}],"collection":[{"href":"https:\/\/roveyayinevi.com.tr\/index.php\/wp-json\/wp\/v2\/product"}],"about":[{"href":"https:\/\/roveyayinevi.com.tr\/index.php\/wp-json\/wp\/v2\/types\/product"}],"wp:attachment":[{"href":"https:\/\/roveyayinevi.com.tr\/index.php\/wp-json\/wp\/v2\/media?parent=776686"}],"wp:term":[{"taxonomy":"product_brand","embeddable":true,"href":"https:\/\/roveyayinevi.com.tr\/index.php\/wp-json\/wp\/v2\/product_brand?post=776686"},{"taxonomy":"product_cat","embeddable":true,"href":"https:\/\/roveyayinevi.com.tr\/index.php\/wp-json\/wp\/v2\/product_cat?post=776686"},{"taxonomy":"product_tag","embeddable":true,"href":"https:\/\/roveyayinevi.com.tr\/index.php\/wp-json\/wp\/v2\/product_tag?post=776686"}],"curies":[{"name":"wp","href":"https:\/\/api.w.org\/{rel}","templated":true}]}}