{"id":776683,"date":"2025-10-01T06:43:22","date_gmt":"2025-10-01T03:43:22","guid":{"rendered":"https:\/\/roveyayinevi.com.tr\/index.php\/urun\/dahi-messi\/"},"modified":"2026-04-16T02:39:55","modified_gmt":"2026-04-15T23:39:55","slug":"dahi-messi","status":"publish","type":"product","link":"https:\/\/roveyayinevi.com.tr\/index.php\/urun\/dahi-messi\/","title":{"rendered":"Dahi Messi"},"content":{"rendered":"<p>\u2022 Poster HediyeliKendime inand\u0131m. Daima ne istedi\u011fimi ve ne istemedi\u011fimi iyi biliyorum. Ba\u015farmak istedim ve ne gerekirse yapt\u0131m. Ba\u015far\u0131l\u0131 hayat\u0131m\u0131 s\u00fcrd\u00fcrmek i\u00e7in de ne gerekirse yapt\u0131m. En iyi oldu\u011fumda da rahatlamad\u0131m  Zafere doymad\u0131m. \u201cZaten en iyisi benim,\u201d demedim.Daha iyisi olmaya \u00e7abalad\u0131m.Her an daha iyisi olmaya devam ediyorum.Sen de ba\u015faracaks\u0131n.\u0130nan, \u00e7al\u0131\u015f ve vazge\u00e7me\u2026Lionel Messi<\/p>\n","protected":false},"excerpt":{"rendered":"<p>\u2022 Poster HediyeliKendime inand\u0131m. Daima ne istedi\u011fimi ve ne istemedi\u011fimi iyi biliyorum. Ba\u015farmak istedim ve ne gerekirse yapt\u0131m. Ba\u015far\u0131l\u0131 hayat\u0131m\u0131 s\u00fcrd\u00fcrmek i\u00e7in de ne gerekirse yapt\u0131m.<span class=\"excerpt-hellip\"> [\u2026]<\/span><\/p>\n","protected":false},"featured_media":0,"template":"","meta":{"_monsterinsights_skip_tracking":false,"_monsterinsights_sitenote_active":false,"_monsterinsights_sitenote_note":"","_monsterinsights_sitenote_category":0},"product_brand":[],"product_cat":[15563,15564],"product_tag":[],"class_list":{"0":"post-776683","1":"product","2":"type-product","3":"status-publish","5":"product_cat-hobi","6":"product_cat-spor","7":"pa_cilt-ciltsiz","8":"pa_tur-kitap","9":"pa_yayinevi-dokuz-yayinlari","10":"pa_yazar-diego-roberto","12":"first","13":"instock","14":"sale","15":"shipping-taxable","16":"purchasable","17":"product-type-simple"},"_links":{"self":[{"href":"https:\/\/roveyayinevi.com.tr\/index.php\/wp-json\/wp\/v2\/product\/776683","targetHints":{"allow":["GET"]}}],"collection":[{"href":"https:\/\/roveyayinevi.com.tr\/index.php\/wp-json\/wp\/v2\/product"}],"about":[{"href":"https:\/\/roveyayinevi.com.tr\/index.php\/wp-json\/wp\/v2\/types\/product"}],"wp:attachment":[{"href":"https:\/\/roveyayinevi.com.tr\/index.php\/wp-json\/wp\/v2\/media?parent=776683"}],"wp:term":[{"taxonomy":"product_brand","embeddable":true,"href":"https:\/\/roveyayinevi.com.tr\/index.php\/wp-json\/wp\/v2\/product_brand?post=776683"},{"taxonomy":"product_cat","embeddable":true,"href":"https:\/\/roveyayinevi.com.tr\/index.php\/wp-json\/wp\/v2\/product_cat?post=776683"},{"taxonomy":"product_tag","embeddable":true,"href":"https:\/\/roveyayinevi.com.tr\/index.php\/wp-json\/wp\/v2\/product_tag?post=776683"}],"curies":[{"name":"wp","href":"https:\/\/api.w.org\/{rel}","templated":true}]}}