{"id":776682,"date":"2025-10-01T06:39:31","date_gmt":"2025-10-01T03:39:31","guid":{"rendered":"https:\/\/roveyayinevi.com.tr\/index.php\/urun\/kirik-suhve\/"},"modified":"2026-04-16T02:39:13","modified_gmt":"2026-04-15T23:39:13","slug":"kirik-suhve","status":"publish","type":"product","link":"https:\/\/roveyayinevi.com.tr\/index.php\/urun\/kirik-suhve\/","title":{"rendered":"K\u0131r\u0131k S\u00fchve"},"content":{"rendered":"<p>A\u015fk bir intiharken k\u0131r\u0131lm\u0131\u015f bir ihtimaldi affetmek.   Ey\u015fan Akay, hayata dair keskin \u00e7izgileri olan bir kad\u0131nd\u0131. Kalbini kazanmaya \u00e7al\u0131\u015fan adam ise iki ya\u015fam aras\u0131nda s\u0131k\u0131\u015f\u0131p kalm\u0131\u015ft\u0131. Onu sevmesindeki en b\u00fcy\u00fck engel bizzat kendisiydi ve kendisine ra\u011fmen sevdi, ona g\u00fcvendi.   Oysa hi\u00e7bir \u015fey g\u00f6r\u00fcnd\u00fc\u011f\u00fc gibi de\u011fildi. Ortaya \u00e7\u0131kan ger\u00e7ekler, a\u015fklar\u0131n\u0131 bir mum gibi yak\u0131p a\u011f\u0131r a\u011f\u0131r t\u00fcketti. Kalplerini birbirine ba\u011flayan hisler, art\u0131k bir idam ipinin ruhlar\u0131na dolanan ilme\u011fi h\u00e2line gelmi\u015fti.   \u201cG\u00f6\u011fs\u00fcme bir yabanc\u0131n\u0131n izleri, zihnime bir yalanc\u0131n\u0131n hat\u0131ralar\u0131 kaz\u0131nm\u0131\u015ft\u0131. Yitiriyordum, ona kand\u0131\u011f\u0131m her an, kendimi varl\u0131\u011f\u0131nda yitiriyordum.\u201d<\/p>\n","protected":false},"excerpt":{"rendered":"<p>A\u015fk bir intiharken k\u0131r\u0131lm\u0131\u015f bir ihtimaldi affetmek. Ey\u015fan Akay, hayata dair keskin \u00e7izgileri olan bir kad\u0131nd\u0131. Kalbini kazanmaya \u00e7al\u0131\u015fan adam ise iki ya\u015fam aras\u0131nda s\u0131k\u0131\u015f\u0131p kalm\u0131\u015ft\u0131.<span class=\"excerpt-hellip\"> [\u2026]<\/span><\/p>\n","protected":false},"featured_media":0,"template":"","meta":{"_monsterinsights_skip_tracking":false,"_monsterinsights_sitenote_active":false,"_monsterinsights_sitenote_note":"","_monsterinsights_sitenote_category":0},"product_brand":[],"product_cat":[12291,12711],"product_tag":[],"class_list":{"0":"post-776682","1":"product","2":"type-product","3":"status-publish","5":"product_cat-edebiyat","6":"product_cat-roman-oyku","7":"pa_cilt-ciltsiz","8":"pa_tur-kitap","9":"pa_yayinevi-dokuz-yayinlari","10":"pa_yazar-umran-tan","12":"first","13":"instock","14":"sale","15":"shipping-taxable","16":"purchasable","17":"product-type-simple"},"_links":{"self":[{"href":"https:\/\/roveyayinevi.com.tr\/index.php\/wp-json\/wp\/v2\/product\/776682","targetHints":{"allow":["GET"]}}],"collection":[{"href":"https:\/\/roveyayinevi.com.tr\/index.php\/wp-json\/wp\/v2\/product"}],"about":[{"href":"https:\/\/roveyayinevi.com.tr\/index.php\/wp-json\/wp\/v2\/types\/product"}],"wp:attachment":[{"href":"https:\/\/roveyayinevi.com.tr\/index.php\/wp-json\/wp\/v2\/media?parent=776682"}],"wp:term":[{"taxonomy":"product_brand","embeddable":true,"href":"https:\/\/roveyayinevi.com.tr\/index.php\/wp-json\/wp\/v2\/product_brand?post=776682"},{"taxonomy":"product_cat","embeddable":true,"href":"https:\/\/roveyayinevi.com.tr\/index.php\/wp-json\/wp\/v2\/product_cat?post=776682"},{"taxonomy":"product_tag","embeddable":true,"href":"https:\/\/roveyayinevi.com.tr\/index.php\/wp-json\/wp\/v2\/product_tag?post=776682"}],"curies":[{"name":"wp","href":"https:\/\/api.w.org\/{rel}","templated":true}]}}