{"id":776681,"date":"2025-10-01T06:25:35","date_gmt":"2025-10-01T03:25:35","guid":{"rendered":"https:\/\/roveyayinevi.com.tr\/index.php\/urun\/isik-kafasi-karisik\/"},"modified":"2025-10-01T06:25:35","modified_gmt":"2025-10-01T03:25:35","slug":"isik-kafasi-karisik","status":"publish","type":"product","link":"https:\/\/roveyayinevi.com.tr\/index.php\/urun\/isik-kafasi-karisik\/","title":{"rendered":"I\u015f\u0131k Kafas\u0131 Kar\u0131\u015f\u0131k"},"content":{"rendered":"<p>I\u015f\u0131k\u2019\u0131 tan\u0131yan herkes onun kafas\u0131n\u0131n biraz kar\u0131\u015f\u0131k oldu\u011funu bilir&#8230;Kafas\u0131 kar\u0131\u015f\u0131k olabilir ama hayat\u0131nda her \u015fey o kadar d\u00fczenlidir ki g\u00f6rsen nas\u0131l bu kadar d\u00fczenli olabilir diye d\u00fc\u015f\u00fcnmekten senin de kafan kar\u0131\u015fabilir.I\u015f\u0131k hep ayn\u0131 \u015feyleri, ayn\u0131 d\u00fczende ya\u015famaktan \u015fikayet etmez, \u00e7\u00fcnk\u00fc de\u011fi\u015fiklikten korkar!Korktu\u011fu zamanlarda ise kafas\u0131 kar\u0131\u015f\u0131r, ama \u00f6nce karn\u0131 a\u011fr\u0131r, midesi bulan\u0131r, \u00e7ok korkarsa ate\u015fi bile \u00e7\u0131kar.\u0130\u015fte hikayemiz tam burada ba\u015fl\u0131yor, I\u015f\u0131k\u2019\u0131n hayat\u0131n\u0131 alt \u00fcst edecek bir de\u011fi\u015fiklik\u2026 \u00c7ok b\u00fcy\u00fck bir de\u011fi\u015fiklik!<\/p>\n","protected":false},"excerpt":{"rendered":"<p>I\u015f\u0131k\u2019\u0131 tan\u0131yan herkes onun kafas\u0131n\u0131n biraz kar\u0131\u015f\u0131k oldu\u011funu bilir&#8230;Kafas\u0131 kar\u0131\u015f\u0131k olabilir ama hayat\u0131nda her \u015fey o kadar d\u00fczenlidir ki g\u00f6rsen nas\u0131l bu kadar d\u00fczenli olabilir diye<span class=\"excerpt-hellip\"> [\u2026]<\/span><\/p>\n","protected":false},"featured_media":0,"template":"","meta":{"_monsterinsights_skip_tracking":false,"_monsterinsights_sitenote_active":false,"_monsterinsights_sitenote_note":"","_monsterinsights_sitenote_category":0},"product_brand":[],"product_cat":[12275,12274],"product_tag":[],"class_list":{"0":"post-776681","1":"product","2":"type-product","3":"status-publish","5":"product_cat-6-12-yas-kitaplari","6":"product_cat-cocuk-ve-genclik-kitaplari","7":"pa_cilt-ciltsiz","8":"pa_tur-kitap","9":"pa_yayinevi-yesil-dinozor","10":"pa_yazar-ilkay-marangoz","12":"first","13":"instock","14":"sale","15":"shipping-taxable","16":"purchasable","17":"product-type-simple"},"_links":{"self":[{"href":"https:\/\/roveyayinevi.com.tr\/index.php\/wp-json\/wp\/v2\/product\/776681","targetHints":{"allow":["GET"]}}],"collection":[{"href":"https:\/\/roveyayinevi.com.tr\/index.php\/wp-json\/wp\/v2\/product"}],"about":[{"href":"https:\/\/roveyayinevi.com.tr\/index.php\/wp-json\/wp\/v2\/types\/product"}],"wp:attachment":[{"href":"https:\/\/roveyayinevi.com.tr\/index.php\/wp-json\/wp\/v2\/media?parent=776681"}],"wp:term":[{"taxonomy":"product_brand","embeddable":true,"href":"https:\/\/roveyayinevi.com.tr\/index.php\/wp-json\/wp\/v2\/product_brand?post=776681"},{"taxonomy":"product_cat","embeddable":true,"href":"https:\/\/roveyayinevi.com.tr\/index.php\/wp-json\/wp\/v2\/product_cat?post=776681"},{"taxonomy":"product_tag","embeddable":true,"href":"https:\/\/roveyayinevi.com.tr\/index.php\/wp-json\/wp\/v2\/product_tag?post=776681"}],"curies":[{"name":"wp","href":"https:\/\/api.w.org\/{rel}","templated":true}]}}