{"id":776679,"date":"2025-10-01T06:24:51","date_gmt":"2025-10-01T03:24:51","guid":{"rendered":"https:\/\/roveyayinevi.com.tr\/index.php\/urun\/damlanin-yolculugu-pedagog-onayli\/"},"modified":"2026-04-16T02:37:09","modified_gmt":"2026-04-15T23:37:09","slug":"damlanin-yolculugu-pedagog-onayli","status":"publish","type":"product","link":"https:\/\/roveyayinevi.com.tr\/index.php\/urun\/damlanin-yolculugu-pedagog-onayli\/","title":{"rendered":"Damla\u2019nin Yolculu\u011fu (Pedagog Onayl\u0131)"},"content":{"rendered":"<p>Sari do\u011fay\u0131, do\u011fada olmay\u0131 \u00e7ok sever. Do\u011fa da onu \u00e7ok sevmi\u015f olmal\u0131 ki, ona bir ya\u011fmur damlas\u0131 hediye etmi\u015f. Sen de kar\u0131\u015f do\u011faya, bulan \u00e7amura, sar\u0131l a\u011fa\u00e7lara. Bakal\u0131m do\u011fa sana neler hediye edecek?<\/p>\n","protected":false},"excerpt":{"rendered":"<p>Sari do\u011fay\u0131, do\u011fada olmay\u0131 \u00e7ok sever. Do\u011fa da onu \u00e7ok sevmi\u015f olmal\u0131 ki, ona bir ya\u011fmur damlas\u0131 hediye etmi\u015f. Sen de kar\u0131\u015f do\u011faya, bulan \u00e7amura, sar\u0131l<span class=\"excerpt-hellip\"> [\u2026]<\/span><\/p>\n","protected":false},"featured_media":0,"template":"","meta":{"_monsterinsights_skip_tracking":false,"_monsterinsights_sitenote_active":false,"_monsterinsights_sitenote_note":"","_monsterinsights_sitenote_category":0},"product_brand":[],"product_cat":[12274,12284],"product_tag":[],"class_list":{"0":"post-776679","1":"product","2":"type-product","3":"status-publish","5":"product_cat-cocuk-ve-genclik-kitaplari","6":"product_cat-hikayeler","7":"pa_cilt-ciltsiz","8":"pa_tur-kitap","9":"pa_yayinevi-dokuz-yayinlari","10":"pa_yazar-zeynep-guneri","12":"first","13":"instock","14":"sale","15":"shipping-taxable","16":"purchasable","17":"product-type-simple"},"_links":{"self":[{"href":"https:\/\/roveyayinevi.com.tr\/index.php\/wp-json\/wp\/v2\/product\/776679","targetHints":{"allow":["GET"]}}],"collection":[{"href":"https:\/\/roveyayinevi.com.tr\/index.php\/wp-json\/wp\/v2\/product"}],"about":[{"href":"https:\/\/roveyayinevi.com.tr\/index.php\/wp-json\/wp\/v2\/types\/product"}],"wp:attachment":[{"href":"https:\/\/roveyayinevi.com.tr\/index.php\/wp-json\/wp\/v2\/media?parent=776679"}],"wp:term":[{"taxonomy":"product_brand","embeddable":true,"href":"https:\/\/roveyayinevi.com.tr\/index.php\/wp-json\/wp\/v2\/product_brand?post=776679"},{"taxonomy":"product_cat","embeddable":true,"href":"https:\/\/roveyayinevi.com.tr\/index.php\/wp-json\/wp\/v2\/product_cat?post=776679"},{"taxonomy":"product_tag","embeddable":true,"href":"https:\/\/roveyayinevi.com.tr\/index.php\/wp-json\/wp\/v2\/product_tag?post=776679"}],"curies":[{"name":"wp","href":"https:\/\/api.w.org\/{rel}","templated":true}]}}