{"id":776678,"date":"2025-10-01T06:12:14","date_gmt":"2025-10-01T03:12:14","guid":{"rendered":"https:\/\/roveyayinevi.com.tr\/index.php\/urun\/toplumsal-arastirma-yontemleri-2-cilt-takim\/"},"modified":"2026-04-16T02:35:20","modified_gmt":"2026-04-15T23:35:20","slug":"toplumsal-arastirma-yontemleri-2-cilt-takim","status":"publish","type":"product","link":"https:\/\/roveyayinevi.com.tr\/index.php\/urun\/toplumsal-arastirma-yontemleri-2-cilt-takim\/","title":{"rendered":"Toplumsal Ara\u015ft\u0131rma Y\u00f6ntemleri ( 2 Cilt Tak\u0131m)"},"content":{"rendered":"<p>W. Lawrence Neuman\u2019\u0131n, ilk kez 2006\u2019da yay\u0131nlanan ve d\u00fcnyan\u0131n pek \u00e7ok \u00fclkesinde sosyal bilimlerle ilgilenen akademisyenlerin, \u00f6\u011fretmenlerin, \u00f6\u011frencilerin ve ara\u015ft\u0131rmac\u0131lar\u0131n ba\u015fucu kaynaklar\u0131ndan biri haline d\u00f6n\u00fc\u015fen Social Research Methods kitab\u0131n\u0131n son bask\u0131s\u0131n\u0131n elinizdeki \u00e7evirisi, T\u00fcrkiye\u2019de sosyal bilimlerin \u00e7atall\u0131 yollar\u0131nda ilerleyen ara\u015ft\u0131rmac\u0131lar ve ara\u015ft\u0131rmaya yeni ba\u015flayan \u00f6\u011frenciler i\u00e7in m\u00fctevaz\u0131 bir k\u0131lavuz olma amac\u0131n\u0131 ta\u015f\u0131yor. Kitapta nitel ve nicel toplumsal ara\u015ft\u0131rma y\u00f6ntemleri, farkl\u0131 bilimsel paradigmalar\u0131n ontolojik, epistemolojik ve metodolojik \u00f6ng\u00f6r\u00fcleri dikkate al\u0131narak, bir ara\u015ft\u0131rman\u0131n ilk a\u015famas\u0131ndan son a\u015famas\u0131na b\u00fct\u00fcn ayr\u0131nt\u0131lar\u0131yla ve zengin \u00f6rneklerle i\u015fleniyor.<\/p>\n","protected":false},"excerpt":{"rendered":"<p>W. Lawrence Neuman\u2019\u0131n, ilk kez 2006\u2019da yay\u0131nlanan ve d\u00fcnyan\u0131n pek \u00e7ok \u00fclkesinde sosyal bilimlerle ilgilenen akademisyenlerin, \u00f6\u011fretmenlerin, \u00f6\u011frencilerin ve ara\u015ft\u0131rmac\u0131lar\u0131n ba\u015fucu kaynaklar\u0131ndan biri haline d\u00f6n\u00fc\u015fen Social<span class=\"excerpt-hellip\"> [\u2026]<\/span><\/p>\n","protected":false},"featured_media":0,"template":"","meta":{"_monsterinsights_skip_tracking":false,"_monsterinsights_sitenote_active":false,"_monsterinsights_sitenote_note":"","_monsterinsights_sitenote_category":0},"product_brand":[],"product_cat":[12325,12324],"product_tag":[],"class_list":{"0":"post-776678","1":"product","2":"type-product","3":"status-publish","5":"product_cat-diger-sosyoloji","6":"product_cat-sosyoloji","7":"pa_cilt-ciltsiz","8":"pa_tur-kitap","9":"pa_yayinevi-siyasal-kitabevi-akademik-kitaplar","10":"pa_yazar-w-lawrence-neuman","12":"first","13":"instock","14":"sale","15":"shipping-taxable","16":"purchasable","17":"product-type-simple"},"_links":{"self":[{"href":"https:\/\/roveyayinevi.com.tr\/index.php\/wp-json\/wp\/v2\/product\/776678","targetHints":{"allow":["GET"]}}],"collection":[{"href":"https:\/\/roveyayinevi.com.tr\/index.php\/wp-json\/wp\/v2\/product"}],"about":[{"href":"https:\/\/roveyayinevi.com.tr\/index.php\/wp-json\/wp\/v2\/types\/product"}],"wp:attachment":[{"href":"https:\/\/roveyayinevi.com.tr\/index.php\/wp-json\/wp\/v2\/media?parent=776678"}],"wp:term":[{"taxonomy":"product_brand","embeddable":true,"href":"https:\/\/roveyayinevi.com.tr\/index.php\/wp-json\/wp\/v2\/product_brand?post=776678"},{"taxonomy":"product_cat","embeddable":true,"href":"https:\/\/roveyayinevi.com.tr\/index.php\/wp-json\/wp\/v2\/product_cat?post=776678"},{"taxonomy":"product_tag","embeddable":true,"href":"https:\/\/roveyayinevi.com.tr\/index.php\/wp-json\/wp\/v2\/product_tag?post=776678"}],"curies":[{"name":"wp","href":"https:\/\/api.w.org\/{rel}","templated":true}]}}