{"id":776677,"date":"2025-10-01T06:06:44","date_gmt":"2025-10-01T03:06:44","guid":{"rendered":"https:\/\/roveyayinevi.com.tr\/index.php\/urun\/arkadasima-ne-oldu\/"},"modified":"2026-04-16T02:34:42","modified_gmt":"2026-04-15T23:34:42","slug":"arkadasima-ne-oldu","status":"publish","type":"product","link":"https:\/\/roveyayinevi.com.tr\/index.php\/urun\/arkadasima-ne-oldu\/","title":{"rendered":"Arkada\u015f\u0131ma Ne Oldu?"},"content":{"rendered":"<p>G\u00fclperi ile Can \u00e7ok yak\u0131n iki arkada\u015f ama bir g\u00fcn hi\u00e7 beklenmedik bir \u015fey oldu ve bu iki iyi arkada\u015f\u0131n aras\u0131 bozuldu. G\u00fclperi Can\u2019a \u00e7ok k\u0131r\u0131lm\u0131\u015f, Can ise G\u00fclperi\u2019ye&#8230; Neden mi? Nedeni her ikisi i\u00e7in de farkl\u0131 galiba.. Kitab\u0131n bir y\u00fcz\u00fcnde olay\u0131 Can\u2019\u0131n a\u00e7\u0131s\u0131ndan dinleyebilirsin. Ama bir de tersinden oku\u2026  Di\u011fer y\u00fcz\u00fcnde ise G\u00fclperi\u2019nin hik\u00e2yesi bekliyor seni. Acaba kim hakl\u0131? \u0130ki arkada\u015f\u0131n g\u00f6z\u00fcnden farkl\u0131 a\u00e7\u0131lardan  duruma bakabilir ve karar verebilirsin. Belki tek bir hakl\u0131 yoktur kim bilir? \u00dcstelik kitab\u0131n resimleri sizler gibi bir \u00e7ocuk taraf\u0131ndan \u00e7izildi.  Hik\u00e2yelerin sonundaki etkinlikleri yapmay\u0131 da unutmay\u0131n sak\u0131n.  Empati, farkl\u0131l\u0131klara sayg\u0131 ve problem \u00e7\u00f6zme gibi \u00e7ok \u00f6nemli ve \u00e7ocuklarda zor geli\u015fen  temel sosyal duygusal becerileri desteklemek \u00fczere yaz\u0131lm\u0131\u015f ve \u00e7ocuk bir \u00e7izerin g\u00f6z\u00fc ile \u00e7izilmi\u015f olan bu kitapta hik\u00e2ye iki kahraman\u0131n farkl\u0131 bak\u0131\u015f a\u00e7\u0131s\u0131 ile iki kez sunulmakta. Her hik\u00e2yenin sonunda \u00f6nerilen problem \u00e7\u00f6zme etkinli\u011fi, drama \u00e7al\u0131\u015fmas\u0131, yarat\u0131c\u0131 etkinlikleri de ebeveynlerin ya da \u00f6\u011fretmenlerin \u00e7ocuklarla nitelikli vakit ge\u00e7irirken onlar\u0131n sosyal duygusal becerilerini farkl\u0131 ve e\u011flenceli bir y\u00f6ntem ile desteklemelerine f\u0131rsat vermekte. Do\u00e7. Dr. Nalan Kuru uzmanl\u0131k alan\u0131 olan erken \u00e7ocukluk d\u00f6neminde sosyal duygusal \u00f6\u011frenme konusunda uzun y\u0131llard\u0131r \u00e7e\u015fitli \u00fcniversitelerde lisans ve lisans\u00fcst\u00fc dersler vermekte, \u00f6\u011fretmenler, ebeveynler ve ruh sa\u011fl\u0131\u011f\u0131 personelleri ile \u00e7e\u015fitli e\u011fitimler, seminerler, at\u00f6lye \u00e7al\u0131\u015fmalar\u0131 ger\u00e7ekle\u015ftirmektedir. Bir\u00e7ok bilimsel \u00e7al\u0131\u015fman\u0131n birikimi sonucu ortaya \u00e7\u0131kan bu kitab\u0131n resimleri yazar\u0131n on ya\u015f\u0131ndaki kendi k\u0131z\u0131 taraf\u0131ndan \u00e7ocuk g\u00f6z\u00fcyle \u00e7izildi. <\/p>\n","protected":false},"excerpt":{"rendered":"<p>G\u00fclperi ile Can \u00e7ok yak\u0131n iki arkada\u015f ama bir g\u00fcn hi\u00e7 beklenmedik bir \u015fey oldu ve bu iki iyi arkada\u015f\u0131n aras\u0131 bozuldu. G\u00fclperi Can\u2019a \u00e7ok k\u0131r\u0131lm\u0131\u015f,<span class=\"excerpt-hellip\"> [\u2026]<\/span><\/p>\n","protected":false},"featured_media":0,"template":"","meta":{"_monsterinsights_skip_tracking":false,"_monsterinsights_sitenote_active":false,"_monsterinsights_sitenote_note":"","_monsterinsights_sitenote_category":0},"product_brand":[],"product_cat":[12275,12274],"product_tag":[],"class_list":{"0":"post-776677","1":"product","2":"type-product","3":"status-publish","5":"product_cat-6-12-yas-kitaplari","6":"product_cat-cocuk-ve-genclik-kitaplari","7":"pa_cilt-ciltsiz","8":"pa_tur-kitap","9":"pa_yayinevi-sola-kidz","10":"pa_yazar-nalan-kuru","12":"first","13":"instock","14":"sale","15":"shipping-taxable","16":"purchasable","17":"product-type-simple"},"_links":{"self":[{"href":"https:\/\/roveyayinevi.com.tr\/index.php\/wp-json\/wp\/v2\/product\/776677","targetHints":{"allow":["GET"]}}],"collection":[{"href":"https:\/\/roveyayinevi.com.tr\/index.php\/wp-json\/wp\/v2\/product"}],"about":[{"href":"https:\/\/roveyayinevi.com.tr\/index.php\/wp-json\/wp\/v2\/types\/product"}],"wp:attachment":[{"href":"https:\/\/roveyayinevi.com.tr\/index.php\/wp-json\/wp\/v2\/media?parent=776677"}],"wp:term":[{"taxonomy":"product_brand","embeddable":true,"href":"https:\/\/roveyayinevi.com.tr\/index.php\/wp-json\/wp\/v2\/product_brand?post=776677"},{"taxonomy":"product_cat","embeddable":true,"href":"https:\/\/roveyayinevi.com.tr\/index.php\/wp-json\/wp\/v2\/product_cat?post=776677"},{"taxonomy":"product_tag","embeddable":true,"href":"https:\/\/roveyayinevi.com.tr\/index.php\/wp-json\/wp\/v2\/product_tag?post=776677"}],"curies":[{"name":"wp","href":"https:\/\/api.w.org\/{rel}","templated":true}]}}