{"id":776676,"date":"2025-10-01T06:04:36","date_gmt":"2025-10-01T03:04:36","guid":{"rendered":"https:\/\/roveyayinevi.com.tr\/index.php\/urun\/mutlulugun-fethi\/"},"modified":"2026-04-13T02:42:20","modified_gmt":"2026-04-12T23:42:20","slug":"mutlulugun-fethi","status":"publish","type":"product","link":"https:\/\/roveyayinevi.com.tr\/index.php\/urun\/mutlulugun-fethi\/","title":{"rendered":"Mutlulu\u011fun Fethi"},"content":{"rendered":"<p>\u201cA\u015f\u0131r\u0131 g\u00f6steri\u015fle, para arzusuyla, h\u0131rsla b\u00fcy\u00fclenmi\u015f ve k\u0131\u015fk\u0131rt\u0131lm\u0131\u015f \u00e7a\u011fda\u015flar\u0131m\u0131z\u0131n \u00e7o\u011fu, mutlulu\u011fun krallara yara\u015f\u0131r yolundan \u00e7ok uzaktad\u0131rlar. Sahip olduklar\u0131 \u015feyi ararlar ve arad\u0131klar\u0131 \u015feyi asla bulamazlar. Kurtulu\u015f i\u00e7 huzurdad\u0131r, sadeliktedir, bedeni sa\u011fl\u0131kl\u0131 b\u0131rakan ve zek\u00e2y\u0131 sa\u011fl\u0131kl\u0131 ve dik k\u0131lan \u00e7al\u0131\u015fmadad\u0131r, s\u0131rayla hareket etmeyi ve hayat\u0131n derin yasalar\u0131na itaat etmeyi i\u00e7eren ger\u00e7ek istirahattedir, dostluk ve ailenin sevincine izin veren, sars\u0131nt\u0131s\u0131z, tatl\u0131 ve sakin hayattad\u0131r, do\u011fa ile ayn\u0131 duygu ve d\u00fc\u015f\u00fcnce i\u00e7inde olmad\u0131r, sanat, edebiyat, tarih, bilim ve felsefenin b\u00fcy\u00fcs\u00fcndedir&#8230;\u201d Mutlulu\u011fun Fethi Jules Payot taraf\u0131ndan 20. Y\u00fczy\u0131l\u0131n ba\u015flar\u0131nda kaleme al\u0131nm\u0131\u015f bir ki\u015fisel geli\u015fim kitab\u0131d\u0131r. Yazar mutlulu\u011fu elde etmenin yolunu, \u00e7ok uzaklarda aramadan, kendinizi tan\u0131maktan ge\u00e7ti\u011fini, sizi yoran aldat\u0131c\u0131 duygu ve d\u00fc\u015f\u00fcncelerden ka\u00e7\u0131nmak oldu\u011funu, kurtulu\u015fun i\u00e7 huzurda, sa\u011fl\u0131kta ve sadelikte oldu\u011funu vurgular. Kitab\u0131 okurken t\u00fcm olumsuz duygu ve d\u00fc\u015f\u00fcncelerinizden s\u0131yr\u0131ld\u0131\u011f\u0131n\u0131z\u0131 ve mutlulu\u011fun kendi i\u00e7inizde oldu\u011funu fark edeceksiniz.  <\/p>\n","protected":false},"excerpt":{"rendered":"<p>\u201cA\u015f\u0131r\u0131 g\u00f6steri\u015fle, para arzusuyla, h\u0131rsla b\u00fcy\u00fclenmi\u015f ve k\u0131\u015fk\u0131rt\u0131lm\u0131\u015f \u00e7a\u011fda\u015flar\u0131m\u0131z\u0131n \u00e7o\u011fu, mutlulu\u011fun krallara yara\u015f\u0131r yolundan \u00e7ok uzaktad\u0131rlar. Sahip olduklar\u0131 \u015feyi ararlar ve arad\u0131klar\u0131 \u015feyi asla bulamazlar. Kurtulu\u015f<span class=\"excerpt-hellip\"> [\u2026]<\/span><\/p>\n","protected":false},"featured_media":0,"template":"","meta":{"_monsterinsights_skip_tracking":false,"_monsterinsights_sitenote_active":false,"_monsterinsights_sitenote_note":"","_monsterinsights_sitenote_category":0},"product_brand":[],"product_cat":[12364,12376],"product_tag":[],"class_list":{"0":"post-776676","1":"product","2":"type-product","3":"status-publish","5":"product_cat-genel-konular","6":"product_cat-kisisel-gelisim","7":"pa_cilt-ciltsiz","8":"pa_tur-kitap","9":"pa_yayinevi-dokuz-yayinlari","10":"pa_yazar-jules-payot","12":"first","13":"instock","14":"sale","15":"shipping-taxable","16":"purchasable","17":"product-type-simple"},"_links":{"self":[{"href":"https:\/\/roveyayinevi.com.tr\/index.php\/wp-json\/wp\/v2\/product\/776676","targetHints":{"allow":["GET"]}}],"collection":[{"href":"https:\/\/roveyayinevi.com.tr\/index.php\/wp-json\/wp\/v2\/product"}],"about":[{"href":"https:\/\/roveyayinevi.com.tr\/index.php\/wp-json\/wp\/v2\/types\/product"}],"wp:attachment":[{"href":"https:\/\/roveyayinevi.com.tr\/index.php\/wp-json\/wp\/v2\/media?parent=776676"}],"wp:term":[{"taxonomy":"product_brand","embeddable":true,"href":"https:\/\/roveyayinevi.com.tr\/index.php\/wp-json\/wp\/v2\/product_brand?post=776676"},{"taxonomy":"product_cat","embeddable":true,"href":"https:\/\/roveyayinevi.com.tr\/index.php\/wp-json\/wp\/v2\/product_cat?post=776676"},{"taxonomy":"product_tag","embeddable":true,"href":"https:\/\/roveyayinevi.com.tr\/index.php\/wp-json\/wp\/v2\/product_tag?post=776676"}],"curies":[{"name":"wp","href":"https:\/\/api.w.org\/{rel}","templated":true}]}}