{"id":776674,"date":"2025-10-01T05:53:59","date_gmt":"2025-10-01T02:53:59","guid":{"rendered":"https:\/\/roveyayinevi.com.tr\/index.php\/urun\/buyuk-besteciler\/"},"modified":"2026-04-16T02:32:45","modified_gmt":"2026-04-15T23:32:45","slug":"buyuk-besteciler","status":"publish","type":"product","link":"https:\/\/roveyayinevi.com.tr\/index.php\/urun\/buyuk-besteciler\/","title":{"rendered":"B\u00fcy\u00fck Besteciler"},"content":{"rendered":"<p>Yirminci y\u00fczy\u0131l\u0131n en \u00f6nemli klasik m\u00fczik otoritelerinden biri olan Amerikal\u0131 ele\u015ftirmen Harold C. Schonberg (1915-2003), bu g\u00f6rkemli kitapta klasik Bat\u0131 m\u00fczi\u011finin temellerine iniyor ve onun filizlenme evresinden olgunluk \u00e7a\u011f\u0131na uzanan geli\u015fim seyrini inceliyor. Kitap, Avrupa modernitesinin ilk d\u00f6neminde operan\u0131n ve Barok m\u00fczi\u011fin do\u011fu\u015fundan ba\u015flay\u0131p Klasisizm, Romantizm, Sembolizm gibi \u00e7a\u011flar\u0131 ustal\u0131kla b\u00fct\u00fcnle\u015ftiriyor ve okurlar\u0131na panoramik bir bak\u0131\u015f sunuyor. Bunu yaparken bir yandan da bestecilerin ya\u015fam \u00f6yk\u00fclerine tek tek de\u011finerek bize m\u00fczikal dehan\u0131n tarihini g\u00f6steriyor. Bach\u2019tan Mozart\u2019a, Beethoven\u2019dan Chopin\u2019e, Wagner\u2019den \u00c7aykovski\u2019ye klasik m\u00fczik bestecilerinin hayat\u0131 ve aralar\u0131ndaki sanatsal etkile\u015fime dair bir\u00e7ok ayr\u0131nt\u0131 \u015fa\u015f\u0131rt\u0131c\u0131 anekdotlar e\u015fli\u011finde ortaya \u00e7\u0131k\u0131yor. \u015eunu rahatl\u0131kla s\u00f6yleyebiliriz ki B\u00fcy\u00fck Besteciler her m\u00fczikseverin k\u00fct\u00fcphanesi i\u00e7in ba\u015fucu kitab\u0131 olmaya namzet. <\/p>\n","protected":false},"excerpt":{"rendered":"<p>Yirminci y\u00fczy\u0131l\u0131n en \u00f6nemli klasik m\u00fczik otoritelerinden biri olan Amerikal\u0131 ele\u015ftirmen Harold C. Schonberg (1915-2003), bu g\u00f6rkemli kitapta klasik Bat\u0131 m\u00fczi\u011finin temellerine iniyor ve onun filizlenme<span class=\"excerpt-hellip\"> [\u2026]<\/span><\/p>\n","protected":false},"featured_media":0,"template":"","meta":{"_monsterinsights_skip_tracking":false,"_monsterinsights_sitenote_active":false,"_monsterinsights_sitenote_note":"","_monsterinsights_sitenote_category":0},"product_brand":[],"product_cat":[40414,12408],"product_tag":[],"class_list":{"0":"post-776674","1":"product","2":"type-product","3":"status-publish","5":"product_cat-referans-kitaplar-sanat","6":"product_cat-sanat","7":"pa_cilt-ciltsiz","8":"pa_tur-kitap","9":"pa_yayinevi-vakifbank-kultur-yayinlari","10":"pa_yazar-harold-c-schonberg","12":"first","13":"instock","14":"sale","15":"shipping-taxable","16":"purchasable","17":"product-type-simple"},"_links":{"self":[{"href":"https:\/\/roveyayinevi.com.tr\/index.php\/wp-json\/wp\/v2\/product\/776674","targetHints":{"allow":["GET"]}}],"collection":[{"href":"https:\/\/roveyayinevi.com.tr\/index.php\/wp-json\/wp\/v2\/product"}],"about":[{"href":"https:\/\/roveyayinevi.com.tr\/index.php\/wp-json\/wp\/v2\/types\/product"}],"wp:attachment":[{"href":"https:\/\/roveyayinevi.com.tr\/index.php\/wp-json\/wp\/v2\/media?parent=776674"}],"wp:term":[{"taxonomy":"product_brand","embeddable":true,"href":"https:\/\/roveyayinevi.com.tr\/index.php\/wp-json\/wp\/v2\/product_brand?post=776674"},{"taxonomy":"product_cat","embeddable":true,"href":"https:\/\/roveyayinevi.com.tr\/index.php\/wp-json\/wp\/v2\/product_cat?post=776674"},{"taxonomy":"product_tag","embeddable":true,"href":"https:\/\/roveyayinevi.com.tr\/index.php\/wp-json\/wp\/v2\/product_tag?post=776674"}],"curies":[{"name":"wp","href":"https:\/\/api.w.org\/{rel}","templated":true}]}}