{"id":776673,"date":"2025-10-01T05:32:16","date_gmt":"2025-10-01T02:32:16","guid":{"rendered":"https:\/\/roveyayinevi.com.tr\/index.php\/urun\/rus-edebiyatinin-mihenk-taslari\/"},"modified":"2026-04-16T02:29:25","modified_gmt":"2026-04-15T23:29:25","slug":"rus-edebiyatinin-mihenk-taslari","status":"publish","type":"product","link":"https:\/\/roveyayinevi.com.tr\/index.php\/urun\/rus-edebiyatinin-mihenk-taslari\/","title":{"rendered":"Rus Edebiyat\u0131n\u0131n Mihenk Ta\u015flar\u0131"},"content":{"rendered":"<p>Rus edebiyat\u0131, Bat\u0131 edebiyatlar\u0131yla etkile\u015fim s\u00fcrecinde 19. Y\u00fczy\u0131ldan itibaren salt al\u0131c\u0131 olmaktan \u00e7\u0131k\u0131p etkileyene de d\u00f6n\u00fc\u015fm\u00fc\u015ft\u00fcr. Bu ba\u015far\u0131y\u0131 g\u00f6steren listede d\u00fcnya klasikleri aras\u0131na girmi\u015f onlarca yazar, eser, \u00e7ok say\u0131da ele\u015ftirmen ve bilim insan\u0131n\u0131n ad\u0131 kay\u0131tl\u0131d\u0131r. S\u00f6z konusu ba\u015far\u0131y\u0131 tetikleyen g\u00fc\u00e7 olarak edebiyat ele\u015ftirisi, edebiyat tarihi, edebiyat kuram\u0131 alanlar\u0131nda yap\u0131lan \u00e7al\u0131\u015fmalar; \u00e7eviriler, periyodikler, yay\u0131nc\u0131lar\u0131n \u00e7abalar\u0131 da kayda de\u011ferdir.Rus Edebiyat\u0131n\u0131n Mihenk Ta\u015flar\u0131\u2019nda hedeflenen Rus edebiyat\u0131n\u0131 Rus edebiyat\u0131 yapan yenilik\u00e7i uygulamalara dikkat \u00e7ekmektir. Bununla birlikte kitab\u0131n Rus edebiyat\u0131n\u0131 \u015fekillendiren yenilikleri ve de\u011fer \u00f6l\u00e7\u00fctlerini b\u00fct\u00fcn\u00fcyle inceledi\u011fi iddias\u0131 yoktur. B\u00f6yle bir iddia ger\u00e7ek\u00e7i de olmazd\u0131. Rus Edebiyat\u0131n\u0131n Mihenk Ta\u015flar\u0131 yap\u0131lmas\u0131 planlanan incelemelerin ilki ve Rus edebiyat\u0131n\u0131n ay\u0131r\u0131c\u0131 niteliklerini genel hatlar\u0131yla g\u00f6steren bir \u00e7al\u0131\u015fma olarak okunmal\u0131d\u0131r.<\/p>\n","protected":false},"excerpt":{"rendered":"<p>Rus edebiyat\u0131, Bat\u0131 edebiyatlar\u0131yla etkile\u015fim s\u00fcrecinde 19. Y\u00fczy\u0131ldan itibaren salt al\u0131c\u0131 olmaktan \u00e7\u0131k\u0131p etkileyene de d\u00f6n\u00fc\u015fm\u00fc\u015ft\u00fcr. Bu ba\u015far\u0131y\u0131 g\u00f6steren listede d\u00fcnya klasikleri aras\u0131na girmi\u015f onlarca yazar,<span class=\"excerpt-hellip\"> [\u2026]<\/span><\/p>\n","protected":false},"featured_media":0,"template":"","meta":{"_monsterinsights_skip_tracking":false,"_monsterinsights_sitenote_active":false,"_monsterinsights_sitenote_note":"","_monsterinsights_sitenote_category":0},"product_brand":[],"product_cat":[12291,13570],"product_tag":[],"class_list":{"0":"post-776673","1":"product","2":"type-product","3":"status-publish","5":"product_cat-edebiyat","6":"product_cat-rus-edebiyati","7":"pa_cilt-ciltsiz","8":"pa_tur-kitap","9":"pa_yayinevi-hece-yayinlari","10":"pa_yazar-birsen-karaca","12":"first","13":"instock","14":"sale","15":"shipping-taxable","16":"purchasable","17":"product-type-simple"},"_links":{"self":[{"href":"https:\/\/roveyayinevi.com.tr\/index.php\/wp-json\/wp\/v2\/product\/776673","targetHints":{"allow":["GET"]}}],"collection":[{"href":"https:\/\/roveyayinevi.com.tr\/index.php\/wp-json\/wp\/v2\/product"}],"about":[{"href":"https:\/\/roveyayinevi.com.tr\/index.php\/wp-json\/wp\/v2\/types\/product"}],"wp:attachment":[{"href":"https:\/\/roveyayinevi.com.tr\/index.php\/wp-json\/wp\/v2\/media?parent=776673"}],"wp:term":[{"taxonomy":"product_brand","embeddable":true,"href":"https:\/\/roveyayinevi.com.tr\/index.php\/wp-json\/wp\/v2\/product_brand?post=776673"},{"taxonomy":"product_cat","embeddable":true,"href":"https:\/\/roveyayinevi.com.tr\/index.php\/wp-json\/wp\/v2\/product_cat?post=776673"},{"taxonomy":"product_tag","embeddable":true,"href":"https:\/\/roveyayinevi.com.tr\/index.php\/wp-json\/wp\/v2\/product_tag?post=776673"}],"curies":[{"name":"wp","href":"https:\/\/api.w.org\/{rel}","templated":true}]}}