{"id":776671,"date":"2025-10-01T05:28:38","date_gmt":"2025-10-01T02:28:38","guid":{"rendered":"https:\/\/roveyayinevi.com.tr\/index.php\/urun\/nehir-is-serisi-2\/"},"modified":"2026-04-16T02:29:15","modified_gmt":"2026-04-15T23:29:15","slug":"nehir-is-serisi-2","status":"publish","type":"product","link":"https:\/\/roveyayinevi.com.tr\/index.php\/urun\/nehir-is-serisi-2\/","title":{"rendered":"Nehir -\u0130s Serisi 2"},"content":{"rendered":"<p>\u0130s, oynad\u0131\u011f\u0131 piyesteki kendini bir t\u00fcrl\u00fc g\u00f6stermeyen Mantus karakterinin kim oldu\u011funu merak etmektedir. Mantus\u2019un yak\u0131nda oyuna kat\u0131laca\u011f\u0131n\u0131 \u00f6\u011frenen \u0130s, Mantus\u2019u beklerken ya\u015fayacaklar\u0131ndan bihaberdir. S\u0131rlar\u0131n yava\u015f yava\u015f a\u00e7\u0131\u011fa \u00e7\u0131kmaya ba\u015flamas\u0131 ve yeni insanlar\u0131n hayat\u0131na ayak basmas\u0131yla birlikte \u0130s art\u0131k \u00e7ok farkl\u0131 bir insana d\u00f6n\u00fc\u015ft\u00fc\u011f\u00fcn\u00fc fark eder. Korhan\u2019\u0131n ondan saklad\u0131\u011f\u0131 b\u00fcy\u00fck bir \u015fey vard\u0131r, fakat bu nedir? \u015e\u00fcphenin, g\u00fcven denizine d\u00f6k\u00fclmesiyle suyun rengini buland\u0131rmas\u0131 \u00fczerine, \u0130s kendini bir \u00e7\u0131kmazda bulacakt\u0131r. A\u015fk ise t\u00fcm bu bulan\u0131kl\u0131\u011fa ra\u011fmen onun i\u00e7in h\u00e2l\u00e2 en berrak oland\u0131r. Serinin ikinci kitab\u0131nda, d\u00fc\u011f\u00fcmler \u00e7\u00f6z\u00fclmeye, yalanlar\u0131n g\u00f6lgesi silinmeye ba\u015fl\u0131yor.   Bu bana b\u0131rakt\u0131\u011f\u0131 ka\u00e7\u0131nc\u0131 yara iziydi? Buz gibi olmu\u015f ellerime ra\u011fmen avu\u00e7lar\u0131mda \u015feytan\u0131n kanatlar\u0131ndan akan ate\u015fi ta\u015f\u0131yormu\u015fum gibi hissediyordum. Ate\u015fin kavurdu\u011fu avu\u00e7lar\u0131m\u0131n ikisini de so\u011fu\u011fun b\u0131\u00e7ak gibi dikildi\u011fi demir parmakl\u0131ktan yap\u0131lma b\u00fcy\u00fck kap\u0131ya bast\u0131rd\u0131m, kap\u0131y\u0131 ittim, sanki g\u00f6\u011fs\u00fcm\u00fcn alt\u0131ndaki kalbi de bo\u011faz\u0131ma do\u011fru itiyordum ayn\u0131 yanan avu\u00e7lar\u0131mla. Suyun kalp at\u0131\u015flar\u0131n\u0131 duyuyordum. Suyun nefesini hissediyordum. Suyun beni takip etti\u011fini biliyordum. Sa\u011flam bast\u0131\u011f\u0131m ad\u0131mlar\u0131m\u0131n ta\u015f\u0131d\u0131\u011f\u0131 o titreyen ruhumun elleri \u015fimdi kalbimdeydi; kalbimin at\u0131\u015flar\u0131 ilk defa bu kadarsessizdi. <\/p>\n","protected":false},"excerpt":{"rendered":"<p>\u0130s, oynad\u0131\u011f\u0131 piyesteki kendini bir t\u00fcrl\u00fc g\u00f6stermeyen Mantus karakterinin kim oldu\u011funu merak etmektedir. Mantus\u2019un yak\u0131nda oyuna kat\u0131laca\u011f\u0131n\u0131 \u00f6\u011frenen \u0130s, Mantus\u2019u beklerken ya\u015fayacaklar\u0131ndan bihaberdir. S\u0131rlar\u0131n yava\u015f yava\u015f<span class=\"excerpt-hellip\"> [\u2026]<\/span><\/p>\n","protected":false},"featured_media":0,"template":"","meta":{"_monsterinsights_skip_tracking":false,"_monsterinsights_sitenote_active":false,"_monsterinsights_sitenote_note":"","_monsterinsights_sitenote_category":0},"product_brand":[],"product_cat":[12291,12711],"product_tag":[],"class_list":{"0":"post-776671","1":"product","2":"type-product","3":"status-publish","5":"product_cat-edebiyat","6":"product_cat-roman-oyku","7":"pa_cilt-ciltsiz","8":"pa_tur-kitap","9":"pa_yayinevi-dokuz-yayinlari","10":"pa_yazar-binnur-safak-nigiz","12":"first","13":"instock","14":"sale","15":"shipping-taxable","16":"purchasable","17":"product-type-simple"},"_links":{"self":[{"href":"https:\/\/roveyayinevi.com.tr\/index.php\/wp-json\/wp\/v2\/product\/776671","targetHints":{"allow":["GET"]}}],"collection":[{"href":"https:\/\/roveyayinevi.com.tr\/index.php\/wp-json\/wp\/v2\/product"}],"about":[{"href":"https:\/\/roveyayinevi.com.tr\/index.php\/wp-json\/wp\/v2\/types\/product"}],"wp:attachment":[{"href":"https:\/\/roveyayinevi.com.tr\/index.php\/wp-json\/wp\/v2\/media?parent=776671"}],"wp:term":[{"taxonomy":"product_brand","embeddable":true,"href":"https:\/\/roveyayinevi.com.tr\/index.php\/wp-json\/wp\/v2\/product_brand?post=776671"},{"taxonomy":"product_cat","embeddable":true,"href":"https:\/\/roveyayinevi.com.tr\/index.php\/wp-json\/wp\/v2\/product_cat?post=776671"},{"taxonomy":"product_tag","embeddable":true,"href":"https:\/\/roveyayinevi.com.tr\/index.php\/wp-json\/wp\/v2\/product_tag?post=776671"}],"curies":[{"name":"wp","href":"https:\/\/api.w.org\/{rel}","templated":true}]}}